{"id":467,"date":"2019-09-18T12:56:37","date_gmt":"2019-09-18T10:56:37","guid":{"rendered":"https:\/\/www.hqwargames.com\/?page_id=467"},"modified":"2019-09-19T17:41:07","modified_gmt":"2019-09-19T15:41:07","slug":"el-blog-de-headquarter","status":"publish","type":"page","link":"https:\/\/www.hqwargames.com\/index.php\/el-blog-de-headquarter\/","title":{"rendered":"El Blog de Headquarter"},"content":{"rendered":"\t\t<div data-elementor-type=\"wp-page\" data-elementor-id=\"467\" class=\"elementor elementor-467\">\n\t\t\t\t\t\t<div class=\"elementor-inner\">\n\t\t\t\t<div class=\"elementor-section-wrap\">\n\t\t\t\t\t\t\t\t\t<section class=\"elementor-section elementor-top-section elementor-element elementor-element-43a2dcd elementor-section-boxed elementor-section-height-default elementor-section-height-default\" data-id=\"43a2dcd\" data-element_type=\"section\">\n\t\t\t\t\t\t<div class=\"elementor-container elementor-column-gap-default\">\n\t\t\t\t\t\t\t<div class=\"elementor-row\">\n\t\t\t\t\t<div class=\"elementor-column elementor-col-100 elementor-top-column elementor-element elementor-element-8ce950e\" data-id=\"8ce950e\" data-element_type=\"column\">\n\t\t\t<div class=\"elementor-column-wrap elementor-element-populated\">\n\t\t\t\t\t\t\t<div class=\"elementor-widget-wrap\">\n\t\t\t\t\t\t<div class=\"elementor-element elementor-element-9f33c23 elementor-widget elementor-widget-heading\" data-id=\"9f33c23\" data-element_type=\"widget\" data-widget_type=\"heading.default\">\n\t\t\t\t<div class=\"elementor-widget-container\">\n\t\t\t<h1 class=\"elementor-heading-title elementor-size-default\">El blog de Headquarter<\/h1>\t\t<\/div>\n\t\t\t\t<\/div>\n\t\t\t\t<section class=\"elementor-section elementor-inner-section elementor-element elementor-element-6d5d214 elementor-section-boxed elementor-section-height-default elementor-section-height-default\" data-id=\"6d5d214\" data-element_type=\"section\">\n\t\t\t\t\t\t<div class=\"elementor-container elementor-column-gap-default\">\n\t\t\t\t\t\t\t<div class=\"elementor-row\">\n\t\t\t\t\t<div class=\"elementor-column elementor-col-50 elementor-inner-column elementor-element elementor-element-b613082\" data-id=\"b613082\" data-element_type=\"column\">\n\t\t\t<div class=\"elementor-column-wrap elementor-element-populated\">\n\t\t\t\t\t\t\t<div class=\"elementor-widget-wrap\">\n\t\t\t\t\t\t<div class=\"elementor-element elementor-element-c9d2f3a elementor-widget elementor-widget-text-editor\" data-id=\"c9d2f3a\" data-element_type=\"widget\" data-widget_type=\"text-editor.default\">\n\t\t\t\t<div class=\"elementor-widget-container\">\n\t\t\t\t\t\t\t\t<div class=\"elementor-text-editor elementor-clearfix\">\n\t\t\t\t<p><strong>22\/10\/2018<\/strong><\/p><p><strong>La aventura de Hidalgo de Cisneros<\/strong><\/p>\t\t\t\t\t<\/div>\n\t\t\t\t\t\t<\/div>\n\t\t\t\t<\/div>\n\t\t\t\t<div class=\"elementor-element elementor-element-41322f8 elementor-widget elementor-widget-image\" data-id=\"41322f8\" data-element_type=\"widget\" data-widget_type=\"image.default\">\n\t\t\t\t<div class=\"elementor-widget-container\">\n\t\t\t\t\t\t\t\t<div class=\"elementor-image\">\n\t\t\t\t\t\t\t\t\t\t\t\t<img width=\"403\" height=\"403\" src=\"https:\/\/www.hqwargames.com\/wp-content\/uploads\/2019\/09\/cisneros-2.jpg\" class=\"attachment-large size-large\" alt=\"\" loading=\"lazy\" srcset=\"https:\/\/www.hqwargames.com\/wp-content\/uploads\/2019\/09\/cisneros-2.jpg 403w, https:\/\/www.hqwargames.com\/wp-content\/uploads\/2019\/09\/cisneros-2-100x100.jpg 100w, https:\/\/www.hqwargames.com\/wp-content\/uploads\/2019\/09\/cisneros-2-150x150.jpg 150w, https:\/\/www.hqwargames.com\/wp-content\/uploads\/2019\/09\/cisneros-2-300x300.jpg 300w\" sizes=\"(max-width: 403px) 100vw, 403px\" \/>\t\t\t\t\t\t\t\t\t\t\t\t\t\t<\/div>\n\t\t\t\t\t\t<\/div>\n\t\t\t\t<\/div>\n\t\t\t\t<div class=\"elementor-element elementor-element-395d190 elementor-widget elementor-widget-text-editor\" data-id=\"395d190\" data-element_type=\"widget\" data-widget_type=\"text-editor.default\">\n\t\t\t\t<div class=\"elementor-widget-container\">\n\t\t\t\t\t\t\t\t<div class=\"elementor-text-editor elementor-clearfix\">\n\t\t\t\t<p>18 de Marzo de 1937. Frente de Guadalajara.<\/p><p>Diez d\u00edas despu\u00e9s del inicio de la ofensiva de la CTV hacia Guadalajara, cuando la Fuerza A\u00e9rea Republicana estaba al mando del aire, Hidalgo de Cisneros, comandante en jefe de la FARE (la fuerza a\u00e9rea republicana) decidi\u00f3 volar en su propio avi\u00f3n para ver el avi\u00f3n. Situaci\u00f3n en el campo de batalla y el caos en las l\u00edneas italianas despu\u00e9s del ataque a\u00e9reo en la ma\u00f1ana. Esta acci\u00f3n podr\u00eda ser imprudente ya que podr\u00eda ser atacado por combatientes enemigos.<\/p><p>Este es su propio relato de lo que sucedi\u00f3:<\/p><p>\u201cUno de esos d\u00edas, cuando regresaba con mi avi\u00f3n, cansado pero feliz por el comportamiento de nuestros pilotos ese d\u00eda, vi a un caza Fiat con las insignias fascistas a mi derecha, e inmediatamente apareci\u00f3 otro a mi izquierda. Estaba muy asustado. como se puede imaginar. Mi primera reacci\u00f3n fue sentirme est\u00fapido, \u00a1tan f\u00e1cilmente me hab\u00edan atrapado!. Hice lo \u00fanico que pude hacer, un picado profundo casi para llegar al suelo, pero, naturalmente, los dos Fiat hicieron lo mismo y se situaron muy cerca de m\u00ed. Para mi sorpresa, no abrieron fuego, pens\u00e9 que me quer\u00edan como prisionero, pero de repente uno de ellos me salud\u00f3 con la mano y entonces me di cuenta de lo que hab\u00eda sucedido. Hace unos d\u00edas, cinco Fiat vinieron de Italia aterriz\u00f3 por error en uno de nuestros aer\u00f3dromos, dos lograron escapar, pero los otros tres fueron capturados. Estos dos aviones estaban siendo probados siguiendo mis \u00f3rdenes, pero me hab\u00eda olvidado de ellos, los mec\u00e1nicos tambi\u00e9n se han olvidado de quitar las banderas fascistas.<\/p>\t\t\t\t\t<\/div>\n\t\t\t\t\t\t<\/div>\n\t\t\t\t<\/div>\n\t\t\t\t\t\t<\/div>\n\t\t\t\t\t<\/div>\n\t\t<\/div>\n\t\t\t\t<div class=\"elementor-column elementor-col-50 elementor-inner-column elementor-element elementor-element-30320e9\" data-id=\"30320e9\" data-element_type=\"column\">\n\t\t\t<div class=\"elementor-column-wrap elementor-element-populated\">\n\t\t\t\t\t\t\t<div class=\"elementor-widget-wrap\">\n\t\t\t\t\t\t<div class=\"elementor-element elementor-element-339065b elementor-widget elementor-widget-text-editor\" data-id=\"339065b\" data-element_type=\"widget\" data-widget_type=\"text-editor.default\">\n\t\t\t\t<div class=\"elementor-widget-container\">\n\t\t\t\t\t\t\t\t<div class=\"elementor-text-editor elementor-clearfix\">\n\t\t\t\t<p><strong>27\/08\/2018\u00a0 \u00a0 \u00a0<\/strong><\/p><p><strong>&#8216;Pour Dieu et pour elle&#8217;\u00a0<\/strong><\/p>\t\t\t\t\t<\/div>\n\t\t\t\t\t\t<\/div>\n\t\t\t\t<\/div>\n\t\t\t\t<div class=\"elementor-element elementor-element-fe922b1 elementor-widget elementor-widget-image\" data-id=\"fe922b1\" data-element_type=\"widget\" data-widget_type=\"image.default\">\n\t\t\t\t<div class=\"elementor-widget-container\">\n\t\t\t\t\t\t\t\t<div class=\"elementor-image\">\n\t\t\t\t\t\t\t\t\t\t\t\t<img width=\"337\" height=\"443\" src=\"https:\/\/www.hqwargames.com\/wp-content\/uploads\/2019\/09\/ElisabethStuart2.jpg\" class=\"attachment-large size-large\" alt=\"\" loading=\"lazy\" srcset=\"https:\/\/www.hqwargames.com\/wp-content\/uploads\/2019\/09\/ElisabethStuart2.jpg 337w, https:\/\/www.hqwargames.com\/wp-content\/uploads\/2019\/09\/ElisabethStuart2-228x300.jpg 228w\" sizes=\"(max-width: 337px) 100vw, 337px\" \/>\t\t\t\t\t\t\t\t\t\t\t\t\t\t<\/div>\n\t\t\t\t\t\t<\/div>\n\t\t\t\t<\/div>\n\t\t\t\t<div class=\"elementor-element elementor-element-28f1495 elementor-widget elementor-widget-text-editor\" data-id=\"28f1495\" data-element_type=\"widget\" data-widget_type=\"text-editor.default\">\n\t\t\t\t<div class=\"elementor-widget-container\">\n\t\t\t\t\t\t\t\t<div class=\"elementor-text-editor elementor-clearfix\">\n\t\t\t\t<div>Oto\u00f1o de 1621, el joven Cristian de Brunswick, se declar\u00f3 a s\u00ed mismo por la causa de los protestantes. Algunos a\u00f1os antes, en 1616, fue elegido administrador luterano del Pr\u00edncipe-Obispado de Halberstadt. Esta posici\u00f3n le proporcion\u00f3 las finanzas necesarias para comenzar una carrera militar. Los cat\u00f3licos lo llamaron \u2018el falso obispo\u2019. Los j\u00f3venes cristianos amaban la guerra y odiaban a los cat\u00f3licos.<\/div><div>Despu\u00e9s de la derrota de los protestantes en la batalla de la \u201cMonta\u00f1a Blanca\u201d el 8 de noviembre de 1620, vio la oportunidad de liderar por s\u00ed mismo la causa protestante. Form\u00f3 un ej\u00e9rcito y se declar\u00f3 de una manera rom\u00e1ntica apasionadamente enamorado, de una manera caballeresca de Elizabeth, la esposa de Federico V, \u2018La Reina de Bohemia\u2019.<\/div><div>En una ocasi\u00f3n que conocieron, la bella reina perdi\u00f3 un guante. Christian lo vio y r\u00e1pidamente tom\u00f3 el guante del suelo y con una reverencia le dijo: \u201cMadame, le devolver\u00e9 el guante una vez que estemos en el Palatinado\u201d.<\/div><div>A partir de este momento, llevaba el guante cosido a su sombrero con esta inscripci\u00f3n, \u2018Pour Dieu et pour elle\u2019 (Por Dios y por ella), una blasfemia de hecho, ya que se refer\u00eda a Isabel, no a la madre de Jes\u00fas.<\/div>\t\t\t\t\t<\/div>\n\t\t\t\t\t\t<\/div>\n\t\t\t\t<\/div>\n\t\t\t\t\t\t<\/div>\n\t\t\t\t\t<\/div>\n\t\t<\/div>\n\t\t\t\t\t\t\t\t<\/div>\n\t\t\t\t\t<\/div>\n\t\t<\/section>\n\t\t\t\t\t\t<\/div>\n\t\t\t\t\t<\/div>\n\t\t<\/div>\n\t\t\t\t\t\t\t\t<\/div>\n\t\t\t\t\t<\/div>\n\t\t<\/section>\n\t\t\t\t<section class=\"elementor-section elementor-top-section elementor-element elementor-element-b6255a5 elementor-section-boxed elementor-section-height-default elementor-section-height-default\" data-id=\"b6255a5\" data-element_type=\"section\">\n\t\t\t\t\t\t<div class=\"elementor-container elementor-column-gap-default\">\n\t\t\t\t\t\t\t<div class=\"elementor-row\">\n\t\t\t\t\t<div class=\"elementor-column elementor-col-100 elementor-top-column elementor-element elementor-element-f0dbc47\" data-id=\"f0dbc47\" data-element_type=\"column\">\n\t\t\t<div class=\"elementor-column-wrap elementor-element-populated\">\n\t\t\t\t\t\t\t<div class=\"elementor-widget-wrap\">\n\t\t\t\t\t\t<section class=\"elementor-section elementor-inner-section elementor-element elementor-element-95c06da elementor-section-boxed elementor-section-height-default elementor-section-height-default\" data-id=\"95c06da\" data-element_type=\"section\">\n\t\t\t\t\t\t<div class=\"elementor-container elementor-column-gap-default\">\n\t\t\t\t\t\t\t<div class=\"elementor-row\">\n\t\t\t\t\t<div class=\"elementor-column elementor-col-50 elementor-inner-column elementor-element elementor-element-5860620\" data-id=\"5860620\" data-element_type=\"column\">\n\t\t\t<div class=\"elementor-column-wrap elementor-element-populated\">\n\t\t\t\t\t\t\t<div class=\"elementor-widget-wrap\">\n\t\t\t\t\t\t<div class=\"elementor-element elementor-element-20c64f0 elementor-widget elementor-widget-text-editor\" data-id=\"20c64f0\" data-element_type=\"widget\" data-widget_type=\"text-editor.default\">\n\t\t\t\t<div class=\"elementor-widget-container\">\n\t\t\t\t\t\t\t\t<div class=\"elementor-text-editor elementor-clearfix\">\n\t\t\t\t<p><strong>05\/10\/2018<\/strong><\/p><p><strong>Ravenstein capturado<\/strong><\/p>\t\t\t\t\t<\/div>\n\t\t\t\t\t\t<\/div>\n\t\t\t\t<\/div>\n\t\t\t\t<div class=\"elementor-element elementor-element-6d3fc32 elementor-widget elementor-widget-image\" data-id=\"6d3fc32\" data-element_type=\"widget\" data-widget_type=\"image.default\">\n\t\t\t\t<div class=\"elementor-widget-container\">\n\t\t\t\t\t\t\t\t<div class=\"elementor-image\">\n\t\t\t\t\t\t\t\t\t\t\t\t<img width=\"191\" height=\"216\" src=\"https:\/\/www.hqwargames.com\/wp-content\/uploads\/2019\/09\/ravenstein.jpg\" class=\"attachment-large size-large\" alt=\"\" loading=\"lazy\" \/>\t\t\t\t\t\t\t\t\t\t\t\t\t\t<\/div>\n\t\t\t\t\t\t<\/div>\n\t\t\t\t<\/div>\n\t\t\t\t<div class=\"elementor-element elementor-element-e964d99 elementor-widget elementor-widget-text-editor\" data-id=\"e964d99\" data-element_type=\"widget\" data-widget_type=\"text-editor.default\">\n\t\t\t\t<div class=\"elementor-widget-container\">\n\t\t\t\t\t\t\t\t<div class=\"elementor-text-editor elementor-clearfix\">\n\t\t\t\t<p>Invierno de 1941, frente de Africa del Norte.<\/p><p>Durante la ofensiva brit\u00e1nica en la Operaci\u00f3n Crusader, Erwin Rommel estuvo dos veces a punto de caer en manos brit\u00e1nicas. Peor suerte tuvo al general Ravenstein, comandante de la 21\u00aa divisi\u00f3n Panzer que fue capturado el 29 de diciembre por soldados de la 2\u00aa Divisi\u00f3n de Nueva Zelanda en una lucha confusa cerca de Sidi Rezegh. Inicialmente, no sab\u00edan qui\u00e9n era el prisionero que dec\u00eda ser el coronel Schmidt, esperando que no entendieran sus verdadero rango. Pero cuando lo llevaron a ver al general Freyberg en el cuartel general de la Divisi\u00f3n, prevaleci\u00f3 la etiqueta militar\u00a0 Prusiana\u00a0 y se present\u00f3 en voz alta \u201c\u00a1Von Ravenstein !, general\u201d.<\/p>\t\t\t\t\t<\/div>\n\t\t\t\t\t\t<\/div>\n\t\t\t\t<\/div>\n\t\t\t\t\t\t<\/div>\n\t\t\t\t\t<\/div>\n\t\t<\/div>\n\t\t\t\t<div class=\"elementor-column elementor-col-50 elementor-inner-column elementor-element elementor-element-471b3ba\" data-id=\"471b3ba\" data-element_type=\"column\">\n\t\t\t<div class=\"elementor-column-wrap elementor-element-populated\">\n\t\t\t\t\t\t\t<div class=\"elementor-widget-wrap\">\n\t\t\t\t\t\t<div class=\"elementor-element elementor-element-e70543f elementor-widget elementor-widget-text-editor\" data-id=\"e70543f\" data-element_type=\"widget\" data-widget_type=\"text-editor.default\">\n\t\t\t\t<div class=\"elementor-widget-container\">\n\t\t\t\t\t\t\t\t<div class=\"elementor-text-editor elementor-clearfix\">\n\t\t\t\t<p><strong>23\/08\/2018<\/strong><\/p><p><strong>Kondor capturado<\/strong><\/p><p>4 de diciembre de 1937, Bujalaroz, Espa\u00f1a. Un caza Messerchmitt Bf-109 de la Legi\u00f3n Kondor, numerado 6-15 y volado por Otto Polenz se vio obligado a hacer un aterrizaje de emergencia en una carretera detr\u00e1s de las l\u00edneas enemigas. Otto hab\u00eda combatido ese d\u00eda contra algunos pilotos republicanos I-16 comandados por el soviet Alexandr Gossiov.<\/p><p>Despu<i>\u00e9<\/i>s de aterrizar el avi\u00f3n fue ocultado r\u00e1pidamente por las fuerzas terrestres republicanas. Parece que el Bf-109 solo sufri\u00f3 da\u00f1os menores, probablemente en el sistema de combustible. Fue reparado y posiblemente llevado a Sabadell por un piloto sovi\u00e9tico.<\/p><p>Se puede imagina que este tipo de captura, un Bf-109 casi intacto, fue de gran inter\u00e9s no solo para la Rep\u00fablica Espa\u00f1ola sino tambi\u00e9n para la Uni\u00f3n Sovi\u00e9tica y Francia.<\/p><p>Como la aeronave se vio obligada a aterrizar debido a una lucha con pilotos sovi\u00e9ticos, la URSS reclam\u00f3 que el Bf-109 fuera inspeccionado por sus expertos, pero tambi\u00e9n Francia estaba pidiendo lo mismo. Finalmente, aparte del ej\u00e9rcito republicano, los expertos franceses pudieron inspeccionarlo, posiblemente a cambio de algo de valor pol\u00edtico. Este avi\u00f3n fue enviado m\u00e1s tarde a la Uni\u00f3n Sovi\u00e9tica y probado en el instituto II-VVS.<\/p><p>Durante la Segunda Guerra Mundial, este avi\u00f3n sirvi\u00f3 con una unidad de reconocimiento sovi\u00e9tico especial equipada con aviones alemanes capturados, que fue capturado por el JG27 alem\u00e1n. El destino final de este plano es desconocido.<\/p>\t\t\t\t\t<\/div>\n\t\t\t\t\t\t<\/div>\n\t\t\t\t<\/div>\n\t\t\t\t\t\t<\/div>\n\t\t\t\t\t<\/div>\n\t\t<\/div>\n\t\t\t\t\t\t\t\t<\/div>\n\t\t\t\t\t<\/div>\n\t\t<\/section>\n\t\t\t\t\t\t<\/div>\n\t\t\t\t\t<\/div>\n\t\t<\/div>\n\t\t\t\t\t\t\t\t<\/div>\n\t\t\t\t\t<\/div>\n\t\t<\/section>\n\t\t\t\t<section class=\"elementor-section elementor-top-section elementor-element elementor-element-a74e90f elementor-section-boxed elementor-section-height-default elementor-section-height-default\" data-id=\"a74e90f\" data-element_type=\"section\">\n\t\t\t\t\t\t<div class=\"elementor-container elementor-column-gap-default\">\n\t\t\t\t\t\t\t<div class=\"elementor-row\">\n\t\t\t\t\t<div class=\"elementor-column elementor-col-100 elementor-top-column elementor-element elementor-element-92c8d9b\" data-id=\"92c8d9b\" data-element_type=\"column\">\n\t\t\t<div class=\"elementor-column-wrap elementor-element-populated\">\n\t\t\t\t\t\t\t<div class=\"elementor-widget-wrap\">\n\t\t\t\t\t\t<section class=\"elementor-section elementor-inner-section elementor-element elementor-element-0ba3cc7 elementor-section-boxed elementor-section-height-default elementor-section-height-default\" data-id=\"0ba3cc7\" data-element_type=\"section\">\n\t\t\t\t\t\t<div class=\"elementor-container elementor-column-gap-default\">\n\t\t\t\t\t\t\t<div class=\"elementor-row\">\n\t\t\t\t\t<div class=\"elementor-column elementor-col-50 elementor-inner-column elementor-element elementor-element-472263d\" data-id=\"472263d\" data-element_type=\"column\">\n\t\t\t<div class=\"elementor-column-wrap elementor-element-populated\">\n\t\t\t\t\t\t\t<div class=\"elementor-widget-wrap\">\n\t\t\t\t\t\t<div class=\"elementor-element elementor-element-e2a864c elementor-widget elementor-widget-text-editor\" data-id=\"e2a864c\" data-element_type=\"widget\" data-widget_type=\"text-editor.default\">\n\t\t\t\t<div class=\"elementor-widget-container\">\n\t\t\t\t\t\t\t\t<div class=\"elementor-text-editor elementor-clearfix\">\n\t\t\t\t<p><strong>Siglo XVI, Anveres (hoy Amberes)<\/strong><\/p><p><strong>Dos millones quemados<\/strong><\/p><p>.<\/p>\t\t\t\t\t<\/div>\n\t\t\t\t\t\t<\/div>\n\t\t\t\t<\/div>\n\t\t\t\t<div class=\"elementor-element elementor-element-43c668c elementor-widget elementor-widget-image\" data-id=\"43c668c\" data-element_type=\"widget\" data-widget_type=\"image.default\">\n\t\t\t\t<div class=\"elementor-widget-container\">\n\t\t\t\t\t\t\t\t<div class=\"elementor-image\">\n\t\t\t\t\t\t\t\t\t\t\t\t<img width=\"235\" height=\"300\" src=\"https:\/\/www.hqwargames.com\/wp-content\/uploads\/2019\/09\/carlosV-1-235x300.jpg\" class=\"attachment-large size-large\" alt=\"\" loading=\"lazy\" \/>\t\t\t\t\t\t\t\t\t\t\t\t\t\t<\/div>\n\t\t\t\t\t\t<\/div>\n\t\t\t\t<\/div>\n\t\t\t\t<div class=\"elementor-element elementor-element-52e464e elementor-widget elementor-widget-text-editor\" data-id=\"52e464e\" data-element_type=\"widget\" data-widget_type=\"text-editor.default\">\n\t\t\t\t<div class=\"elementor-widget-container\">\n\t\t\t\t\t\t\t\t<div class=\"elementor-text-editor elementor-clearfix\">\n\t\t\t\t<p>s sabido que el Emperador Carlos V tomaba a pr\u00e9stamo grandes cantidades de dinero a comerciantes como la familia Yuggers de Augusta y de Juan Daens, rico comerciante de Anveres.\u00a0<\/p><p>En una ocasi\u00f3n Juan hab\u00eda prestado al Emperador la gran suma de 2 millones en efectivo. Y solicit\u00f3 a Carlos que le honrara concedi\u00e9ndole el honor de comer en su casa, Carlos accedi\u00f3.<\/p><p>Agasaj\u00f3 el comerciante con todo tipo de exquisitos manjares y lujo en el servicio. Carlos V qued\u00f3 asombrado ante tanto lujo y ya se dispon\u00eda a marchar cuando el comerciante le retuvo solicit\u00e1ndole cinco minutos m\u00e1s, Carlos accedi\u00f3 y Juan hizo entrar a unos sirvientes que trajeron una bandeja de plata con madera perfumada en ella. El comerciante prendi\u00f3 fuego a la madera ante la sorprendida mirada del invitado. En otra bandeja trajeron el documento del pr\u00e9stamo, que se ense\u00f1\u00f3 al Emperador, reconociendo el documento al momento. Juan Daens cogi\u00f3 el papel y lo ech\u00f3 a las llamas donde se consumi\u00f3 con rapidez y entonces le dijo al Emperador \u201d Estoy bastante pagado por el honor que V.M. me ha hecho comiendo en mi casa\u201d<\/p>\t\t\t\t\t<\/div>\n\t\t\t\t\t\t<\/div>\n\t\t\t\t<\/div>\n\t\t\t\t\t\t<\/div>\n\t\t\t\t\t<\/div>\n\t\t<\/div>\n\t\t\t\t<div class=\"elementor-column elementor-col-50 elementor-inner-column elementor-element elementor-element-c3cad24\" data-id=\"c3cad24\" data-element_type=\"column\">\n\t\t\t<div class=\"elementor-column-wrap\">\n\t\t\t\t\t\t\t<div class=\"elementor-widget-wrap\">\n\t\t\t\t\t\t\t\t<\/div>\n\t\t\t\t\t<\/div>\n\t\t<\/div>\n\t\t\t\t\t\t\t\t<\/div>\n\t\t\t\t\t<\/div>\n\t\t<\/section>\n\t\t\t\t\t\t<\/div>\n\t\t\t\t\t<\/div>\n\t\t<\/div>\n\t\t\t\t\t\t\t\t<\/div>\n\t\t\t\t\t<\/div>\n\t\t<\/section>\n\t\t\t\t\t\t\t\t\t<\/div>\n\t\t\t<\/div>\n\t\t\t\t\t<\/div>\n\t\t","protected":false},"excerpt":{"rendered":"<p>El blog de Headquarter 22\/10\/2018 La aventura de Hidalgo de Cisneros 18 de Marzo de 1937. Frente de Guadalajara. Diez d\u00edas despu\u00e9s del inicio de la ofensiva de la CTV hacia Guadalajara, cuando la Fuerza A\u00e9rea Republicana estaba al mando del aire, Hidalgo de Cisneros, comandante en jefe de la FARE (la fuerza a\u00e9rea republicana) [&hellip;]<\/p>\n","protected":false},"author":1,"featured_media":0,"parent":0,"menu_order":0,"comment_status":"closed","ping_status":"closed","template":"","meta":[],"_links":{"self":[{"href":"https:\/\/www.hqwargames.com\/index.php\/wp-json\/wp\/v2\/pages\/467"}],"collection":[{"href":"https:\/\/www.hqwargames.com\/index.php\/wp-json\/wp\/v2\/pages"}],"about":[{"href":"https:\/\/www.hqwargames.com\/index.php\/wp-json\/wp\/v2\/types\/page"}],"author":[{"embeddable":true,"href":"https:\/\/www.hqwargames.com\/index.php\/wp-json\/wp\/v2\/users\/1"}],"replies":[{"embeddable":true,"href":"https:\/\/www.hqwargames.com\/index.php\/wp-json\/wp\/v2\/comments?post=467"}],"version-history":[{"count":11,"href":"https:\/\/www.hqwargames.com\/index.php\/wp-json\/wp\/v2\/pages\/467\/revisions"}],"predecessor-version":[{"id":545,"href":"https:\/\/www.hqwargames.com\/index.php\/wp-json\/wp\/v2\/pages\/467\/revisions\/545"}],"wp:attachment":[{"href":"https:\/\/www.hqwargames.com\/index.php\/wp-json\/wp\/v2\/media?parent=467"}],"curies":[{"name":"wp","href":"https:\/\/api.w.org\/{rel}","templated":true}]}}