{"id":463,"date":"2019-09-18T12:41:33","date_gmt":"2019-09-18T10:41:33","guid":{"rendered":"https:\/\/www.hqwargames.com\/?page_id=463"},"modified":"2025-09-07T19:00:01","modified_gmt":"2025-09-07T17:00:01","slug":"la-compania","status":"publish","type":"page","link":"https:\/\/www.hqwargames.com\/index.php\/la-compania\/","title":{"rendered":"La Compa\u00f1\u00eda"},"content":{"rendered":"\t\t<div data-elementor-type=\"wp-page\" data-elementor-id=\"463\" class=\"elementor elementor-463\">\n\t\t\t\t\t\t<div class=\"elementor-inner\">\n\t\t\t\t<div class=\"elementor-section-wrap\">\n\t\t\t\t\t\t\t\t\t<section class=\"elementor-section elementor-top-section elementor-element elementor-element-98fa847 elementor-section-boxed elementor-section-height-default elementor-section-height-default\" data-id=\"98fa847\" data-element_type=\"section\">\n\t\t\t\t\t\t<div class=\"elementor-container elementor-column-gap-default\">\n\t\t\t\t\t\t\t<div class=\"elementor-row\">\n\t\t\t\t\t<div class=\"elementor-column elementor-col-100 elementor-top-column elementor-element elementor-element-3e70df3\" data-id=\"3e70df3\" data-element_type=\"column\">\n\t\t\t<div class=\"elementor-column-wrap elementor-element-populated\">\n\t\t\t\t\t\t\t<div class=\"elementor-widget-wrap\">\n\t\t\t\t\t\t<div class=\"elementor-element elementor-element-cd9a059 elementor-widget elementor-widget-heading\" data-id=\"cd9a059\" data-element_type=\"widget\" data-widget_type=\"heading.default\">\n\t\t\t\t<div class=\"elementor-widget-container\">\n\t\t\t<h1 class=\"elementor-heading-title elementor-size-default\">HEADQUARTER S.L. \u00bfQuienes somos?<\/h1>\t\t<\/div>\n\t\t\t\t<\/div>\n\t\t\t\t<div class=\"elementor-element elementor-element-f29872a elementor-widget elementor-widget-text-editor\" data-id=\"f29872a\" data-element_type=\"widget\" data-widget_type=\"text-editor.default\">\n\t\t\t\t<div class=\"elementor-widget-container\">\n\t\t\t\t\t\t\t\t<div class=\"elementor-text-editor elementor-clearfix\">\n\t\t\t\t<h2>Nuestro<strong> origen<\/strong>:<\/h2><p>Headquarter SL. fue creada en Noviembre de 2013 por dos hermanos, Miguel y Gonzalo Santacruz, pero dio sus primeros pasos en Mayo de 2012.<\/p><p>Lo que inicialmente comenz\u00f3 como un mod basado en el t\u00edtulo de pc de Ageod &#8216;Revolution Under Siege&#8217;, finalmente termin\u00f3 siendo un juego independiente llamado &#8216;Espa\u00f1a: 1936&#8217;.<\/p><p>En septiembre de 2015 lanzamos nuestro segundo t\u00edtulo de pc con el motor de Ageod, \u201cLa Guerra de los Treinta A\u00f1os\u201d y en mayo de 2017, nuestro tercer t\u00edtulo de Ageod \u201cLa Guerra Civil Inglesa\u201d.<\/p><p>En verano de 2019\u00a0 publicamos nuestro cuarto t\u00edtulo, <em>\u201dBattles For Spain\u201d<\/em> con un nuevo motor, esta vez de Avalon Digital.<\/p><p>En Junio 2020 sali\u00f3 a la luz <em>&#8220;Libertad o Muerte!&#8221;<\/em> un juego sobre las Guerras de Independencia de Latinoam\u00e9rica.<\/p><p>Para finales de 2024 esperamos publicar el sexto t\u00edtulo &#8216;Hispania&#8217; versi\u00f3n de pc del juego Hispania.<\/p><p>En junio de 2025 hemos publicado &#8216;Spain at War&#8217; un juego de pc de la serie SGS de Avalon Digital que representa a nivel de batall\u00f3n la guerra civil espa\u00f1ola..<\/p><h2><strong>Editorial<\/strong>:<\/h2><p>Desde 2019 abrimos una nueva secci\u00f3n en la empresa, los juegos de mesa. En esa l\u00ednea t<span style=\"font-size: 14px; color: var( --e-global-color-text );\">rabajamos en varios interesantes proyectos, adaptamos al espa\u00f1ol dos t\u00edtulos de White Dog Games, <strong>&#8220;La Misi\u00f3n<\/strong><em>&#8221; publicado en 2022,\u00a0 <strong>&#8220;N: Las Guerras Napole\u00f3nicas&#8221;<\/strong><\/em> y &#8220;<strong>La guerra de Thatcher: Malvinas 1982<\/strong>&#8220;. En oto\u00f1o 2022 saldr\u00e1 nuestro primer juego en formato de bolsa-zip &#8220;<strong>Asalto a Madrid<\/strong>&#8220;.<\/span><\/p><p><span style=\"font-size: 14px; color: var( --e-global-color-text );\">\u00a0<strong>&#8220;The World at War:Europe&#8221;<\/strong>,\u00a0 dise\u00f1ado por Gonzalo Santacruz, uno de los fundadores de Headquarter se public\u00f3 en Mayo 2022 y <em><b>&#8220;Filipinas 1896-1898&#8221;<\/b><\/em> dise\u00f1ado por Javier G. de Gabiola que sali\u00f3 a la venta a final de 2023.<\/span><\/p><p><strong><span style=\"font-size: 14px; color: var( --e-global-color-text );\">En desarrollo:<\/span><\/strong><\/p><p><span style=\"font-size: 14px; color: var( --e-global-color-text );\"><strong>La batalla de Jarama, La campa\u00f1a de Andaluc\u00eda<\/strong>, ambos t\u00edtulos de dise\u00f1o propio.<\/span><\/p><p><strong>Battle Commander:<\/strong> Un juego de las campa\u00f1as de Napole\u00f3n en Italia, desarrollo en colaboraci\u00f3n con Sound of Drums.<\/p><p><span style=\"font-size: 14px; color: var( --e-global-color-text );\">Nuestro objetivo es seguir creando juegos hist\u00f3ricos \u00fanicos que gusten a los jugadores tanto como nos gustan a nosotros.<\/span><\/p><h2><strong>Nuestro futuro<\/strong>:<\/h2><p>Para un futuro m\u00e1s lejano hay planes a\u00fan por definir,\u00a0 quiz\u00e1s un t\u00edtulo nuevo sobre la Guerra Civil Espa\u00f1ola. Tenemos a\u00fan m\u00e1s ideas prepar\u00e1ndose. Permanece en contacto y s\u00edguenos en Facebook y Twitter.<\/p><p>\u00a0<\/p><p><b>Contacto: <\/b>support [at] hqwargames.com<\/p><p>HEADQUARTER est\u00e1 fundada por dos hermanos, Gonzalo y Miguel Santacruz.<\/p>\t\t\t\t\t<\/div>\n\t\t\t\t\t\t<\/div>\n\t\t\t\t<\/div>\n\t\t\t\t\t\t<\/div>\n\t\t\t\t\t<\/div>\n\t\t<\/div>\n\t\t\t\t\t\t\t\t<\/div>\n\t\t\t\t\t<\/div>\n\t\t<\/section>\n\t\t\t\t\t\t\t\t\t<\/div>\n\t\t\t<\/div>\n\t\t\t\t\t<\/div>\n\t\t","protected":false},"excerpt":{"rendered":"<p>HEADQUARTER S.L. \u00bfQuienes somos? Nuestro origen: Headquarter SL. fue creada en Noviembre de 2013 por dos hermanos, Miguel y Gonzalo Santacruz, pero dio sus primeros pasos en Mayo de 2012. Lo que inicialmente comenz\u00f3 como un mod basado en el t\u00edtulo de pc de Ageod &#8216;Revolution Under Siege&#8217;, finalmente termin\u00f3 siendo un juego independiente llamado [&hellip;]<\/p>\n","protected":false},"author":1,"featured_media":0,"parent":0,"menu_order":0,"comment_status":"closed","ping_status":"closed","template":"","meta":[],"_links":{"self":[{"href":"https:\/\/www.hqwargames.com\/index.php\/wp-json\/wp\/v2\/pages\/463"}],"collection":[{"href":"https:\/\/www.hqwargames.com\/index.php\/wp-json\/wp\/v2\/pages"}],"about":[{"href":"https:\/\/www.hqwargames.com\/index.php\/wp-json\/wp\/v2\/types\/page"}],"author":[{"embeddable":true,"href":"https:\/\/www.hqwargames.com\/index.php\/wp-json\/wp\/v2\/users\/1"}],"replies":[{"embeddable":true,"href":"https:\/\/www.hqwargames.com\/index.php\/wp-json\/wp\/v2\/comments?post=463"}],"version-history":[{"count":37,"href":"https:\/\/www.hqwargames.com\/index.php\/wp-json\/wp\/v2\/pages\/463\/revisions"}],"predecessor-version":[{"id":4294,"href":"https:\/\/www.hqwargames.com\/index.php\/wp-json\/wp\/v2\/pages\/463\/revisions\/4294"}],"wp:attachment":[{"href":"https:\/\/www.hqwargames.com\/index.php\/wp-json\/wp\/v2\/media?parent=463"}],"curies":[{"name":"wp","href":"https:\/\/api.w.org\/{rel}","templated":true}]}}