{"id":456,"date":"2019-09-18T12:37:46","date_gmt":"2019-09-18T10:37:46","guid":{"rendered":"https:\/\/www.hqwargames.com\/?page_id=456"},"modified":"2020-01-12T11:15:12","modified_gmt":"2020-01-12T09:15:12","slug":"teruel","status":"publish","type":"page","link":"https:\/\/www.hqwargames.com\/index.php\/hq-wargames\/teruel\/","title":{"rendered":"Teruel despliegue republicano y ofensiva"},"content":{"rendered":"\t\t<div data-elementor-type=\"wp-page\" data-elementor-id=\"456\" class=\"elementor elementor-456\">\n\t\t\t\t\t\t<div class=\"elementor-inner\">\n\t\t\t\t<div class=\"elementor-section-wrap\">\n\t\t\t\t\t\t\t\t\t<section class=\"elementor-section elementor-top-section elementor-element elementor-element-310c3fd elementor-section-stretched elementor-section-full_width elementor-section-height-default elementor-section-height-default\" data-id=\"310c3fd\" data-element_type=\"section\" data-settings=\"{&quot;stretch_section&quot;:&quot;section-stretched&quot;}\">\n\t\t\t\t\t\t<div class=\"elementor-container elementor-column-gap-default\">\n\t\t\t\t\t\t\t<div class=\"elementor-row\">\n\t\t\t\t\t<div class=\"elementor-column elementor-col-100 elementor-top-column elementor-element elementor-element-af0efbf\" data-id=\"af0efbf\" data-element_type=\"column\">\n\t\t\t<div class=\"elementor-column-wrap elementor-element-populated\">\n\t\t\t\t\t\t\t<div class=\"elementor-widget-wrap\">\n\t\t\t\t\t\t<div class=\"elementor-element elementor-element-6c52955 elementor-widget elementor-widget-heading\" data-id=\"6c52955\" data-element_type=\"widget\" data-widget_type=\"heading.default\">\n\t\t\t\t<div class=\"elementor-widget-container\">\n\t\t\t<h2 class=\"elementor-heading-title elementor-size-xl\">Teruel 1937. Despliegue y Avance Republicano<\/h2>\t\t<\/div>\n\t\t\t\t<\/div>\n\t\t\t\t<section class=\"elementor-section elementor-inner-section elementor-element elementor-element-b6cf6db elementor-section-boxed elementor-section-height-default elementor-section-height-default\" data-id=\"b6cf6db\" data-element_type=\"section\">\n\t\t\t\t\t\t<div class=\"elementor-container elementor-column-gap-default\">\n\t\t\t\t\t\t\t<div class=\"elementor-row\">\n\t\t\t\t\t<div class=\"elementor-column elementor-col-50 elementor-inner-column elementor-element elementor-element-b32fb25\" data-id=\"b32fb25\" data-element_type=\"column\">\n\t\t\t<div class=\"elementor-column-wrap elementor-element-populated\">\n\t\t\t\t\t\t\t<div class=\"elementor-widget-wrap\">\n\t\t\t\t\t\t<div class=\"elementor-element elementor-element-ed5738d elementor-widget elementor-widget-text-editor\" data-id=\"ed5738d\" data-element_type=\"widget\" data-widget_type=\"text-editor.default\">\n\t\t\t\t<div class=\"elementor-widget-container\">\n\t\t\t\t\t\t\t\t<div class=\"elementor-text-editor elementor-clearfix\">\n\t\t\t\t<p>En esta imagen<span style=\"font-size: 14px;\">\u00a0podemos ver el despliegue inicial explicado de la batalla de Teruel en el juego Battles For Spain. Las divisiones y brigadas del ej\u00e9rcito Popular republicano desplegadas alrededor del saliente de Teruel. El plan de ataque de los dos primeros dias de ofensiva y las unidades a\u00e9reas disponibles.<\/span><\/p><p>\u00a0<\/p>\t\t\t\t\t<\/div>\n\t\t\t\t\t\t<\/div>\n\t\t\t\t<\/div>\n\t\t\t\t\t\t<\/div>\n\t\t\t\t\t<\/div>\n\t\t<\/div>\n\t\t\t\t<div class=\"elementor-column elementor-col-50 elementor-inner-column elementor-element elementor-element-36b8ac6\" data-id=\"36b8ac6\" data-element_type=\"column\">\n\t\t\t<div class=\"elementor-column-wrap elementor-element-populated\">\n\t\t\t\t\t\t\t<div class=\"elementor-widget-wrap\">\n\t\t\t\t\t\t<div class=\"elementor-element elementor-element-68d5d47 elementor-widget elementor-widget-text-editor\" data-id=\"68d5d47\" data-element_type=\"widget\" data-widget_type=\"text-editor.default\">\n\t\t\t\t<div class=\"elementor-widget-container\">\n\t\t\t\t\t\t\t\t<div class=\"elementor-text-editor elementor-clearfix\">\n\t\t\t\t<p>\u00a0<\/p><p><span style=\"font-size: 14px;\">\u00a0\u00bfSer\u00e1s capaz de emular la ofensiva republicana en Battles For Spain?<\/span><\/p>\t\t\t\t\t<\/div>\n\t\t\t\t\t\t<\/div>\n\t\t\t\t<\/div>\n\t\t\t\t\t\t<\/div>\n\t\t\t\t\t<\/div>\n\t\t<\/div>\n\t\t\t\t\t\t\t\t<\/div>\n\t\t\t\t\t<\/div>\n\t\t<\/section>\n\t\t\t\t<div class=\"elementor-element elementor-element-b9374d0 elementor-widget elementor-widget-image\" data-id=\"b9374d0\" data-element_type=\"widget\" data-widget_type=\"image.default\">\n\t\t\t\t<div class=\"elementor-widget-container\">\n\t\t\t\t\t\t\t\t<div class=\"elementor-image\">\n\t\t\t\t\t\t\t\t\t\t\t\t<img width=\"1024\" height=\"584\" src=\"https:\/\/www.hqwargames.com\/wp-content\/uploads\/2020\/01\/Despliegue_Rep_15_Diciembre-1024x584.png\" class=\"attachment-large size-large\" alt=\"\" loading=\"lazy\" srcset=\"https:\/\/www.hqwargames.com\/wp-content\/uploads\/2020\/01\/Despliegue_Rep_15_Diciembre-1024x584.png 1024w, https:\/\/www.hqwargames.com\/wp-content\/uploads\/2020\/01\/Despliegue_Rep_15_Diciembre-300x171.png 300w, https:\/\/www.hqwargames.com\/wp-content\/uploads\/2020\/01\/Despliegue_Rep_15_Diciembre-768x438.png 768w, https:\/\/www.hqwargames.com\/wp-content\/uploads\/2020\/01\/Despliegue_Rep_15_Diciembre-600x342.png 600w\" sizes=\"(max-width: 1024px) 100vw, 1024px\" \/>\t\t\t\t\t\t\t\t\t\t\t\t\t\t<\/div>\n\t\t\t\t\t\t<\/div>\n\t\t\t\t<\/div>\n\t\t\t\t<div class=\"elementor-element elementor-element-1c12b72 elementor-widget elementor-widget-heading\" data-id=\"1c12b72\" data-element_type=\"widget\" data-widget_type=\"heading.default\">\n\t\t\t\t<div class=\"elementor-widget-container\">\n\t\t\t<h2 class=\"elementor-heading-title elementor-size-default\">Las unidades republicanas<\/h2>\t\t<\/div>\n\t\t\t\t<\/div>\n\t\t\t\t<section class=\"elementor-section elementor-inner-section elementor-element elementor-element-12c7d6c elementor-section-boxed elementor-section-height-default elementor-section-height-default\" data-id=\"12c7d6c\" data-element_type=\"section\">\n\t\t\t\t\t\t<div class=\"elementor-container elementor-column-gap-default\">\n\t\t\t\t\t\t\t<div class=\"elementor-row\">\n\t\t\t\t\t<div class=\"elementor-column elementor-col-50 elementor-inner-column elementor-element elementor-element-a4590f5\" data-id=\"a4590f5\" data-element_type=\"column\">\n\t\t\t<div class=\"elementor-column-wrap elementor-element-populated\">\n\t\t\t\t\t\t\t<div class=\"elementor-widget-wrap\">\n\t\t\t\t\t\t<div class=\"elementor-element elementor-element-55e895c elementor-widget elementor-widget-text-editor\" data-id=\"55e895c\" data-element_type=\"widget\" data-widget_type=\"text-editor.default\">\n\t\t\t\t<div class=\"elementor-widget-container\">\n\t\t\t\t\t\t\t\t<div class=\"elementor-text-editor elementor-clearfix\">\n\t\t\t\t<p>El Plan del general Rojo contaba con seis divisiones en l\u00ednea que eran las encargadas de romper el frente y rodear y conquistar la ciudad de Teruel.\u00a0 Las encargadas de realizar el esfuerzo principal de ruptura y rodear la ciudad eran la fogueada 11 Divisi\u00f3n de Lister, y las 64 y 34 divisiones de Martinez Cart\u00f3n y Etelvino Vega. Ademas contaban con importante apoyo a\u00e9reo en las bases a\u00e9ras de Barracas, Villar del Arzobispo y otras cercanas.<\/p>\t\t\t\t\t<\/div>\n\t\t\t\t\t\t<\/div>\n\t\t\t\t<\/div>\n\t\t\t\t\t\t<\/div>\n\t\t\t\t\t<\/div>\n\t\t<\/div>\n\t\t\t\t<div class=\"elementor-column elementor-col-50 elementor-inner-column elementor-element elementor-element-c1654e6\" data-id=\"c1654e6\" data-element_type=\"column\">\n\t\t\t<div class=\"elementor-column-wrap\">\n\t\t\t\t\t\t\t<div class=\"elementor-widget-wrap\">\n\t\t\t\t\t\t\t\t<\/div>\n\t\t\t\t\t<\/div>\n\t\t<\/div>\n\t\t\t\t\t\t\t\t<\/div>\n\t\t\t\t\t<\/div>\n\t\t<\/section>\n\t\t\t\t<div class=\"elementor-element elementor-element-ab1bd8e elementor-widget elementor-widget-heading\" data-id=\"ab1bd8e\" data-element_type=\"widget\" data-widget_type=\"heading.default\">\n\t\t\t\t<div class=\"elementor-widget-container\">\n\t\t\t<h2 class=\"elementor-heading-title elementor-size-default\">El Objetivo<\/h2>\t\t<\/div>\n\t\t\t\t<\/div>\n\t\t\t\t<section class=\"elementor-section elementor-inner-section elementor-element elementor-element-508cd1e elementor-section-boxed elementor-section-height-default elementor-section-height-default\" data-id=\"508cd1e\" data-element_type=\"section\">\n\t\t\t\t\t\t<div class=\"elementor-container elementor-column-gap-default\">\n\t\t\t\t\t\t\t<div class=\"elementor-row\">\n\t\t\t\t\t<div class=\"elementor-column elementor-col-50 elementor-inner-column elementor-element elementor-element-1916633\" data-id=\"1916633\" data-element_type=\"column\">\n\t\t\t<div class=\"elementor-column-wrap elementor-element-populated\">\n\t\t\t\t\t\t\t<div class=\"elementor-widget-wrap\">\n\t\t\t\t\t\t<div class=\"elementor-element elementor-element-ddff8b2 elementor-widget elementor-widget-text-editor\" data-id=\"ddff8b2\" data-element_type=\"widget\" data-widget_type=\"text-editor.default\">\n\t\t\t\t<div class=\"elementor-widget-container\">\n\t\t\t\t\t\t\t\t<div class=\"elementor-text-editor elementor-clearfix\">\n\t\t\t\t<p>El objetivo inmediato era romper con fuerza el frente y rodear la ciudad, establecer una l\u00ednea defensiva al Oeste para evitar que llegaran refuerzos a la ciudad y con el resto de unidades conquistar la ciudad.<\/p>\t\t\t\t\t<\/div>\n\t\t\t\t\t\t<\/div>\n\t\t\t\t<\/div>\n\t\t\t\t\t\t<\/div>\n\t\t\t\t\t<\/div>\n\t\t<\/div>\n\t\t\t\t<div class=\"elementor-column elementor-col-50 elementor-inner-column elementor-element elementor-element-364abfe\" data-id=\"364abfe\" data-element_type=\"column\">\n\t\t\t<div class=\"elementor-column-wrap\">\n\t\t\t\t\t\t\t<div class=\"elementor-widget-wrap\">\n\t\t\t\t\t\t\t\t<\/div>\n\t\t\t\t\t<\/div>\n\t\t<\/div>\n\t\t\t\t\t\t\t\t<\/div>\n\t\t\t\t\t<\/div>\n\t\t<\/section>\n\t\t\t\t<div class=\"elementor-element elementor-element-90ed9f8 elementor-widget elementor-widget-heading\" data-id=\"90ed9f8\" data-element_type=\"widget\" data-widget_type=\"heading.default\">\n\t\t\t\t<div class=\"elementor-widget-container\">\n\t\t\t<h2 class=\"elementor-heading-title elementor-size-default\">El Juego<\/h2>\t\t<\/div>\n\t\t\t\t<\/div>\n\t\t\t\t<section class=\"elementor-section elementor-inner-section elementor-element elementor-element-ea9d492 elementor-section-boxed elementor-section-height-default elementor-section-height-default\" data-id=\"ea9d492\" data-element_type=\"section\">\n\t\t\t\t\t\t<div class=\"elementor-container elementor-column-gap-default\">\n\t\t\t\t\t\t\t<div class=\"elementor-row\">\n\t\t\t\t\t<div class=\"elementor-column elementor-col-50 elementor-inner-column elementor-element elementor-element-61d4f1f\" data-id=\"61d4f1f\" data-element_type=\"column\">\n\t\t\t<div class=\"elementor-column-wrap elementor-element-populated\">\n\t\t\t\t\t\t\t<div class=\"elementor-widget-wrap\">\n\t\t\t\t\t\t<div class=\"elementor-element elementor-element-9c0d9a2 elementor-widget elementor-widget-text-editor\" data-id=\"9c0d9a2\" data-element_type=\"widget\" data-widget_type=\"text-editor.default\">\n\t\t\t\t<div class=\"elementor-widget-container\">\n\t\t\t\t\t\t\t\t<div class=\"elementor-text-editor elementor-clearfix\">\n\t\t\t\t<p>Puedes encontrar Battles For Spain <b>disponible en espa\u00f1ol <\/b>aqu\u00ed:<\/p>\n<p><a href=\"https:\/\/store.steampowered.com\/app\/984730\/Battles_For_Spain\/\">https:\/\/store.steampowered.com\/app\/984730\/Battles_For_Spain\/<\/a><\/p>\n<p>y en la tienda de Avalon<\/p>\n<p><a href=\"https:\/\/avalon-digital.com\/en\/dlc\/battles-spain\">https:\/\/avalon-digital.com\/en\/dlc\/battles-spain<\/a><br><\/p>\n<p><\/p>\t\t\t\t\t<\/div>\n\t\t\t\t\t\t<\/div>\n\t\t\t\t<\/div>\n\t\t\t\t\t\t<\/div>\n\t\t\t\t\t<\/div>\n\t\t<\/div>\n\t\t\t\t<div class=\"elementor-column elementor-col-50 elementor-inner-column elementor-element elementor-element-c188b27\" data-id=\"c188b27\" data-element_type=\"column\">\n\t\t\t<div class=\"elementor-column-wrap\">\n\t\t\t\t\t\t\t<div class=\"elementor-widget-wrap\">\n\t\t\t\t\t\t\t\t<\/div>\n\t\t\t\t\t<\/div>\n\t\t<\/div>\n\t\t\t\t\t\t\t\t<\/div>\n\t\t\t\t\t<\/div>\n\t\t<\/section>\n\t\t\t\t\t\t<\/div>\n\t\t\t\t\t<\/div>\n\t\t<\/div>\n\t\t\t\t\t\t\t\t<\/div>\n\t\t\t\t\t<\/div>\n\t\t<\/section>\n\t\t\t\t\t\t\t\t\t<\/div>\n\t\t\t<\/div>\n\t\t\t\t\t<\/div>\n\t\t","protected":false},"excerpt":{"rendered":"<p>Teruel 1937. Despliegue y Avance Republicano En esta imagen\u00a0podemos ver el despliegue inicial explicado de la batalla de Teruel en el juego Battles For Spain. Las divisiones y brigadas del ej\u00e9rcito Popular republicano desplegadas alrededor del saliente de Teruel. El plan de ataque de los dos primeros dias de ofensiva y las unidades a\u00e9reas disponibles. [&hellip;]<\/p>\n","protected":false},"author":1,"featured_media":0,"parent":14,"menu_order":0,"comment_status":"closed","ping_status":"closed","template":"","meta":[],"_links":{"self":[{"href":"https:\/\/www.hqwargames.com\/index.php\/wp-json\/wp\/v2\/pages\/456"}],"collection":[{"href":"https:\/\/www.hqwargames.com\/index.php\/wp-json\/wp\/v2\/pages"}],"about":[{"href":"https:\/\/www.hqwargames.com\/index.php\/wp-json\/wp\/v2\/types\/page"}],"author":[{"embeddable":true,"href":"https:\/\/www.hqwargames.com\/index.php\/wp-json\/wp\/v2\/users\/1"}],"replies":[{"embeddable":true,"href":"https:\/\/www.hqwargames.com\/index.php\/wp-json\/wp\/v2\/comments?post=456"}],"version-history":[{"count":29,"href":"https:\/\/www.hqwargames.com\/index.php\/wp-json\/wp\/v2\/pages\/456\/revisions"}],"predecessor-version":[{"id":809,"href":"https:\/\/www.hqwargames.com\/index.php\/wp-json\/wp\/v2\/pages\/456\/revisions\/809"}],"up":[{"embeddable":true,"href":"https:\/\/www.hqwargames.com\/index.php\/wp-json\/wp\/v2\/pages\/14"}],"wp:attachment":[{"href":"https:\/\/www.hqwargames.com\/index.php\/wp-json\/wp\/v2\/media?parent=456"}],"curies":[{"name":"wp","href":"https:\/\/api.w.org\/{rel}","templated":true}]}}