{"id":453,"date":"2019-09-18T12:51:24","date_gmt":"2019-09-18T10:51:24","guid":{"rendered":"https:\/\/www.hqwargames.com\/?page_id=453"},"modified":"2020-10-29T14:04:47","modified_gmt":"2020-10-29T12:04:47","slug":"espana-1936-es","status":"publish","type":"page","link":"https:\/\/www.hqwargames.com\/index.php\/espana-1936-es\/","title":{"rendered":"Espa\u00f1a: 1936 esp"},"content":{"rendered":"\t\t<div data-elementor-type=\"wp-page\" data-elementor-id=\"453\" class=\"elementor elementor-453\">\n\t\t\t\t\t\t<div class=\"elementor-inner\">\n\t\t\t\t<div class=\"elementor-section-wrap\">\n\t\t\t\t\t\t\t\t\t<section class=\"elementor-section elementor-top-section elementor-element elementor-element-0c0c909 elementor-section-stretched elementor-section-boxed elementor-section-height-default elementor-section-height-default\" data-id=\"0c0c909\" data-element_type=\"section\" data-settings=\"{&quot;stretch_section&quot;:&quot;section-stretched&quot;}\">\n\t\t\t\t\t\t<div class=\"elementor-container elementor-column-gap-default\">\n\t\t\t\t\t\t\t<div class=\"elementor-row\">\n\t\t\t\t\t<div class=\"elementor-column elementor-col-100 elementor-top-column elementor-element elementor-element-1b94e8c\" data-id=\"1b94e8c\" data-element_type=\"column\">\n\t\t\t<div class=\"elementor-column-wrap elementor-element-populated\">\n\t\t\t\t\t\t\t<div class=\"elementor-widget-wrap\">\n\t\t\t\t\t\t<div class=\"elementor-element elementor-element-0cbcf63 elementor-widget elementor-widget-image\" data-id=\"0cbcf63\" data-element_type=\"widget\" data-widget_type=\"image.default\">\n\t\t\t\t<div class=\"elementor-widget-container\">\n\t\t\t\t\t\t\t\t<div class=\"elementor-image\">\n\t\t\t\t\t\t\t\t\t\t\t\t<img width=\"605\" height=\"300\" src=\"https:\/\/www.hqwargames.com\/wp-content\/uploads\/2019\/09\/espana_1936.jpg\" class=\"attachment-large size-large\" alt=\"\" loading=\"lazy\" srcset=\"https:\/\/www.hqwargames.com\/wp-content\/uploads\/2019\/09\/espana_1936.jpg 605w, https:\/\/www.hqwargames.com\/wp-content\/uploads\/2019\/09\/espana_1936-600x298.jpg 600w, https:\/\/www.hqwargames.com\/wp-content\/uploads\/2019\/09\/espana_1936-300x149.jpg 300w\" sizes=\"(max-width: 605px) 100vw, 605px\" \/>\t\t\t\t\t\t\t\t\t\t\t\t\t\t<\/div>\n\t\t\t\t\t\t<\/div>\n\t\t\t\t<\/div>\n\t\t\t\t<div class=\"elementor-element elementor-element-afb3565 elementor-widget elementor-widget-heading\" data-id=\"afb3565\" data-element_type=\"widget\" data-widget_type=\"heading.default\">\n\t\t\t\t<div class=\"elementor-widget-container\">\n\t\t\t<h1 class=\"elementor-heading-title elementor-size-default\">La Guerra Civil Espa\u00f1ola<\/h1>\t\t<\/div>\n\t\t\t\t<\/div>\n\t\t\t\t\t\t<\/div>\n\t\t\t\t\t<\/div>\n\t\t<\/div>\n\t\t\t\t\t\t\t\t<\/div>\n\t\t\t\t\t<\/div>\n\t\t<\/section>\n\t\t\t\t<section class=\"elementor-section elementor-top-section elementor-element elementor-element-eeb554f elementor-section-stretched elementor-section-boxed elementor-section-height-default elementor-section-height-default\" data-id=\"eeb554f\" data-element_type=\"section\" data-settings=\"{&quot;stretch_section&quot;:&quot;section-stretched&quot;}\">\n\t\t\t\t\t\t<div class=\"elementor-container elementor-column-gap-default\">\n\t\t\t\t\t\t\t<div class=\"elementor-row\">\n\t\t\t\t\t<div class=\"elementor-column elementor-col-100 elementor-top-column elementor-element elementor-element-6b81957\" data-id=\"6b81957\" data-element_type=\"column\">\n\t\t\t<div class=\"elementor-column-wrap elementor-element-populated\">\n\t\t\t\t\t\t\t<div class=\"elementor-widget-wrap\">\n\t\t\t\t\t\t<div class=\"elementor-element elementor-element-dabc6eb elementor-widget elementor-widget-text-editor\" data-id=\"dabc6eb\" data-element_type=\"widget\" data-widget_type=\"text-editor.default\">\n\t\t\t\t<div class=\"elementor-widget-container\">\n\t\t\t\t\t\t\t\t<div class=\"elementor-text-editor elementor-clearfix\">\n\t\t\t\t<p>En Espa\u00f1a 1936, un juego de estrategia por turnos, experimentar\u00e1s las famosas batallas de Jarama, Guadalajara y Ebro, al mando de las Brigadas Internacionales o el Ej\u00e9rcito de \u00c1frica. \u00bfPuedes conquistar Madrid y obligar a la Rep\u00fablica a rendirse o llevar\u00e1s a las fuerzas anarquistas de Durruti a la victoria?<\/p><hr \/><p>Es el 18 de julio de 1936. Una parte del ej\u00e9rcito espa\u00f1ol se ha alzado en armas contra el gobierno de la Rep\u00fablica. Elementos del ej\u00e9rcito junto con las milicias defender\u00e1n a la Rep\u00fablica de este golpe militar. Las influencias externas tambi\u00e9n est\u00e1n en juego y las naciones del Eje ayudar\u00e1n a los rebeldes, mientras que la URSS ayudar\u00e1 a los republicanos. Una guerra civil ha comenzado. Dos facciones compiten por el poder. Solo uno sobrevivir\u00e1.<\/p><p>El juego cubre un per\u00edodo raramente visto en los juegos de computadora y tiene ricos detalles hist\u00f3ricos y precisi\u00f3n hist\u00f3rica. Es el primer juego de estrategia para pc que cubre toda la Guerra Civil espa\u00f1ola. Te enfrentar\u00e1s a los verdaderos dilemas y desaf\u00edos de los republicanos o nacionales durante la guerra. No s\u00f3lo debes reclutar y entrenar tropas, maniobrar con ellas y enfrentarte al enemigo, sino que tambi\u00e9n debes administrar los recursos limitados de tu naci\u00f3n.<\/p><p>Usando el poderoso motor AGE, <strong>Espa\u00f1a: 1936<\/strong> cubre la Guerra Civil espa\u00f1ola completa desde 1936 hasta 1939. El juego presenta m\u00e1s de 200 regiones, completas con ciudades, carreteras, f\u00e1bricas de armas, tipos de clima, facciones y subfacciones de la \u00e9poca de la guerra. El juego incluye una gran campa\u00f1a m\u00e1s la Ca\u00edda del Norte, una gran cantidad de l\u00edderes hist\u00f3ricos, unidades y eventos. <strong>Espa\u00f1a: 1936<\/strong> es imprescindible para cualquier gran fan de la estrategia.<\/p>\t\t\t\t\t<\/div>\n\t\t\t\t\t\t<\/div>\n\t\t\t\t<\/div>\n\t\t\t\t<div class=\"elementor-element elementor-element-ab38487 elementor-widget elementor-widget-image-gallery\" data-id=\"ab38487\" data-element_type=\"widget\" data-widget_type=\"image-gallery.default\">\n\t\t\t\t<div class=\"elementor-widget-container\">\n\t\t\t\t\t<div class=\"elementor-image-gallery\">\n\t\t\t<div id='gallery-1' class='gallery galleryid-453 gallery-columns-2 gallery-size-medium'><figure class='gallery-item'>\n\t\t\t<div class='gallery-icon landscape'>\n\t\t\t\t<a data-elementor-open-lightbox=\"yes\" data-elementor-lightbox-slideshow=\"ab38487\" data-elementor-lightbox-title=\"Espa\u00f1a1936_02\" e-action-hash=\"#elementor-action%3Aaction%3Dlightbox%26settings%3DeyJpZCI6MTc2MCwidXJsIjoiaHR0cHM6XC9cL3d3dy5ocXdhcmdhbWVzLmNvbVwvd3AtY29udGVudFwvdXBsb2Fkc1wvMjAyMFwvMTBcL0VzcGFcdTAwZjFhMTkzNl8wMi0yLmpwZSIsInNsaWRlc2hvdyI6ImFiMzg0ODcifQ%3D%3D\" href='https:\/\/www.hqwargames.com\/wp-content\/uploads\/2020\/10\/Espa\u00f1a1936_02-2.jpe'><img width=\"300\" height=\"169\" src=\"https:\/\/www.hqwargames.com\/wp-content\/uploads\/2020\/10\/Espa\u00f1a1936_02-2-300x169.jpe\" class=\"attachment-medium size-medium\" alt=\"\" loading=\"lazy\" srcset=\"https:\/\/www.hqwargames.com\/wp-content\/uploads\/2020\/10\/Espa\u00f1a1936_02-2-300x169.jpe 300w, https:\/\/www.hqwargames.com\/wp-content\/uploads\/2020\/10\/Espa\u00f1a1936_02-2-768x432.jpe 768w, https:\/\/www.hqwargames.com\/wp-content\/uploads\/2020\/10\/Espa\u00f1a1936_02-2-1024x576.jpe 1024w, https:\/\/www.hqwargames.com\/wp-content\/uploads\/2020\/10\/Espa\u00f1a1936_02-2.jpe 1200w\" sizes=\"(max-width: 300px) 100vw, 300px\" \/><\/a>\n\t\t\t<\/div><\/figure><figure class='gallery-item'>\n\t\t\t<div class='gallery-icon landscape'>\n\t\t\t\t<a data-elementor-open-lightbox=\"yes\" data-elementor-lightbox-slideshow=\"ab38487\" data-elementor-lightbox-title=\"Espa\u00f1a1936_01\" e-action-hash=\"#elementor-action%3Aaction%3Dlightbox%26settings%3DeyJpZCI6MTc1OSwidXJsIjoiaHR0cHM6XC9cL3d3dy5ocXdhcmdhbWVzLmNvbVwvd3AtY29udGVudFwvdXBsb2Fkc1wvMjAyMFwvMTBcL0VzcGFcdTAwZjFhMTkzNl8wMS0yLmpwZSIsInNsaWRlc2hvdyI6ImFiMzg0ODcifQ%3D%3D\" href='https:\/\/www.hqwargames.com\/wp-content\/uploads\/2020\/10\/Espa\u00f1a1936_01-2.jpe'><img width=\"300\" height=\"169\" src=\"https:\/\/www.hqwargames.com\/wp-content\/uploads\/2020\/10\/Espa\u00f1a1936_01-2-300x169.jpe\" class=\"attachment-medium size-medium\" alt=\"\" loading=\"lazy\" srcset=\"https:\/\/www.hqwargames.com\/wp-content\/uploads\/2020\/10\/Espa\u00f1a1936_01-2-300x169.jpe 300w, https:\/\/www.hqwargames.com\/wp-content\/uploads\/2020\/10\/Espa\u00f1a1936_01-2-768x432.jpe 768w, https:\/\/www.hqwargames.com\/wp-content\/uploads\/2020\/10\/Espa\u00f1a1936_01-2-1024x576.jpe 1024w, https:\/\/www.hqwargames.com\/wp-content\/uploads\/2020\/10\/Espa\u00f1a1936_01-2.jpe 1200w\" sizes=\"(max-width: 300px) 100vw, 300px\" \/><\/a>\n\t\t\t<\/div><\/figure>\n\t\t<\/div>\n\t\t<\/div>\n\t\t\t\t<\/div>\n\t\t\t\t<\/div>\n\t\t\t\t\t\t<\/div>\n\t\t\t\t\t<\/div>\n\t\t<\/div>\n\t\t\t\t\t\t\t\t<\/div>\n\t\t\t\t\t<\/div>\n\t\t<\/section>\n\t\t\t\t<section class=\"elementor-section elementor-top-section elementor-element elementor-element-5731c18 elementor-section-stretched elementor-section-boxed elementor-section-height-default elementor-section-height-default\" data-id=\"5731c18\" data-element_type=\"section\" data-settings=\"{&quot;stretch_section&quot;:&quot;section-stretched&quot;}\">\n\t\t\t\t\t\t<div class=\"elementor-container elementor-column-gap-default\">\n\t\t\t\t\t\t\t<div class=\"elementor-row\">\n\t\t\t\t\t<div class=\"elementor-column elementor-col-100 elementor-top-column elementor-element elementor-element-aa0b696\" data-id=\"aa0b696\" data-element_type=\"column\">\n\t\t\t<div class=\"elementor-column-wrap elementor-element-populated\">\n\t\t\t\t\t\t\t<div class=\"elementor-widget-wrap\">\n\t\t\t\t\t\t<div class=\"elementor-element elementor-element-23c5b27 elementor-widget elementor-widget-heading\" data-id=\"23c5b27\" data-element_type=\"widget\" data-widget_type=\"heading.default\">\n\t\t\t\t<div class=\"elementor-widget-container\">\n\t\t\t<h2 class=\"elementor-heading-title elementor-size-default\">Otros dise\u00f1os de Headquarter bajo el motor de Ageod:<\/h2>\t\t<\/div>\n\t\t\t\t<\/div>\n\t\t\t\t<div class=\"elementor-element elementor-element-581b845 elementor-widget elementor-widget-text-editor\" data-id=\"581b845\" data-element_type=\"widget\" data-widget_type=\"text-editor.default\">\n\t\t\t\t<div class=\"elementor-widget-container\">\n\t\t\t\t\t\t\t\t<div class=\"elementor-text-editor elementor-clearfix\">\n\t\t\t\t<p><a href=\"https:\/\/www.hqwargames.com\/index.php\/english-civil-war\/\">English Civil War<\/a><\/p><p><a href=\"https:\/\/www.hqwargames.com\/index.php\/thirty-years-war\/\">Thirty Years War<\/a><\/p>\t\t\t\t\t<\/div>\n\t\t\t\t\t\t<\/div>\n\t\t\t\t<\/div>\n\t\t\t\t\t\t<\/div>\n\t\t\t\t\t<\/div>\n\t\t<\/div>\n\t\t\t\t\t\t\t\t<\/div>\n\t\t\t\t\t<\/div>\n\t\t<\/section>\n\t\t\t\t\t\t\t\t\t<\/div>\n\t\t\t<\/div>\n\t\t\t\t\t<\/div>\n\t\t","protected":false},"excerpt":{"rendered":"<p>La Guerra Civil Espa\u00f1ola En Espa\u00f1a 1936, un juego de estrategia por turnos, experimentar\u00e1s las famosas batallas de Jarama, Guadalajara y Ebro, al mando de las Brigadas Internacionales o el Ej\u00e9rcito de \u00c1frica. \u00bfPuedes conquistar Madrid y obligar a la Rep\u00fablica a rendirse o llevar\u00e1s a las fuerzas anarquistas de Durruti a la victoria? Es [&hellip;]<\/p>\n","protected":false},"author":1,"featured_media":0,"parent":0,"menu_order":0,"comment_status":"closed","ping_status":"closed","template":"","meta":[],"_links":{"self":[{"href":"https:\/\/www.hqwargames.com\/index.php\/wp-json\/wp\/v2\/pages\/453"}],"collection":[{"href":"https:\/\/www.hqwargames.com\/index.php\/wp-json\/wp\/v2\/pages"}],"about":[{"href":"https:\/\/www.hqwargames.com\/index.php\/wp-json\/wp\/v2\/types\/page"}],"author":[{"embeddable":true,"href":"https:\/\/www.hqwargames.com\/index.php\/wp-json\/wp\/v2\/users\/1"}],"replies":[{"embeddable":true,"href":"https:\/\/www.hqwargames.com\/index.php\/wp-json\/wp\/v2\/comments?post=453"}],"version-history":[{"count":14,"href":"https:\/\/www.hqwargames.com\/index.php\/wp-json\/wp\/v2\/pages\/453\/revisions"}],"predecessor-version":[{"id":1766,"href":"https:\/\/www.hqwargames.com\/index.php\/wp-json\/wp\/v2\/pages\/453\/revisions\/1766"}],"wp:attachment":[{"href":"https:\/\/www.hqwargames.com\/index.php\/wp-json\/wp\/v2\/media?parent=453"}],"curies":[{"name":"wp","href":"https:\/\/api.w.org\/{rel}","templated":true}]}}