{"id":450,"date":"2019-09-18T12:33:59","date_gmt":"2019-09-18T10:33:59","guid":{"rendered":"https:\/\/www.hqwargames.com\/?page_id=450"},"modified":"2020-10-29T14:25:11","modified_gmt":"2020-10-29T12:25:11","slug":"english-civil-war-es","status":"publish","type":"page","link":"https:\/\/www.hqwargames.com\/index.php\/english-civil-war-es\/","title":{"rendered":"English Civil War esp"},"content":{"rendered":"\t\t<div data-elementor-type=\"wp-page\" data-elementor-id=\"450\" class=\"elementor elementor-450\">\n\t\t\t\t\t\t<div class=\"elementor-inner\">\n\t\t\t\t<div class=\"elementor-section-wrap\">\n\t\t\t\t\t\t\t\t\t<section class=\"elementor-section elementor-top-section elementor-element elementor-element-f3f17bc elementor-section-stretched elementor-section-boxed elementor-section-height-default elementor-section-height-default\" data-id=\"f3f17bc\" data-element_type=\"section\" data-settings=\"{&quot;stretch_section&quot;:&quot;section-stretched&quot;}\">\n\t\t\t\t\t\t<div class=\"elementor-container elementor-column-gap-default\">\n\t\t\t\t\t\t\t<div class=\"elementor-row\">\n\t\t\t\t\t<div class=\"elementor-column elementor-col-100 elementor-top-column elementor-element elementor-element-0f40111\" data-id=\"0f40111\" data-element_type=\"column\">\n\t\t\t<div class=\"elementor-column-wrap elementor-element-populated\">\n\t\t\t\t\t\t\t<div class=\"elementor-widget-wrap\">\n\t\t\t\t\t\t<div class=\"elementor-element elementor-element-195f71c elementor-widget elementor-widget-image\" data-id=\"195f71c\" data-element_type=\"widget\" data-widget_type=\"image.default\">\n\t\t\t\t<div class=\"elementor-widget-container\">\n\t\t\t\t\t\t\t\t<div class=\"elementor-image\">\n\t\t\t\t\t\t\t\t\t\t\t\t<img width=\"605\" height=\"300\" src=\"https:\/\/www.hqwargames.com\/wp-content\/uploads\/2019\/09\/ECW_banner.jpg\" class=\"attachment-large size-large\" alt=\"\" loading=\"lazy\" srcset=\"https:\/\/www.hqwargames.com\/wp-content\/uploads\/2019\/09\/ECW_banner.jpg 605w, https:\/\/www.hqwargames.com\/wp-content\/uploads\/2019\/09\/ECW_banner-600x298.jpg 600w, https:\/\/www.hqwargames.com\/wp-content\/uploads\/2019\/09\/ECW_banner-300x149.jpg 300w\" sizes=\"(max-width: 605px) 100vw, 605px\" \/>\t\t\t\t\t\t\t\t\t\t\t\t\t\t<\/div>\n\t\t\t\t\t\t<\/div>\n\t\t\t\t<\/div>\n\t\t\t\t<div class=\"elementor-element elementor-element-08c68cc elementor-widget elementor-widget-heading\" data-id=\"08c68cc\" data-element_type=\"widget\" data-widget_type=\"heading.default\">\n\t\t\t\t<div class=\"elementor-widget-container\">\n\t\t\t<h1 class=\"elementor-heading-title elementor-size-default\">English Civil War<\/h1>\t\t<\/div>\n\t\t\t\t<\/div>\n\t\t\t\t<div class=\"elementor-element elementor-element-7f9a434 elementor-widget elementor-widget-heading\" data-id=\"7f9a434\" data-element_type=\"widget\" data-widget_type=\"heading.default\">\n\t\t\t\t<div class=\"elementor-widget-container\">\n\t\t\t<h2 class=\"elementor-heading-title elementor-size-default\">Roundheads vs Cavaliers<\/h2>\t\t<\/div>\n\t\t\t\t<\/div>\n\t\t\t\t\t\t<\/div>\n\t\t\t\t\t<\/div>\n\t\t<\/div>\n\t\t\t\t\t\t\t\t<\/div>\n\t\t\t\t\t<\/div>\n\t\t<\/section>\n\t\t\t\t<section class=\"elementor-section elementor-top-section elementor-element elementor-element-b5f6cb6 elementor-section-stretched elementor-section-boxed elementor-section-height-default elementor-section-height-default\" data-id=\"b5f6cb6\" data-element_type=\"section\" data-settings=\"{&quot;stretch_section&quot;:&quot;section-stretched&quot;}\">\n\t\t\t\t\t\t<div class=\"elementor-container elementor-column-gap-default\">\n\t\t\t\t\t\t\t<div class=\"elementor-row\">\n\t\t\t\t\t<div class=\"elementor-column elementor-col-100 elementor-top-column elementor-element elementor-element-2d5a429\" data-id=\"2d5a429\" data-element_type=\"column\">\n\t\t\t<div class=\"elementor-column-wrap elementor-element-populated\">\n\t\t\t\t\t\t\t<div class=\"elementor-widget-wrap\">\n\t\t\t\t\t\t<div class=\"elementor-element elementor-element-466557b elementor-widget elementor-widget-text-editor\" data-id=\"466557b\" data-element_type=\"widget\" data-widget_type=\"text-editor.default\">\n\t\t\t\t<div class=\"elementor-widget-container\">\n\t\t\t\t\t\t\t\t<div class=\"elementor-text-editor elementor-clearfix\">\n\t\t\t\t<p>Este juego recrea la amarga y decisiva guerra civil inglesa con precisi\u00f3n hist\u00f3rica. Con una selecci\u00f3n detallada de las unidades hist\u00f3ricas del conflicto, encontrar\u00e1 los Covenanters, los White Coats de Newcastle, los Ironsides de Cromwell, el New Model Army o la legendaria infanter\u00eda de Cornualles.<\/p><hr \/><p><strong>\u00bfEl Rey o el Parlamento?<\/strong><\/p><p>La Guerra Civil inglesa se enfrent\u00f3 al Rey Carlos I contra el Parlamento, por lo que debe elegir su bando y tomar el mando de los ej\u00e9rcitos de los Cavaliers o los Redondos y los Covenanters. Desde Escocia hasta Dover, desde Gales hasta Kent, los condados levantan sus regimientos para defender al Rey o al Parlamento. Permanecer neutral no es una elecci\u00f3n. Administre sus recursos, su lealtad, sus mejores l\u00edderes, elija su estrategia y tome el control de las ciudades clave. Se familiariz\u00f3 con lugares legendarios como Bristol, York, Arundel, Nantwich, Reading, Oxford &#8230; P\u00f3ngalos bajo asedio o defi\u00e9ndalos enviando un ej\u00e9rcito de socorro o simplemente encuentre al enemigo a las puertas de York.<\/p><p>Hab\u00eda cientos de regimientos presentes en este conflicto. En English Civil War, el jugador encontrar\u00e1 una selecci\u00f3n detallada de las unidades hist\u00f3ricas del conflicto, como los Covenanters, las batas blancas de Newcastle, Cromwell&#8217;s Ironside, el nuevo ej\u00e9rcito modelo o la legendaria infanter\u00eda de Cornualles. Los jugadores pueden construir y administrar sus ej\u00e9rcitos, a lo largo de las campa\u00f1as establecidas en los diversos teatros de operaciones como Yorkshire, Cheshire, Lancashire, Bristol, Lincolnshire, etc. El sistema \u00fanico de Ageod de representaci\u00f3n estrat\u00e9gica detallada de los conflictos de esta era hace la diferencia aqu\u00ed, sus decisiones determinar\u00e1n si puede ganar o ser derrotado.<\/p><p>Un conjunto de comandantes \u00fanicos con retratos y rasgos hist\u00f3ricos como el realista Byron, el pr\u00edncipe Rupert, Hopton, Newcastle, el rey Carlos o los parlamentarios: Essex, Thomas Fairfax, Waller, Cromwell, el conde de Leven lo ayudan a lograr sus objetivos dando un objetivo \u00fanico. sentimiento de estar al mando en esos d\u00edas clave de 1642.<\/p><p><strong>DESPLIEGUE\u00a0<\/strong><\/p><p>English Civil war cubre Inglaterra, Gales, Escocia y las regiones mar\u00edtimas circundantes. Dos bandos jugables, los realistas y los parlamentarios. Permite representar las operaciones militares entre julio de 1642 y finales de 1646. El mapa del juego se divide en peque\u00f1as regiones como es habitual en los juegos de Ageod, con una variedad de terreno, climas y nivel de desarrollo para representar correctamente los pa\u00edses representados (Inglaterra, Escocia, Gales e Irlanda) . Varias ciudades hist\u00f3ricas representadas como Bristol, Hull, York, Arundel, Portsmouth, Chester &#8230; Escenarios: 6 en total, con 3 tutoriales, 1 Gran Campa\u00f1a que cubre todo el conflicto y 2 m\u00e1s que cubren la guerra desde los puntos de partida posteriores hasta finales de 1646, incluyendo las campa\u00f1as de Marston Moor y Naseby.<\/p><p><strong>L\u00cdDERES HIST\u00d3RICOS<\/strong><\/p><p>Todos los grandes l\u00edderes de esta guerra, Cromwell, Essex, Faifax, Hopton, Charles I, Prince Rupert, etc. est\u00e1n bien representados con retratos hist\u00f3ricos, habilidades estrat\u00e9gicas y rasgos. Grandes unidades detalladas que representan los regimientos de ambos lados, su fuerza, nombres hist\u00f3ricos, origen y una buena representaci\u00f3n de los uniformes de esta \u00e9poca. Podr\u00edas manejar los Ironsides, los regimientos de caballos de los Cavaliers, los White Coatsde Newcastle, los regimientos irlandeses, los covenanters, las bandas entrenadas, etc&#8230;<\/p><p><strong>PRODUCCI\u00d3N<\/strong><\/p><p>Controla tu bando gastando sabiamente tus recursos para crear nuevas tropas y pagar el coste de tu ej\u00e9rcito, toma el control de las principales ciudades industriales y sus centros de producci\u00f3n.<\/p>\t\t\t\t\t<\/div>\n\t\t\t\t\t\t<\/div>\n\t\t\t\t<\/div>\n\t\t\t\t<div class=\"elementor-element elementor-element-9cae910 elementor-widget elementor-widget-image\" data-id=\"9cae910\" data-element_type=\"widget\" data-widget_type=\"image.default\">\n\t\t\t\t<div class=\"elementor-widget-container\">\n\t\t\t\t\t\t\t\t<div class=\"elementor-image\">\n\t\t\t\t\t\t\t\t\t\t\t\t<img width=\"1024\" height=\"576\" src=\"https:\/\/www.hqwargames.com\/wp-content\/uploads\/2020\/10\/ECW_001-1024x576.jpg\" class=\"attachment-large size-large\" alt=\"\" loading=\"lazy\" srcset=\"https:\/\/www.hqwargames.com\/wp-content\/uploads\/2020\/10\/ECW_001-1024x576.jpg 1024w, https:\/\/www.hqwargames.com\/wp-content\/uploads\/2020\/10\/ECW_001-300x169.jpg 300w, https:\/\/www.hqwargames.com\/wp-content\/uploads\/2020\/10\/ECW_001-768x432.jpg 768w, https:\/\/www.hqwargames.com\/wp-content\/uploads\/2020\/10\/ECW_001.jpg 1280w\" sizes=\"(max-width: 1024px) 100vw, 1024px\" \/>\t\t\t\t\t\t\t\t\t\t\t\t\t\t<\/div>\n\t\t\t\t\t\t<\/div>\n\t\t\t\t<\/div>\n\t\t\t\t<div class=\"elementor-element elementor-element-b4434f5 elementor-widget elementor-widget-image\" data-id=\"b4434f5\" data-element_type=\"widget\" data-widget_type=\"image.default\">\n\t\t\t\t<div class=\"elementor-widget-container\">\n\t\t\t\t\t\t\t\t<div class=\"elementor-image\">\n\t\t\t\t\t\t\t\t\t\t\t\t<img width=\"1024\" height=\"576\" src=\"https:\/\/www.hqwargames.com\/wp-content\/uploads\/2020\/10\/ECW_002-1024x576.jpg\" class=\"attachment-large size-large\" alt=\"\" loading=\"lazy\" srcset=\"https:\/\/www.hqwargames.com\/wp-content\/uploads\/2020\/10\/ECW_002-1024x576.jpg 1024w, https:\/\/www.hqwargames.com\/wp-content\/uploads\/2020\/10\/ECW_002-300x169.jpg 300w, https:\/\/www.hqwargames.com\/wp-content\/uploads\/2020\/10\/ECW_002-768x432.jpg 768w, https:\/\/www.hqwargames.com\/wp-content\/uploads\/2020\/10\/ECW_002.jpg 1280w\" sizes=\"(max-width: 1024px) 100vw, 1024px\" \/>\t\t\t\t\t\t\t\t\t\t\t\t\t\t<\/div>\n\t\t\t\t\t\t<\/div>\n\t\t\t\t<\/div>\n\t\t\t\t\t\t<\/div>\n\t\t\t\t\t<\/div>\n\t\t<\/div>\n\t\t\t\t\t\t\t\t<\/div>\n\t\t\t\t\t<\/div>\n\t\t<\/section>\n\t\t\t\t<section class=\"elementor-section elementor-top-section elementor-element elementor-element-f8af7aa elementor-section-stretched elementor-section-boxed elementor-section-height-default elementor-section-height-default\" data-id=\"f8af7aa\" data-element_type=\"section\" data-settings=\"{&quot;stretch_section&quot;:&quot;section-stretched&quot;}\">\n\t\t\t\t\t\t<div class=\"elementor-container elementor-column-gap-default\">\n\t\t\t\t\t\t\t<div class=\"elementor-row\">\n\t\t\t\t\t<div class=\"elementor-column elementor-col-100 elementor-top-column elementor-element elementor-element-1428ee0\" data-id=\"1428ee0\" data-element_type=\"column\">\n\t\t\t<div class=\"elementor-column-wrap elementor-element-populated\">\n\t\t\t\t\t\t\t<div class=\"elementor-widget-wrap\">\n\t\t\t\t\t\t<div class=\"elementor-element elementor-element-4d23a07 elementor-widget elementor-widget-heading\" data-id=\"4d23a07\" data-element_type=\"widget\" data-widget_type=\"heading.default\">\n\t\t\t\t<div class=\"elementor-widget-container\">\n\t\t\t<h2 class=\"elementor-heading-title elementor-size-default\">Otros dise\u00f1os de Headquarter's bajo el motor de Ageod:<\/h2>\t\t<\/div>\n\t\t\t\t<\/div>\n\t\t\t\t<div class=\"elementor-element elementor-element-a23868d elementor-widget elementor-widget-text-editor\" data-id=\"a23868d\" data-element_type=\"widget\" data-widget_type=\"text-editor.default\">\n\t\t\t\t<div class=\"elementor-widget-container\">\n\t\t\t\t\t\t\t\t<div class=\"elementor-text-editor elementor-clearfix\">\n\t\t\t\t<p><a href=\"https:\/\/www.hqwargames.com\/index.php\/thirty-years-war\/\">Thirty Years War<\/a><\/p><p><a href=\"https:\/\/www.hqwargames.com\/index.php\/espana-1936\/\">Espa\u00f1a: 1936<\/a><\/p>\t\t\t\t\t<\/div>\n\t\t\t\t\t\t<\/div>\n\t\t\t\t<\/div>\n\t\t\t\t\t\t<\/div>\n\t\t\t\t\t<\/div>\n\t\t<\/div>\n\t\t\t\t\t\t\t\t<\/div>\n\t\t\t\t\t<\/div>\n\t\t<\/section>\n\t\t\t\t\t\t\t\t\t<\/div>\n\t\t\t<\/div>\n\t\t\t\t\t<\/div>\n\t\t","protected":false},"excerpt":{"rendered":"<p>English Civil War Roundheads vs Cavaliers Este juego recrea la amarga y decisiva guerra civil inglesa con precisi\u00f3n hist\u00f3rica. Con una selecci\u00f3n detallada de las unidades hist\u00f3ricas del conflicto, encontrar\u00e1 los Covenanters, los White Coats de Newcastle, los Ironsides de Cromwell, el New Model Army o la legendaria infanter\u00eda de Cornualles. \u00bfEl Rey o el [&hellip;]<\/p>\n","protected":false},"author":1,"featured_media":0,"parent":0,"menu_order":0,"comment_status":"closed","ping_status":"closed","template":"","meta":[],"_links":{"self":[{"href":"https:\/\/www.hqwargames.com\/index.php\/wp-json\/wp\/v2\/pages\/450"}],"collection":[{"href":"https:\/\/www.hqwargames.com\/index.php\/wp-json\/wp\/v2\/pages"}],"about":[{"href":"https:\/\/www.hqwargames.com\/index.php\/wp-json\/wp\/v2\/types\/page"}],"author":[{"embeddable":true,"href":"https:\/\/www.hqwargames.com\/index.php\/wp-json\/wp\/v2\/users\/1"}],"replies":[{"embeddable":true,"href":"https:\/\/www.hqwargames.com\/index.php\/wp-json\/wp\/v2\/comments?post=450"}],"version-history":[{"count":10,"href":"https:\/\/www.hqwargames.com\/index.php\/wp-json\/wp\/v2\/pages\/450\/revisions"}],"predecessor-version":[{"id":1794,"href":"https:\/\/www.hqwargames.com\/index.php\/wp-json\/wp\/v2\/pages\/450\/revisions\/1794"}],"wp:attachment":[{"href":"https:\/\/www.hqwargames.com\/index.php\/wp-json\/wp\/v2\/media?parent=450"}],"curies":[{"name":"wp","href":"https:\/\/api.w.org\/{rel}","templated":true}]}}