{"id":4136,"date":"2024-09-29T11:03:27","date_gmt":"2024-09-29T09:03:27","guid":{"rendered":"https:\/\/www.hqwargames.com\/?page_id=4136"},"modified":"2024-11-29T21:38:10","modified_gmt":"2024-11-29T19:38:10","slug":"hispania-esp","status":"publish","type":"page","link":"https:\/\/www.hqwargames.com\/index.php\/hispania-esp\/","title":{"rendered":"Hispania esp"},"content":{"rendered":"\t\t<div data-elementor-type=\"wp-page\" data-elementor-id=\"4136\" class=\"elementor elementor-4136\">\n\t\t\t\t\t\t<div class=\"elementor-inner\">\n\t\t\t\t<div class=\"elementor-section-wrap\">\n\t\t\t\t\t\t\t\t\t<section class=\"elementor-section elementor-top-section elementor-element elementor-element-f3f17bc elementor-section-stretched elementor-section-boxed elementor-section-height-default elementor-section-height-default\" data-id=\"f3f17bc\" data-element_type=\"section\" data-settings=\"{&quot;stretch_section&quot;:&quot;section-stretched&quot;}\">\n\t\t\t\t\t\t<div class=\"elementor-container elementor-column-gap-default\">\n\t\t\t\t\t\t\t<div class=\"elementor-row\">\n\t\t\t\t\t<div class=\"elementor-column elementor-col-100 elementor-top-column elementor-element elementor-element-0f40111\" data-id=\"0f40111\" data-element_type=\"column\">\n\t\t\t<div class=\"elementor-column-wrap elementor-element-populated\">\n\t\t\t\t\t\t\t<div class=\"elementor-widget-wrap\">\n\t\t\t\t\t\t<div class=\"elementor-element elementor-element-195f71c elementor-widget elementor-widget-image\" data-id=\"195f71c\" data-element_type=\"widget\" data-widget_type=\"image.default\">\n\t\t\t\t<div class=\"elementor-widget-container\">\n\t\t\t\t\t\t\t\t<div class=\"elementor-image\">\n\t\t\t\t\t\t\t\t\t\t\t\t<img width=\"1024\" height=\"646\" src=\"https:\/\/www.hqwargames.com\/wp-content\/uploads\/2024\/09\/PORTADA-con-LOGOS-1024x646.png\" class=\"attachment-large size-large\" alt=\"\" loading=\"lazy\" srcset=\"https:\/\/www.hqwargames.com\/wp-content\/uploads\/2024\/09\/PORTADA-con-LOGOS-1024x646.png 1024w, https:\/\/www.hqwargames.com\/wp-content\/uploads\/2024\/09\/PORTADA-con-LOGOS-300x189.png 300w, https:\/\/www.hqwargames.com\/wp-content\/uploads\/2024\/09\/PORTADA-con-LOGOS-768x484.png 768w, https:\/\/www.hqwargames.com\/wp-content\/uploads\/2024\/09\/PORTADA-con-LOGOS.png 1172w\" sizes=\"(max-width: 1024px) 100vw, 1024px\" \/>\t\t\t\t\t\t\t\t\t\t\t\t\t\t<\/div>\n\t\t\t\t\t\t<\/div>\n\t\t\t\t<\/div>\n\t\t\t\t<div class=\"elementor-element elementor-element-75b0626 elementor-widget elementor-widget-image\" data-id=\"75b0626\" data-element_type=\"widget\" data-widget_type=\"image.default\">\n\t\t\t\t<div class=\"elementor-widget-container\">\n\t\t\t\t\t\t\t\t<div class=\"elementor-image\">\n\t\t\t\t\t\t\t\t\t\t\t\t<img width=\"600\" height=\"84\" src=\"https:\/\/www.hqwargames.com\/wp-content\/uploads\/2024\/09\/Titres_Hispania.webp\" class=\"attachment-large size-large\" alt=\"\" loading=\"lazy\" srcset=\"https:\/\/www.hqwargames.com\/wp-content\/uploads\/2024\/09\/Titres_Hispania.webp 600w, https:\/\/www.hqwargames.com\/wp-content\/uploads\/2024\/09\/Titres_Hispania-300x42.webp 300w\" sizes=\"(max-width: 600px) 100vw, 600px\" \/>\t\t\t\t\t\t\t\t\t\t\t\t\t\t<\/div>\n\t\t\t\t\t\t<\/div>\n\t\t\t\t<\/div>\n\t\t\t\t\t\t<\/div>\n\t\t\t\t\t<\/div>\n\t\t<\/div>\n\t\t\t\t\t\t\t\t<\/div>\n\t\t\t\t\t<\/div>\n\t\t<\/section>\n\t\t\t\t<section class=\"elementor-section elementor-top-section elementor-element elementor-element-b5f6cb6 elementor-section-stretched elementor-section-boxed elementor-section-height-default elementor-section-height-default\" data-id=\"b5f6cb6\" data-element_type=\"section\" data-settings=\"{&quot;stretch_section&quot;:&quot;section-stretched&quot;}\">\n\t\t\t\t\t\t<div class=\"elementor-container elementor-column-gap-default\">\n\t\t\t\t\t\t\t<div class=\"elementor-row\">\n\t\t\t\t\t<div class=\"elementor-column elementor-col-100 elementor-top-column elementor-element elementor-element-2d5a429\" data-id=\"2d5a429\" data-element_type=\"column\">\n\t\t\t<div class=\"elementor-column-wrap elementor-element-populated\">\n\t\t\t\t\t\t\t<div class=\"elementor-widget-wrap\">\n\t\t\t\t\t\t<div class=\"elementor-element elementor-element-466557b elementor-widget elementor-widget-text-editor\" data-id=\"466557b\" data-element_type=\"widget\" data-widget_type=\"text-editor.default\">\n\t\t\t\t<div class=\"elementor-widget-container\">\n\t\t\t\t\t\t\t\t<div class=\"elementor-text-editor elementor-clearfix\">\n\t\t\t\t<p>Hispania es una adaptaci\u00f3n del juego Brittania dise\u00f1ado originalmente por Andreas Steding en 1994 (publicado originalmente por Azure Wish; ver tambi\u00e9n en BoardGameGeek). Planeamos tener el juego listo para finales de 2024 en su versi\u00f3n digital, gracias a\u00a0 las ayudas recibidas por el Ministerio de Cultura y la Uni\u00f3n Europea.<\/p><p>El juego de mesa original era un gran juego y la versi\u00f3n digital conserva el cromo y la diversi\u00f3n, cambia algunas reglas en aras de la simplicidad y, como en la versi\u00f3n de Avalon Digital de Britannia, deja la parte engorrosa del reglamento en manos de la IA.<\/p><p>Asume el papel de Am\u00edlkar y Escipi\u00f3n en la antigua Hispania, o el legendario Al Mansur en la \u00e9poca de Al-Andalus (Espa\u00f1a musulmana) o El Cid durante la \u00e9poca de la Reconquista, y deja tu huella en la historia temprana de la Pen\u00ednsula Ib\u00e9rica.<\/p><p>Hispania se publicar\u00e1 en <strong>varios idiomas<\/strong> como castellano, ingl\u00e9s y franc\u00e9s entre otros,<\/p>\t\t\t\t\t<\/div>\n\t\t\t\t\t\t<\/div>\n\t\t\t\t<\/div>\n\t\t\t\t<div class=\"elementor-element elementor-element-9cae910 elementor-widget elementor-widget-image\" data-id=\"9cae910\" data-element_type=\"widget\" data-widget_type=\"image.default\">\n\t\t\t\t<div class=\"elementor-widget-container\">\n\t\t\t\t\t\t\t\t<div class=\"elementor-image\">\n\t\t\t\t\t\t\t\t\t\t\t\t<img width=\"1024\" height=\"744\" src=\"https:\/\/www.hqwargames.com\/wp-content\/uploads\/2024\/11\/Postcard_front-1024x744.jpg\" class=\"attachment-large size-large\" alt=\"\" loading=\"lazy\" srcset=\"https:\/\/www.hqwargames.com\/wp-content\/uploads\/2024\/11\/Postcard_front-1024x744.jpg 1024w, https:\/\/www.hqwargames.com\/wp-content\/uploads\/2024\/11\/Postcard_front-300x218.jpg 300w, https:\/\/www.hqwargames.com\/wp-content\/uploads\/2024\/11\/Postcard_front-768x558.jpg 768w, https:\/\/www.hqwargames.com\/wp-content\/uploads\/2024\/11\/Postcard_front-1536x1116.jpg 1536w, https:\/\/www.hqwargames.com\/wp-content\/uploads\/2024\/11\/Postcard_front-2048x1488.jpg 2048w\" sizes=\"(max-width: 1024px) 100vw, 1024px\" \/>\t\t\t\t\t\t\t\t\t\t\t\t\t\t<\/div>\n\t\t\t\t\t\t<\/div>\n\t\t\t\t<\/div>\n\t\t\t\t<div class=\"elementor-element elementor-element-673f3f1 elementor-widget elementor-widget-image\" data-id=\"673f3f1\" data-element_type=\"widget\" data-widget_type=\"image.default\">\n\t\t\t\t<div class=\"elementor-widget-container\">\n\t\t\t\t\t\t\t\t<div class=\"elementor-image\">\n\t\t\t\t\t\t\t\t\t\t\t\t<img width=\"1024\" height=\"576\" src=\"https:\/\/www.hqwargames.com\/wp-content\/uploads\/2024\/09\/invasions-Hispania-Scenario-1024x576.webp\" class=\"attachment-large size-large\" alt=\"\" loading=\"lazy\" srcset=\"https:\/\/www.hqwargames.com\/wp-content\/uploads\/2024\/09\/invasions-Hispania-Scenario-1024x576.webp 1024w, https:\/\/www.hqwargames.com\/wp-content\/uploads\/2024\/09\/invasions-Hispania-Scenario-300x169.webp 300w, https:\/\/www.hqwargames.com\/wp-content\/uploads\/2024\/09\/invasions-Hispania-Scenario-768x432.webp 768w, https:\/\/www.hqwargames.com\/wp-content\/uploads\/2024\/09\/invasions-Hispania-Scenario-1536x864.webp 1536w, https:\/\/www.hqwargames.com\/wp-content\/uploads\/2024\/09\/invasions-Hispania-Scenario.webp 1920w\" sizes=\"(max-width: 1024px) 100vw, 1024px\" \/>\t\t\t\t\t\t\t\t\t\t\t\t\t\t<\/div>\n\t\t\t\t\t\t<\/div>\n\t\t\t\t<\/div>\n\t\t\t\t<div class=\"elementor-element elementor-element-b4434f5 elementor-widget elementor-widget-image\" data-id=\"b4434f5\" data-element_type=\"widget\" data-widget_type=\"image.default\">\n\t\t\t\t<div class=\"elementor-widget-container\">\n\t\t\t\t\t\t\t\t<div class=\"elementor-image\">\n\t\t\t\t\t\t\t\t\t\t\t\t<img width=\"1024\" height=\"896\" src=\"https:\/\/www.hqwargames.com\/wp-content\/uploads\/2024\/09\/Invasions_Hispania-Map-1024x896.webp\" class=\"attachment-large size-large\" alt=\"\" loading=\"lazy\" srcset=\"https:\/\/www.hqwargames.com\/wp-content\/uploads\/2024\/09\/Invasions_Hispania-Map-1024x896.webp 1024w, https:\/\/www.hqwargames.com\/wp-content\/uploads\/2024\/09\/Invasions_Hispania-Map-300x263.webp 300w, https:\/\/www.hqwargames.com\/wp-content\/uploads\/2024\/09\/Invasions_Hispania-Map-768x672.webp 768w, https:\/\/www.hqwargames.com\/wp-content\/uploads\/2024\/09\/Invasions_Hispania-Map-1536x1344.webp 1536w, https:\/\/www.hqwargames.com\/wp-content\/uploads\/2024\/09\/Invasions_Hispania-Map.webp 1600w\" sizes=\"(max-width: 1024px) 100vw, 1024px\" \/>\t\t\t\t\t\t\t\t\t\t\t\t\t\t<\/div>\n\t\t\t\t\t\t<\/div>\n\t\t\t\t<\/div>\n\t\t\t\t<div class=\"elementor-element elementor-element-84a0728 elementor-widget elementor-widget-image\" data-id=\"84a0728\" data-element_type=\"widget\" data-widget_type=\"image.default\">\n\t\t\t\t<div class=\"elementor-widget-container\">\n\t\t\t\t\t\t\t\t<div class=\"elementor-image\">\n\t\t\t\t\t\t\t\t\t\t\t\t<img width=\"1024\" height=\"592\" src=\"https:\/\/www.hqwargames.com\/wp-content\/uploads\/2024\/11\/Captura03-1024x592.jpg\" class=\"attachment-large size-large\" alt=\"\" loading=\"lazy\" srcset=\"https:\/\/www.hqwargames.com\/wp-content\/uploads\/2024\/11\/Captura03-1024x592.jpg 1024w, https:\/\/www.hqwargames.com\/wp-content\/uploads\/2024\/11\/Captura03-300x173.jpg 300w, https:\/\/www.hqwargames.com\/wp-content\/uploads\/2024\/11\/Captura03-768x444.jpg 768w, https:\/\/www.hqwargames.com\/wp-content\/uploads\/2024\/11\/Captura03-1536x888.jpg 1536w, https:\/\/www.hqwargames.com\/wp-content\/uploads\/2024\/11\/Captura03.jpg 1828w\" sizes=\"(max-width: 1024px) 100vw, 1024px\" \/>\t\t\t\t\t\t\t\t\t\t\t\t\t\t<\/div>\n\t\t\t\t\t\t<\/div>\n\t\t\t\t<\/div>\n\t\t\t\t\t\t<\/div>\n\t\t\t\t\t<\/div>\n\t\t<\/div>\n\t\t\t\t\t\t\t\t<\/div>\n\t\t\t\t\t<\/div>\n\t\t<\/section>\n\t\t\t\t<section class=\"elementor-section elementor-top-section elementor-element elementor-element-f8af7aa elementor-section-stretched elementor-section-boxed elementor-section-height-default elementor-section-height-default\" data-id=\"f8af7aa\" data-element_type=\"section\" data-settings=\"{&quot;stretch_section&quot;:&quot;section-stretched&quot;}\">\n\t\t\t\t\t\t<div class=\"elementor-container elementor-column-gap-default\">\n\t\t\t\t\t\t\t<div class=\"elementor-row\">\n\t\t\t\t\t<div class=\"elementor-column elementor-col-100 elementor-top-column elementor-element elementor-element-1428ee0\" data-id=\"1428ee0\" data-element_type=\"column\">\n\t\t\t<div class=\"elementor-column-wrap elementor-element-populated\">\n\t\t\t\t\t\t\t<div class=\"elementor-widget-wrap\">\n\t\t\t\t\t\t<div class=\"elementor-element elementor-element-4d23a07 elementor-widget elementor-widget-heading\" data-id=\"4d23a07\" data-element_type=\"widget\" data-widget_type=\"heading.default\">\n\t\t\t\t<div class=\"elementor-widget-container\">\n\t\t\t<h2 class=\"elementor-heading-title elementor-size-default\">Otros dise\u00f1os de Headquarter en colaboraci\u00f3n con Avalon Digital<\/h2>\t\t<\/div>\n\t\t\t\t<\/div>\n\t\t\t\t<div class=\"elementor-element elementor-element-a23868d elementor-widget elementor-widget-text-editor\" data-id=\"a23868d\" data-element_type=\"widget\" data-widget_type=\"text-editor.default\">\n\t\t\t\t<div class=\"elementor-widget-container\">\n\t\t\t\t\t\t\t\t<div class=\"elementor-text-editor elementor-clearfix\">\n\t\t\t\t<p><a href=\"https:\/\/www.hqwargames.com\/index.php\/es\/battles-for-spain-es\/\"><strong><em>Battles For Spain<\/em><\/strong><\/a><\/p><p><a href=\"https:\/\/www.hqwargames.com\/index.php\/lom-wargame-esp\/\"><strong><em>Libertad o muerte!<\/em><\/strong><\/a><\/p><p><a href=\"https:\/\/store.steampowered.com\/app\/1933830\/SGS_Spain_at_War\/\"><strong><em>Spain at War (en desarrollo)<\/em><\/strong><\/a><\/p>\t\t\t\t\t<\/div>\n\t\t\t\t\t\t<\/div>\n\t\t\t\t<\/div>\n\t\t\t\t\t\t<\/div>\n\t\t\t\t\t<\/div>\n\t\t<\/div>\n\t\t\t\t\t\t\t\t<\/div>\n\t\t\t\t\t<\/div>\n\t\t<\/section>\n\t\t\t\t\t\t\t\t\t<\/div>\n\t\t\t<\/div>\n\t\t\t\t\t<\/div>\n\t\t","protected":false},"excerpt":{"rendered":"<p>Hispania es una adaptaci\u00f3n del juego Brittania dise\u00f1ado originalmente por Andreas Steding en 1994 (publicado originalmente por Azure Wish; ver tambi\u00e9n en BoardGameGeek). Planeamos tener el juego listo para finales de 2024 en su versi\u00f3n digital, gracias a\u00a0 las ayudas recibidas por el Ministerio de Cultura y la Uni\u00f3n Europea. El juego de mesa original [&hellip;]<\/p>\n","protected":false},"author":1,"featured_media":0,"parent":0,"menu_order":0,"comment_status":"closed","ping_status":"closed","template":"","meta":[],"_links":{"self":[{"href":"https:\/\/www.hqwargames.com\/index.php\/wp-json\/wp\/v2\/pages\/4136"}],"collection":[{"href":"https:\/\/www.hqwargames.com\/index.php\/wp-json\/wp\/v2\/pages"}],"about":[{"href":"https:\/\/www.hqwargames.com\/index.php\/wp-json\/wp\/v2\/types\/page"}],"author":[{"embeddable":true,"href":"https:\/\/www.hqwargames.com\/index.php\/wp-json\/wp\/v2\/users\/1"}],"replies":[{"embeddable":true,"href":"https:\/\/www.hqwargames.com\/index.php\/wp-json\/wp\/v2\/comments?post=4136"}],"version-history":[{"count":20,"href":"https:\/\/www.hqwargames.com\/index.php\/wp-json\/wp\/v2\/pages\/4136\/revisions"}],"predecessor-version":[{"id":4241,"href":"https:\/\/www.hqwargames.com\/index.php\/wp-json\/wp\/v2\/pages\/4136\/revisions\/4241"}],"wp:attachment":[{"href":"https:\/\/www.hqwargames.com\/index.php\/wp-json\/wp\/v2\/media?parent=4136"}],"curies":[{"name":"wp","href":"https:\/\/api.w.org\/{rel}","templated":true}]}}