{"id":4081,"date":"2024-07-17T13:31:42","date_gmt":"2024-07-17T11:31:42","guid":{"rendered":"https:\/\/www.hqwargames.com\/?page_id=4081"},"modified":"2025-12-13T10:52:42","modified_gmt":"2025-12-13T08:52:42","slug":"la-campana_de-andalucia","status":"publish","type":"page","link":"https:\/\/www.hqwargames.com\/index.php\/la-campana_de-andalucia\/","title":{"rendered":"La Campa\u00f1a de Andalucia"},"content":{"rendered":"\t\t<div data-elementor-type=\"wp-page\" data-elementor-id=\"4081\" class=\"elementor elementor-4081\">\n\t\t\t\t\t\t<div class=\"elementor-inner\">\n\t\t\t\t<div class=\"elementor-section-wrap\">\n\t\t\t\t\t\t\t\t\t<section class=\"elementor-section elementor-top-section elementor-element elementor-element-2dcad388 elementor-section-boxed elementor-section-height-default elementor-section-height-default\" data-id=\"2dcad388\" data-element_type=\"section\">\n\t\t\t\t\t\t<div class=\"elementor-container elementor-column-gap-default\">\n\t\t\t\t\t\t\t<div class=\"elementor-row\">\n\t\t\t\t\t<div class=\"elementor-column elementor-col-100 elementor-top-column elementor-element elementor-element-3e22af97\" data-id=\"3e22af97\" data-element_type=\"column\">\n\t\t\t<div class=\"elementor-column-wrap elementor-element-populated\">\n\t\t\t\t\t\t\t<div class=\"elementor-widget-wrap\">\n\t\t\t\t\t\t<div class=\"elementor-element elementor-element-2644823 elementor-widget elementor-widget-heading\" data-id=\"2644823\" data-element_type=\"widget\" data-widget_type=\"heading.default\">\n\t\t\t\t<div class=\"elementor-widget-container\">\n\t\t\t<h2 class=\"elementor-heading-title elementor-size-large\">La Campa\u00f1a de Andaluc\u00eda<\/h2>\t\t<\/div>\n\t\t\t\t<\/div>\n\t\t\t\t<div class=\"elementor-element elementor-element-014827a elementor-widget elementor-widget-image\" data-id=\"014827a\" data-element_type=\"widget\" data-widget_type=\"image.default\">\n\t\t\t\t<div class=\"elementor-widget-container\">\n\t\t\t\t\t\t\t\t<div class=\"elementor-image\">\n\t\t\t\t\t\t\t\t\t<figure class=\"wp-caption\">\n\t\t\t\t\t\t\t\t\t\t<img src=\"https:\/\/www.hqwargames.com\/wp-content\/uploads\/elementor\/thumbs\/Caja_HQ_LCdA-rg36165424wu36zovcfd615is1dmw4fhmajfcojtrg.png\" title=\"Caja_HQ_LCdA\" alt=\"Caja_HQ_LCdA\" \/>\t\t\t\t\t\t\t\t\t\t\t<figcaption class=\"widget-image-caption wp-caption-text\"><\/figcaption>\n\t\t\t\t\t\t\t\t\t\t<\/figure>\n\t\t\t\t\t\t\t\t<\/div>\n\t\t\t\t\t\t<\/div>\n\t\t\t\t<\/div>\n\t\t\t\t<div class=\"elementor-element elementor-element-5dd7681b elementor-widget elementor-widget-text-editor\" data-id=\"5dd7681b\" data-element_type=\"widget\" data-widget_type=\"text-editor.default\">\n\t\t\t\t<div class=\"elementor-widget-container\">\n\t\t\t\t\t\t\t\t<div class=\"elementor-text-editor elementor-clearfix\">\n\t\t\t\t<p><!-- wp:heading --><\/p>\n<p><!-- \/wp:heading --><!-- wp:image {\"id\":1486,\"align\":\"right\"} --><\/p>\n<p><!-- \/wp:image --><!-- wp:paragraph --><\/p>\n<div>&nbsp;<\/div>\n<div>\n<div><b>La Campa\u00f1a de Andaluc\u00eda<\/b> es un juego estrat\u00e9gico para un jugador sobre las operaciones militares que siguieron al alzamiento militar del 18 de Julio de 1936 en esa regi\u00f3n de Espa\u00f1a. El jugador dirige las fuerzas del general Queipo de Llano y el Ej\u00e9rcito de \u00c1frica. Su objetivo es hacerse con el control de todos los objetivos militares del modo mas eficiente con las tropas que dispone.<\/div>\n<div>&nbsp;<\/div>\n<div><b>SITUACI\u00d3N:<\/b> En testeo.<\/div>\n<div>&nbsp;<\/div>\n<div>\n<div>&nbsp;<\/div>\n<div>&nbsp;<\/div>\n<\/div>\n<div>\n<div><b>Secuencia de juego<\/b>: El juego consta de 21 turnos de juego que comienzan en el turno 1 (18 de julio de 1936) y terminan en el turno 21 (22-23 de agosto de 1936).<\/div>\n<div>En cada turno, realizar\u00e1s las &#8220;fases&#8221; enumeradas en el orden preciso que se muestra en la secuencia de juego detallada.&nbsp;<\/div>\n<div>&#8211; Extracci\u00f3n de ficha de Puntos de Mando y ejecuci\u00f3n de evento asociado si lo tiene.<\/div>\n<div>&#8211; Ejecuci\u00f3n de Acciones del jugador<\/div>\n<div>&#8211; Determinaci\u00f3n de Eventos y Resoluci\u00f3n<\/div>\n<div>&#8211; Ajuste de Puntos de Victoria<\/div>\n<div>&#8211; Fin de Turno<\/div>\n<div>&nbsp;<\/div>\n<\/div>\n<div>&nbsp;<\/div>\n<h4><b>Componentes del juego:<\/b><\/h4>\n<\/div>\n<ul>\n<li>Mapa de juego montado (60x40cm).<\/li>\n<li>4 planchas de fichas de cart\u00f3n.<\/li><li>1 Bolsa de tela.<\/li>\n<li>1 Reglamento.<\/li>\n<li>1 Hoja de ayuda al juego (doble cara espa\u00f1ol\/ingl\u00e9s).<\/li>\n<li>1 Dado de 10 caras.<\/li>\n<li>1 Dado de 12 caras.<\/li>\n<li>1 Caja.<\/li>\n<\/ul>\n<p><!-- \/wp:paragraph --><!-- wp:image {\"id\":1378,\"align\":\"center\"} --><\/p>\n<div>&nbsp;<\/div>\n<p><!-- \/wp:image --><!-- wp:paragraph --><\/p>\n<p><b>&nbsp;La Campa\u00f1a de Andaluc\u00eda<\/b><b style=\"font-size: 14px; color: var( --e-global-color-text );\">&nbsp;<\/b><span style=\"font-size: 14px; color: var( --e-global-color-text );\">estar\u00e1 disponible como juego en caja en dos idiomas, ingl\u00e9s y espa\u00f1ol.&nbsp;<\/span><\/p>\n<div data-effect=\"slide\">\n<div>&nbsp;<span style=\"font-family: Roboto, sans-serif; font-size: 14px; font-style: normal; font-variant-ligatures: normal; font-variant-caps: normal; font-weight: bold;\">Dise\u00f1ador: <\/span><span style=\"font-family: Roboto, sans-serif; font-size: 14px; font-style: normal; font-variant-ligatures: normal; font-variant-caps: normal;\">Miguel Santacruz<\/span><\/div>\n<div><span style=\"font-family: Roboto, sans-serif; font-size: 14px; font-style: normal; font-variant-ligatures: normal; font-variant-caps: normal;\"><b>&nbsp;Artista<\/b>: David Prieto&nbsp;<\/span><\/div>\n<\/div>\t\t\t\t\t<\/div>\n\t\t\t\t\t\t<\/div>\n\t\t\t\t<\/div>\n\t\t\t\t\t\t<\/div>\n\t\t\t\t\t<\/div>\n\t\t<\/div>\n\t\t\t\t\t\t\t\t<\/div>\n\t\t\t\t\t<\/div>\n\t\t<\/section>\n\t\t\t\t<section class=\"elementor-section elementor-top-section elementor-element elementor-element-1d90061 elementor-section-boxed elementor-section-height-default elementor-section-height-default\" data-id=\"1d90061\" data-element_type=\"section\">\n\t\t\t\t\t\t<div class=\"elementor-container elementor-column-gap-default\">\n\t\t\t\t\t\t\t<div class=\"elementor-row\">\n\t\t\t\t\t<div class=\"elementor-column elementor-col-100 elementor-top-column elementor-element elementor-element-cfd0ee6\" data-id=\"cfd0ee6\" data-element_type=\"column\">\n\t\t\t<div class=\"elementor-column-wrap elementor-element-populated\">\n\t\t\t\t\t\t\t<div class=\"elementor-widget-wrap\">\n\t\t\t\t\t\t<div class=\"elementor-element elementor-element-a380617 elementor-widget elementor-widget-image\" data-id=\"a380617\" data-element_type=\"widget\" data-widget_type=\"image.default\">\n\t\t\t\t<div class=\"elementor-widget-container\">\n\t\t\t\t\t\t\t\t<div class=\"elementor-image\">\n\t\t\t\t\t\t\t\t\t<figure class=\"wp-caption\">\n\t\t\t\t\t\t\t\t\t\t<img width=\"497\" height=\"647\" src=\"https:\/\/www.hqwargames.com\/wp-content\/uploads\/2025\/12\/Fichas_LcdA_B_Front.png\" class=\"attachment-large size-large\" alt=\"\" loading=\"lazy\" srcset=\"https:\/\/www.hqwargames.com\/wp-content\/uploads\/2025\/12\/Fichas_LcdA_B_Front.png 497w, https:\/\/www.hqwargames.com\/wp-content\/uploads\/2025\/12\/Fichas_LcdA_B_Front-230x300.png 230w\" sizes=\"(max-width: 497px) 100vw, 497px\" \/>\t\t\t\t\t\t\t\t\t\t\t<figcaption class=\"widget-image-caption wp-caption-text\">Plantilla de fichas fase Beta<\/figcaption>\n\t\t\t\t\t\t\t\t\t\t<\/figure>\n\t\t\t\t\t\t\t\t<\/div>\n\t\t\t\t\t\t<\/div>\n\t\t\t\t<\/div>\n\t\t\t\t<div class=\"elementor-element elementor-element-9b398b8 elementor-widget elementor-widget-image\" data-id=\"9b398b8\" data-element_type=\"widget\" data-widget_type=\"image.default\">\n\t\t\t\t<div class=\"elementor-widget-container\">\n\t\t\t\t\t\t\t\t<div class=\"elementor-image\">\n\t\t\t\t\t\t\t\t\t<figure class=\"wp-caption\">\n\t\t\t\t\t\t\t\t\t\t<img width=\"776\" height=\"1024\" src=\"https:\/\/www.hqwargames.com\/wp-content\/uploads\/2025\/12\/La-Campana-de-Andalucia_8Dic-01-776x1024.png\" class=\"attachment-large size-large\" alt=\"\" loading=\"lazy\" srcset=\"https:\/\/www.hqwargames.com\/wp-content\/uploads\/2025\/12\/La-Campana-de-Andalucia_8Dic-01-776x1024.png 776w, https:\/\/www.hqwargames.com\/wp-content\/uploads\/2025\/12\/La-Campana-de-Andalucia_8Dic-01-227x300.png 227w, https:\/\/www.hqwargames.com\/wp-content\/uploads\/2025\/12\/La-Campana-de-Andalucia_8Dic-01-768x1014.png 768w, https:\/\/www.hqwargames.com\/wp-content\/uploads\/2025\/12\/La-Campana-de-Andalucia_8Dic-01-1163x1536.png 1163w, https:\/\/www.hqwargames.com\/wp-content\/uploads\/2025\/12\/La-Campana-de-Andalucia_8Dic-01-1551x2048.png 1551w\" sizes=\"(max-width: 776px) 100vw, 776px\" \/>\t\t\t\t\t\t\t\t\t\t\t<figcaption class=\"widget-image-caption wp-caption-text\">Mapa del juego, prototipo<\/figcaption>\n\t\t\t\t\t\t\t\t\t\t<\/figure>\n\t\t\t\t\t\t\t\t<\/div>\n\t\t\t\t\t\t<\/div>\n\t\t\t\t<\/div>\n\t\t\t\t<div class=\"elementor-element elementor-element-0f7e0bf elementor-widget elementor-widget-image\" data-id=\"0f7e0bf\" data-element_type=\"widget\" data-widget_type=\"image.default\">\n\t\t\t\t<div class=\"elementor-widget-container\">\n\t\t\t\t\t\t\t\t<div class=\"elementor-image\">\n\t\t\t\t\t\t\t\t\t<figure class=\"wp-caption\">\n\t\t\t\t\t\t\t\t\t\t<img width=\"728\" height=\"1024\" src=\"https:\/\/www.hqwargames.com\/wp-content\/uploads\/2025\/06\/LcDa-Tablas-728x1024.jpg\" class=\"attachment-large size-large\" alt=\"\" loading=\"lazy\" srcset=\"https:\/\/www.hqwargames.com\/wp-content\/uploads\/2025\/06\/LcDa-Tablas-728x1024.jpg 728w, https:\/\/www.hqwargames.com\/wp-content\/uploads\/2025\/06\/LcDa-Tablas-213x300.jpg 213w, https:\/\/www.hqwargames.com\/wp-content\/uploads\/2025\/06\/LcDa-Tablas-768x1080.jpg 768w, https:\/\/www.hqwargames.com\/wp-content\/uploads\/2025\/06\/LcDa-Tablas-1093x1536.jpg 1093w, https:\/\/www.hqwargames.com\/wp-content\/uploads\/2025\/06\/LcDa-Tablas.jpg 1252w\" sizes=\"(max-width: 728px) 100vw, 728px\" \/>\t\t\t\t\t\t\t\t\t\t\t<figcaption class=\"widget-image-caption wp-caption-text\">prototipo<\/figcaption>\n\t\t\t\t\t\t\t\t\t\t<\/figure>\n\t\t\t\t\t\t\t\t<\/div>\n\t\t\t\t\t\t<\/div>\n\t\t\t\t<\/div>\n\t\t\t\t\t\t<\/div>\n\t\t\t\t\t<\/div>\n\t\t<\/div>\n\t\t\t\t\t\t\t\t<\/div>\n\t\t\t\t\t<\/div>\n\t\t<\/section>\n\t\t\t\t<section class=\"elementor-section elementor-top-section elementor-element elementor-element-e2372ad elementor-section-boxed elementor-section-height-default elementor-section-height-default\" data-id=\"e2372ad\" data-element_type=\"section\">\n\t\t\t\t\t\t<div class=\"elementor-container elementor-column-gap-default\">\n\t\t\t\t\t\t\t<div class=\"elementor-row\">\n\t\t\t\t\t<div class=\"elementor-column elementor-col-100 elementor-top-column elementor-element elementor-element-1c5d086\" data-id=\"1c5d086\" data-element_type=\"column\">\n\t\t\t<div class=\"elementor-column-wrap\">\n\t\t\t\t\t\t\t<div class=\"elementor-widget-wrap\">\n\t\t\t\t\t\t\t\t<\/div>\n\t\t\t\t\t<\/div>\n\t\t<\/div>\n\t\t\t\t\t\t\t\t<\/div>\n\t\t\t\t\t<\/div>\n\t\t<\/section>\n\t\t\t\t<section class=\"elementor-section elementor-top-section elementor-element elementor-element-b279c0c elementor-section-boxed elementor-section-height-default elementor-section-height-default\" data-id=\"b279c0c\" data-element_type=\"section\">\n\t\t\t\t\t\t<div class=\"elementor-container elementor-column-gap-default\">\n\t\t\t\t\t\t\t<div class=\"elementor-row\">\n\t\t\t\t\t<div class=\"elementor-column elementor-col-100 elementor-top-column elementor-element elementor-element-8f4d162\" data-id=\"8f4d162\" data-element_type=\"column\">\n\t\t\t<div class=\"elementor-column-wrap elementor-element-populated\">\n\t\t\t\t\t\t\t<div class=\"elementor-widget-wrap\">\n\t\t\t\t\t\t<div class=\"elementor-element elementor-element-60c027e elementor-widget elementor-widget-heading\" data-id=\"60c027e\" data-element_type=\"widget\" data-widget_type=\"heading.default\">\n\t\t\t\t<div class=\"elementor-widget-container\">\n\t\t\t<h2 class=\"elementor-heading-title elementor-size-large\">Te puede interesar<\/h2>\t\t<\/div>\n\t\t\t\t<\/div>\n\t\t\t\t\t\t<\/div>\n\t\t\t\t\t<\/div>\n\t\t<\/div>\n\t\t\t\t\t\t\t\t<\/div>\n\t\t\t\t\t<\/div>\n\t\t<\/section>\n\t\t\t\t<section class=\"elementor-section elementor-top-section elementor-element elementor-element-c097a2e elementor-section-boxed elementor-section-height-default elementor-section-height-default\" data-id=\"c097a2e\" data-element_type=\"section\">\n\t\t\t\t\t\t<div class=\"elementor-container elementor-column-gap-default\">\n\t\t\t\t\t\t\t<div class=\"elementor-row\">\n\t\t\t\t\t<div class=\"elementor-column elementor-col-50 elementor-top-column elementor-element elementor-element-97b9e97\" data-id=\"97b9e97\" data-element_type=\"column\">\n\t\t\t<div class=\"elementor-column-wrap elementor-element-populated\">\n\t\t\t\t\t\t\t<div class=\"elementor-widget-wrap\">\n\t\t\t\t\t\t<div class=\"elementor-element elementor-element-bfa2107 elementor-widget elementor-widget-image\" data-id=\"bfa2107\" data-element_type=\"widget\" data-widget_type=\"image.default\">\n\t\t\t\t<div class=\"elementor-widget-container\">\n\t\t\t\t\t\t\t\t<div class=\"elementor-image\">\n\t\t\t\t\t\t\t\t\t\t\t\t\t<a href=\"https:\/\/www.hqwargames.com\/index.php\/es\/asalto-a-madrid\/\">\n\t\t\t\t\t\t\t<img width=\"724\" height=\"1024\" src=\"https:\/\/www.hqwargames.com\/wp-content\/uploads\/2022\/05\/milagro_en_noviembre-1-724x1024.jpg\" class=\"attachment-large size-large\" alt=\"\" loading=\"lazy\" srcset=\"https:\/\/www.hqwargames.com\/wp-content\/uploads\/2022\/05\/milagro_en_noviembre-1-724x1024.jpg 724w, https:\/\/www.hqwargames.com\/wp-content\/uploads\/2022\/05\/milagro_en_noviembre-1-212x300.jpg 212w, https:\/\/www.hqwargames.com\/wp-content\/uploads\/2022\/05\/milagro_en_noviembre-1-768x1087.jpg 768w, https:\/\/www.hqwargames.com\/wp-content\/uploads\/2022\/05\/milagro_en_noviembre-1-1086x1536.jpg 1086w, https:\/\/www.hqwargames.com\/wp-content\/uploads\/2022\/05\/milagro_en_noviembre-1-1447x2048.jpg 1447w, https:\/\/www.hqwargames.com\/wp-content\/uploads\/2022\/05\/milagro_en_noviembre-1-scaled.jpg 1809w\" sizes=\"(max-width: 724px) 100vw, 724px\" \/>\t\t\t\t\t\t\t\t<\/a>\n\t\t\t\t\t\t\t\t\t\t\t\t\t\t<\/div>\n\t\t\t\t\t\t<\/div>\n\t\t\t\t<\/div>\n\t\t\t\t\t\t<\/div>\n\t\t\t\t\t<\/div>\n\t\t<\/div>\n\t\t\t\t<div class=\"elementor-column elementor-col-50 elementor-top-column elementor-element elementor-element-71ede81\" data-id=\"71ede81\" data-element_type=\"column\">\n\t\t\t<div class=\"elementor-column-wrap elementor-element-populated\">\n\t\t\t\t\t\t\t<div class=\"elementor-widget-wrap\">\n\t\t\t\t\t\t<div class=\"elementor-element elementor-element-d6eb8d1 elementor-widget elementor-widget-image\" data-id=\"d6eb8d1\" data-element_type=\"widget\" data-widget_type=\"image.default\">\n\t\t\t\t<div class=\"elementor-widget-container\">\n\t\t\t\t\t\t\t\t<div class=\"elementor-image\">\n\t\t\t\t\t\t\t\t\t\t\t\t\t<a href=\"https:\/\/www.hqwargames.com\/index.php\/es\/la-batalla-del-jarama-febrero-1937\/\">\n\t\t\t\t\t\t\t<img width=\"803\" height=\"1024\" src=\"https:\/\/www.hqwargames.com\/wp-content\/uploads\/2023\/03\/Portada-Jarama-01-803x1024.png\" class=\"attachment-large size-large\" alt=\"\" loading=\"lazy\" srcset=\"https:\/\/www.hqwargames.com\/wp-content\/uploads\/2023\/03\/Portada-Jarama-01-803x1024.png 803w, https:\/\/www.hqwargames.com\/wp-content\/uploads\/2023\/03\/Portada-Jarama-01-235x300.png 235w, https:\/\/www.hqwargames.com\/wp-content\/uploads\/2023\/03\/Portada-Jarama-01-768x979.png 768w, https:\/\/www.hqwargames.com\/wp-content\/uploads\/2023\/03\/Portada-Jarama-01-1205x1536.png 1205w, https:\/\/www.hqwargames.com\/wp-content\/uploads\/2023\/03\/Portada-Jarama-01.png 1389w\" sizes=\"(max-width: 803px) 100vw, 803px\" \/>\t\t\t\t\t\t\t\t<\/a>\n\t\t\t\t\t\t\t\t\t\t\t\t\t\t<\/div>\n\t\t\t\t\t\t<\/div>\n\t\t\t\t<\/div>\n\t\t\t\t\t\t<\/div>\n\t\t\t\t\t<\/div>\n\t\t<\/div>\n\t\t\t\t\t\t\t\t<\/div>\n\t\t\t\t\t<\/div>\n\t\t<\/section>\n\t\t\t\t<section class=\"elementor-section elementor-top-section elementor-element elementor-element-8071d6d elementor-section-boxed elementor-section-height-default elementor-section-height-default\" data-id=\"8071d6d\" data-element_type=\"section\">\n\t\t\t\t\t\t<div class=\"elementor-container elementor-column-gap-default\">\n\t\t\t\t\t\t\t<div class=\"elementor-row\">\n\t\t\t\t\t<div class=\"elementor-column elementor-col-100 elementor-top-column elementor-element elementor-element-37e3415\" data-id=\"37e3415\" data-element_type=\"column\">\n\t\t\t<div class=\"elementor-column-wrap\">\n\t\t\t\t\t\t\t<div class=\"elementor-widget-wrap\">\n\t\t\t\t\t\t\t\t<\/div>\n\t\t\t\t\t<\/div>\n\t\t<\/div>\n\t\t\t\t\t\t\t\t<\/div>\n\t\t\t\t\t<\/div>\n\t\t<\/section>\n\t\t\t\t\t\t\t\t\t<\/div>\n\t\t\t<\/div>\n\t\t\t\t\t<\/div>\n\t\t","protected":false},"excerpt":{"rendered":"<p>La Campa\u00f1a de Andaluc\u00eda &nbsp; La Campa\u00f1a de Andaluc\u00eda es un juego estrat\u00e9gico para un jugador sobre las operaciones militares que siguieron al alzamiento militar del 18 de Julio de 1936 en esa regi\u00f3n de Espa\u00f1a. El jugador dirige las fuerzas del general Queipo de Llano y el Ej\u00e9rcito de \u00c1frica. Su objetivo es hacerse [&hellip;]<\/p>\n","protected":false},"author":1,"featured_media":0,"parent":0,"menu_order":0,"comment_status":"closed","ping_status":"closed","template":"","meta":[],"_links":{"self":[{"href":"https:\/\/www.hqwargames.com\/index.php\/wp-json\/wp\/v2\/pages\/4081"}],"collection":[{"href":"https:\/\/www.hqwargames.com\/index.php\/wp-json\/wp\/v2\/pages"}],"about":[{"href":"https:\/\/www.hqwargames.com\/index.php\/wp-json\/wp\/v2\/types\/page"}],"author":[{"embeddable":true,"href":"https:\/\/www.hqwargames.com\/index.php\/wp-json\/wp\/v2\/users\/1"}],"replies":[{"embeddable":true,"href":"https:\/\/www.hqwargames.com\/index.php\/wp-json\/wp\/v2\/comments?post=4081"}],"version-history":[{"count":55,"href":"https:\/\/www.hqwargames.com\/index.php\/wp-json\/wp\/v2\/pages\/4081\/revisions"}],"predecessor-version":[{"id":4391,"href":"https:\/\/www.hqwargames.com\/index.php\/wp-json\/wp\/v2\/pages\/4081\/revisions\/4391"}],"wp:attachment":[{"href":"https:\/\/www.hqwargames.com\/index.php\/wp-json\/wp\/v2\/media?parent=4081"}],"curies":[{"name":"wp","href":"https:\/\/api.w.org\/{rel}","templated":true}]}}