{"id":3255,"date":"2022-05-10T15:50:56","date_gmt":"2022-05-10T13:50:56","guid":{"rendered":"https:\/\/www.hqwargames.com\/?page_id=3255"},"modified":"2026-01-10T19:14:18","modified_gmt":"2026-01-10T17:14:18","slug":"asalto-a-madrid","status":"publish","type":"page","link":"https:\/\/www.hqwargames.com\/index.php\/asalto-a-madrid\/","title":{"rendered":"Asalto-a-Madrid"},"content":{"rendered":"\t\t<div data-elementor-type=\"wp-page\" data-elementor-id=\"3255\" class=\"elementor elementor-3255\">\n\t\t\t\t\t\t<div class=\"elementor-inner\">\n\t\t\t\t<div class=\"elementor-section-wrap\">\n\t\t\t\t\t\t\t\t\t<section class=\"elementor-section elementor-top-section elementor-element elementor-element-255b29aa elementor-section-boxed elementor-section-height-default elementor-section-height-default\" data-id=\"255b29aa\" data-element_type=\"section\">\n\t\t\t\t\t\t<div class=\"elementor-container elementor-column-gap-default\">\n\t\t\t\t\t\t\t<div class=\"elementor-row\">\n\t\t\t\t\t<div class=\"elementor-column elementor-col-100 elementor-top-column elementor-element elementor-element-6c0ec2d1\" data-id=\"6c0ec2d1\" data-element_type=\"column\">\n\t\t\t<div class=\"elementor-column-wrap elementor-element-populated\">\n\t\t\t\t\t\t\t<div class=\"elementor-widget-wrap\">\n\t\t\t\t\t\t<div class=\"elementor-element elementor-element-be19741 elementor-widget elementor-widget-image\" data-id=\"be19741\" data-element_type=\"widget\" data-widget_type=\"image.default\">\n\t\t\t\t<div class=\"elementor-widget-container\">\n\t\t\t\t\t\t\t\t<div class=\"elementor-image\">\n\t\t\t\t\t\t\t\t\t\t\t\t<img width=\"1024\" height=\"267\" src=\"https:\/\/www.hqwargames.com\/wp-content\/uploads\/2022\/05\/StormOverMadrid_KS_Portada-1024x267.png\" class=\"attachment-large size-large\" alt=\"\" loading=\"lazy\" srcset=\"https:\/\/www.hqwargames.com\/wp-content\/uploads\/2022\/05\/StormOverMadrid_KS_Portada-1024x267.png 1024w, https:\/\/www.hqwargames.com\/wp-content\/uploads\/2022\/05\/StormOverMadrid_KS_Portada-300x78.png 300w, https:\/\/www.hqwargames.com\/wp-content\/uploads\/2022\/05\/StormOverMadrid_KS_Portada-768x201.png 768w, https:\/\/www.hqwargames.com\/wp-content\/uploads\/2022\/05\/StormOverMadrid_KS_Portada-1536x401.png 1536w, https:\/\/www.hqwargames.com\/wp-content\/uploads\/2022\/05\/StormOverMadrid_KS_Portada-2048x535.png 2048w\" sizes=\"(max-width: 1024px) 100vw, 1024px\" \/>\t\t\t\t\t\t\t\t\t\t\t\t\t\t<\/div>\n\t\t\t\t\t\t<\/div>\n\t\t\t\t<\/div>\n\t\t\t\t<div class=\"elementor-element elementor-element-5df6c3b8 elementor-widget elementor-widget-text-editor\" data-id=\"5df6c3b8\" data-element_type=\"widget\" data-widget_type=\"text-editor.default\">\n\t\t\t\t<div class=\"elementor-widget-container\">\n\t\t\t\t\t\t\t\t<div class=\"elementor-text-editor elementor-clearfix\">\n\t\t\t\t<p><!-- wp:heading --><\/p>\n<h2>Asalto a Madrid<\/h2>\n<p><!-- \/wp:heading --><\/p>\n<p><!-- wp:image {\"id\":2494,\"align\":\"right\",\"width\":346,\"height\":469} --><\/p>\n<div>\n<figure><img loading=\"lazy\" src=\"https:\/\/www.hqwargames.com\/wp-content\/uploads\/2022\/05\/milagro_en_noviembre-212x300.jpg\" alt=\"\" width=\"212\" height=\"300\"><\/figure>\n<\/div>\n<p><!-- \/wp:image --><\/p>\n<p><!-- wp:paragraph {\"textColor\":\"very-dark-gray\"} --><\/p>\n<p>Este juego es una adaptaci\u00f3n al espa\u00f1ol del juego publicado por la revista francesa &#8216;Battles Magazine&#8217; &#8216;Storm over Madrid&#8217; . Headquarter ha llegado a un acuerdo con los dise\u00f1adores para producir el juego en versi\u00f3n espa\u00f1ola.<\/p>\n<p>Juego dise\u00f1ado por Angel Ballesteros y Fran\u00e7ois-Xavier Euzet.<\/p>\n<p>El juego representa la campa\u00f1a en la que las columnas franquistas trataron de asaltar y conquistar Madrid en noviembre de 1936.<\/p>\n<p>Este juego es el primero de una serie de juegos publicados por Headquarter en formato de bolsa-zip.<\/p>\n<p><!-- \/wp:paragraph --><\/p>\n<p><!-- wp:paragraph {\"textColor\":\"very-dark-gray\"} --><\/p>\n<p><em><strong>Asalto a Madrid<\/strong><\/em>&nbsp;es una simulaci\u00f3n para dos jugadores, uno dirige las fuerzas franquistas&nbsp; tratando de conquistar terreno r\u00e1pidamente y dar el golpe final a la Rep\u00fablica capturando la capital. El otro jugador lleva las tropas republicanas tratando de detener o frenar el ataque enemigo todo lo posible con sus inexpertos batallones de milicias al principio y despu\u00e9s con unidades m\u00e1s fogueadas como los batallones Internacionales..<\/p>\n<p><!-- \/wp:paragraph --><\/p>\n<p><!-- wp:paragraph {\"textColor\":\"very-dark-gray\"} --><\/p>\n<p>El juego representa las principales operaciones militares que se llevaron a cabo. Los jugadores deben tomar decisiones t\u00e1cticas&nbsp; clave para lograr sus objetivos, estudiar cada movimiento y cada combate que planteen optimizando el uso de sus recursos militares.<\/p>\n<p><!-- \/wp:paragraph --><\/p>\n<p><!-- wp:paragraph {\"textColor\":\"very-dark-gray\"} --><\/p>\n<p>Como el republicano, \u00bfpuedes mantener el control de la capital y frenar el ataque enemigo aunque sea a las mismas puertas de Madrid?<\/p>\n<p>Como el jugador nacional, \u00bfpodr\u00e1s cambiar la historia y lanzar un ataque definitivo que rompa las defensas republicanas y captures la capital?<\/p>\n<p><em style=\"font-variant-ligatures: normal; font-variant-caps: normal; font-family: Roboto; font-size: 14px; font-weight: 400;\"><span style=\"font-size: 14px; font-weight: 600;\">Escenarios:&nbsp; &#8216;<\/span><\/em><span style=\"font-size: 14px;\">El Asalto inicial a Madrid&#8217; (6 turnos), &#8216;La batalla de la Carretera de la Coru\u00f1a&#8217; (5 o 6 turnos) y &#8216;La batalla por Madrid&#8217; (toda la campa\u00f1a, 15 turnos).<\/span><\/p>\n<p>Enlace a la versi\u00f3n en ingl\u00e9s en la <a href=\"https:\/\/boardgamegeek.com\/boardgame\/312738\/storm-over-madrid-1936-miracle-november\"><u><b>BGG<\/b><\/u>.<\/a><\/p>\n<p><\/p>\n<p><!-- \/wp:paragraph --><\/p>\n<p><!-- wp:paragraph {\"textColor\":\"very-dark-gray\"} --><\/p>\n<p><strong>Informaci\u00f3n general:<\/strong><\/p>\n<p><!-- \/wp:paragraph --><\/p>\n<p><!-- wp:list --><\/p>\n<ul>\n<li>Jugadores: 2<\/li>\n<li>Per\u00edodo: entreguerras<\/li>\n<li>Complejidad: Media-baja<\/li>\n<li>Idioma: Espa\u00f1ol<\/li>\n<li>Escala temporal: 1 turno = 1 semana<\/li>\n<li>Edad recomendada: 12+<\/li>\n<\/ul>\n<p><!-- \/wp:list --><\/p>\n<p><!-- wp:heading {\"level\":4} --><\/p>\n<h4>Componentes del juego:<\/h4>\n<p><!-- \/wp:heading --><\/p>\n<p><!-- wp:list --><\/p>\n<ul>\n<li>Tablero papel plegado de 594x841mm (8 hojas A4)<\/li>\n<li>Mas de 200 Fichas y marcadores<\/li>\n<li>1 Hoja de ayuda<\/li>\n<\/ul>\n<p><!-- \/wp:list --><\/p>\n<p><!-- wp:paragraph {\"textColor\":\"very-dark-gray\"} --><\/p>\n<p><strong>Cr\u00e9ditos:<\/strong><\/p>\n<p><!-- \/wp:paragraph --><\/p>\n<p><!-- wp:list --><\/p>\n<ul>\n<li>Dise\u00f1ador: Angel Ballesteros, Fran\u00e7ois-Xavier Euzet<\/li>\n<li>Arte: Olivier Reven\u00fa (mapa), Miguel Santacruz (dise\u00f1o fichas), Massimiliano del Bono (soldados).<\/li>\n<li>Dise\u00f1o portada del juego: David Prieto.<\/li>\n<li>Producci\u00f3n: Miguel Santacruz<\/li>\n<\/ul>\n<p><!-- \/wp:list --><\/p>\n<p><!-- wp:paragraph {\"textColor\":\"very-dark-gray\"} --><\/p>\n<p>Asalto a Madrid est\u00e1 disponible como juego en bolsa-zip, en versi\u00f3n en Castellano.<\/p>\n<p><!-- \/wp:paragraph --><\/p>\n<p><!-- wp:paragraph {\"textColor\":\"very-dark-gray\"} --><\/p>\n<p><b>Situaci\u00f3n: disponible<\/b><\/p>\n<p><b>Descargas:<\/b><\/p>\n<p><a style=\"font-size: 14px; background-color: #ffffff;\" href=\"https:\/\/www.hqwargames.com\/wp-content\/uploads\/2022\/08\/Asalto-a-Madrid_Reglas_v0_03.pdf\"><strong>REGLAS DEL JUEGO (segunda versi\u00f3n inicial, click para descargar)<\/strong><\/a><span style=\"font-size: 14px;\">.<\/span><\/p>\n<p><\/p>\n<p><!-- \/wp:button --><\/p>\n<p><!-- wp:paragraph --><\/p>\n<p><!-- \/wp:paragraph --><\/p>\t\t\t\t\t<\/div>\n\t\t\t\t\t\t<\/div>\n\t\t\t\t<\/div>\n\t\t\t\t<div class=\"elementor-element elementor-element-5614cf2 elementor-align-center elementor-widget elementor-widget-button\" data-id=\"5614cf2\" data-element_type=\"widget\" data-widget_type=\"button.default\">\n\t\t\t\t<div class=\"elementor-widget-container\">\n\t\t\t\t\t<div class=\"elementor-button-wrapper\">\n\t\t\t<a href=\"https:\/\/ecommerce.hqwargames.com\/index.php\" class=\"elementor-button-link elementor-button elementor-size-sm\" role=\"button\">\n\t\t\t\t\t\t<span class=\"elementor-button-content-wrapper\">\n\t\t\t\t\t\t<span class=\"elementor-button-text\">Comprar<\/span>\n\t\t<\/span>\n\t\t\t\t\t<\/a>\n\t\t<\/div>\n\t\t\t\t<\/div>\n\t\t\t\t<\/div>\n\t\t\t\t<div class=\"elementor-element elementor-element-a63ad25 elementor-widget elementor-widget-image\" data-id=\"a63ad25\" data-element_type=\"widget\" data-widget_type=\"image.default\">\n\t\t\t\t<div class=\"elementor-widget-container\">\n\t\t\t\t\t\t\t\t<div class=\"elementor-image\">\n\t\t\t\t\t\t\t\t\t\t\t\t<img width=\"680\" height=\"958\" src=\"https:\/\/www.hqwargames.com\/wp-content\/uploads\/2022\/06\/mapa.png\" class=\"attachment-medium_large size-medium_large\" alt=\"\" loading=\"lazy\" srcset=\"https:\/\/www.hqwargames.com\/wp-content\/uploads\/2022\/06\/mapa.png 680w, https:\/\/www.hqwargames.com\/wp-content\/uploads\/2022\/06\/mapa-213x300.png 213w\" sizes=\"(max-width: 680px) 100vw, 680px\" \/>\t\t\t\t\t\t\t\t\t\t\t\t\t\t<\/div>\n\t\t\t\t\t\t<\/div>\n\t\t\t\t<\/div>\n\t\t\t\t<div class=\"elementor-element elementor-element-9c2715b elementor-widget elementor-widget-image\" data-id=\"9c2715b\" data-element_type=\"widget\" data-widget_type=\"image.default\">\n\t\t\t\t<div class=\"elementor-widget-container\">\n\t\t\t\t\t\t\t\t<div class=\"elementor-image\">\n\t\t\t\t\t\t\t\t\t\t\t\t<img width=\"666\" height=\"1024\" src=\"https:\/\/www.hqwargames.com\/wp-content\/uploads\/2022\/08\/Fichas_AaM_Front_A_Nuevo-666x1024.png\" class=\"attachment-large size-large\" alt=\"\" loading=\"lazy\" srcset=\"https:\/\/www.hqwargames.com\/wp-content\/uploads\/2022\/08\/Fichas_AaM_Front_A_Nuevo-666x1024.png 666w, https:\/\/www.hqwargames.com\/wp-content\/uploads\/2022\/08\/Fichas_AaM_Front_A_Nuevo-195x300.png 195w, https:\/\/www.hqwargames.com\/wp-content\/uploads\/2022\/08\/Fichas_AaM_Front_A_Nuevo-768x1181.png 768w, https:\/\/www.hqwargames.com\/wp-content\/uploads\/2022\/08\/Fichas_AaM_Front_A_Nuevo-999x1536.png 999w, https:\/\/www.hqwargames.com\/wp-content\/uploads\/2022\/08\/Fichas_AaM_Front_A_Nuevo-1332x2048.png 1332w\" sizes=\"(max-width: 666px) 100vw, 666px\" \/>\t\t\t\t\t\t\t\t\t\t\t\t\t\t<\/div>\n\t\t\t\t\t\t<\/div>\n\t\t\t\t<\/div>\n\t\t\t\t<div class=\"elementor-element elementor-element-a81651a elementor-widget elementor-widget-image\" data-id=\"a81651a\" data-element_type=\"widget\" data-widget_type=\"image.default\">\n\t\t\t\t<div class=\"elementor-widget-container\">\n\t\t\t\t\t\t\t\t<div class=\"elementor-image\">\n\t\t\t\t\t\t\t\t\t<figure class=\"wp-caption\">\n\t\t\t\t\t\t\t\t\t\t<img width=\"608\" height=\"873\" src=\"https:\/\/www.hqwargames.com\/wp-content\/uploads\/2022\/06\/Reglas-pag-1.jpg\" class=\"attachment-large size-large\" alt=\"\" loading=\"lazy\" srcset=\"https:\/\/www.hqwargames.com\/wp-content\/uploads\/2022\/06\/Reglas-pag-1.jpg 608w, https:\/\/www.hqwargames.com\/wp-content\/uploads\/2022\/06\/Reglas-pag-1-209x300.jpg 209w\" sizes=\"(max-width: 608px) 100vw, 608px\" \/>\t\t\t\t\t\t\t\t\t\t\t<figcaption class=\"widget-image-caption wp-caption-text\">Pag 1 del reglamento<\/figcaption>\n\t\t\t\t\t\t\t\t\t\t<\/figure>\n\t\t\t\t\t\t\t\t<\/div>\n\t\t\t\t\t\t<\/div>\n\t\t\t\t<\/div>\n\t\t\t\t<div class=\"elementor-element elementor-element-435efdd elementor-widget elementor-widget-image\" data-id=\"435efdd\" data-element_type=\"widget\" data-widget_type=\"image.default\">\n\t\t\t\t<div class=\"elementor-widget-container\">\n\t\t\t\t\t\t\t\t<div class=\"elementor-image\">\n\t\t\t\t\t\t\t\t\t<figure class=\"wp-caption\">\n\t\t\t\t\t\t\t\t\t\t<img width=\"712\" height=\"1002\" src=\"https:\/\/www.hqwargames.com\/wp-content\/uploads\/2022\/05\/AaM_Reglas_preview.jpg\" class=\"attachment-large size-large\" alt=\"\" loading=\"lazy\" srcset=\"https:\/\/www.hqwargames.com\/wp-content\/uploads\/2022\/05\/AaM_Reglas_preview.jpg 712w, https:\/\/www.hqwargames.com\/wp-content\/uploads\/2022\/05\/AaM_Reglas_preview-213x300.jpg 213w\" sizes=\"(max-width: 712px) 100vw, 712px\" \/>\t\t\t\t\t\t\t\t\t\t\t<figcaption class=\"widget-image-caption wp-caption-text\">Pag 3 del reglamento<\/figcaption>\n\t\t\t\t\t\t\t\t\t\t<\/figure>\n\t\t\t\t\t\t\t\t<\/div>\n\t\t\t\t\t\t<\/div>\n\t\t\t\t<\/div>\n\t\t\t\t<div class=\"elementor-element elementor-element-98cf314 elementor-widget elementor-widget-image\" data-id=\"98cf314\" data-element_type=\"widget\" data-widget_type=\"image.default\">\n\t\t\t\t<div class=\"elementor-widget-container\">\n\t\t\t\t\t\t\t\t<div class=\"elementor-image\">\n\t\t\t\t\t\t\t\t\t<figure class=\"wp-caption\">\n\t\t\t\t\t\t\t\t\t\t<img width=\"768\" height=\"1066\" src=\"https:\/\/www.hqwargames.com\/wp-content\/uploads\/2022\/07\/Player_Aid-768x1066.png\" class=\"attachment-medium_large size-medium_large\" alt=\"\" loading=\"lazy\" srcset=\"https:\/\/www.hqwargames.com\/wp-content\/uploads\/2022\/07\/Player_Aid-768x1066.png 768w, https:\/\/www.hqwargames.com\/wp-content\/uploads\/2022\/07\/Player_Aid-216x300.png 216w, https:\/\/www.hqwargames.com\/wp-content\/uploads\/2022\/07\/Player_Aid-738x1024.png 738w, https:\/\/www.hqwargames.com\/wp-content\/uploads\/2022\/07\/Player_Aid-1107x1536.png 1107w, https:\/\/www.hqwargames.com\/wp-content\/uploads\/2022\/07\/Player_Aid-1476x2048.png 1476w\" sizes=\"(max-width: 768px) 100vw, 768px\" \/>\t\t\t\t\t\t\t\t\t\t\t<figcaption class=\"widget-image-caption wp-caption-text\">Hoja de Ayuda<\/figcaption>\n\t\t\t\t\t\t\t\t\t\t<\/figure>\n\t\t\t\t\t\t\t\t<\/div>\n\t\t\t\t\t\t<\/div>\n\t\t\t\t<\/div>\n\t\t\t\t\t\t<\/div>\n\t\t\t\t\t<\/div>\n\t\t<\/div>\n\t\t\t\t\t\t\t\t<\/div>\n\t\t\t\t\t<\/div>\n\t\t<\/section>\n\t\t\t\t<section class=\"elementor-section elementor-top-section elementor-element elementor-element-fb0d3bc elementor-section-boxed elementor-section-height-default elementor-section-height-default\" data-id=\"fb0d3bc\" data-element_type=\"section\">\n\t\t\t\t\t\t<div class=\"elementor-container elementor-column-gap-default\">\n\t\t\t\t\t\t\t<div class=\"elementor-row\">\n\t\t\t\t\t<div class=\"elementor-column elementor-col-100 elementor-top-column elementor-element elementor-element-b399dd8\" data-id=\"b399dd8\" data-element_type=\"column\">\n\t\t\t<div class=\"elementor-column-wrap elementor-element-populated\">\n\t\t\t\t\t\t\t<div class=\"elementor-widget-wrap\">\n\t\t\t\t\t\t<div class=\"elementor-element elementor-element-93eff80 elementor-aspect-ratio-169 elementor-widget elementor-widget-video\" data-id=\"93eff80\" data-element_type=\"widget\" data-settings=\"{&quot;youtube_url&quot;:&quot;https:\\\/\\\/www.youtube.com\\\/watch?v=uWRQ90qZeI0&quot;,&quot;video_type&quot;:&quot;youtube&quot;,&quot;controls&quot;:&quot;yes&quot;,&quot;aspect_ratio&quot;:&quot;169&quot;}\" data-widget_type=\"video.default\">\n\t\t\t\t<div class=\"elementor-widget-container\">\n\t\t\t\t\t<div class=\"elementor-wrapper elementor-fit-aspect-ratio elementor-open-inline\">\n\t\t\t<div class=\"elementor-video\"><\/div>\t\t<\/div>\n\t\t\t\t<\/div>\n\t\t\t\t<\/div>\n\t\t\t\t\t\t<\/div>\n\t\t\t\t\t<\/div>\n\t\t<\/div>\n\t\t\t\t\t\t\t\t<\/div>\n\t\t\t\t\t<\/div>\n\t\t<\/section>\n\t\t\t\t<section class=\"elementor-section elementor-top-section elementor-element elementor-element-1807cff elementor-section-boxed elementor-section-height-default elementor-section-height-default\" data-id=\"1807cff\" data-element_type=\"section\">\n\t\t\t\t\t\t<div class=\"elementor-container elementor-column-gap-default\">\n\t\t\t\t\t\t\t<div class=\"elementor-row\">\n\t\t\t\t\t<div class=\"elementor-column elementor-col-100 elementor-top-column elementor-element elementor-element-e937098\" data-id=\"e937098\" data-element_type=\"column\">\n\t\t\t<div class=\"elementor-column-wrap elementor-element-populated\">\n\t\t\t\t\t\t\t<div class=\"elementor-widget-wrap\">\n\t\t\t\t\t\t<div class=\"elementor-element elementor-element-286a553 elementor-widget elementor-widget-heading\" data-id=\"286a553\" data-element_type=\"widget\" data-widget_type=\"heading.default\">\n\t\t\t\t<div class=\"elementor-widget-container\">\n\t\t\t<h2 class=\"elementor-heading-title elementor-size-default\">Te puede interesar....<\/h2>\t\t<\/div>\n\t\t\t\t<\/div>\n\t\t\t\t\t\t<\/div>\n\t\t\t\t\t<\/div>\n\t\t<\/div>\n\t\t\t\t\t\t\t\t<\/div>\n\t\t\t\t\t<\/div>\n\t\t<\/section>\n\t\t\t\t<section class=\"elementor-section elementor-top-section elementor-element elementor-element-7f9b1e5 elementor-section-boxed elementor-section-height-default elementor-section-height-default\" data-id=\"7f9b1e5\" data-element_type=\"section\">\n\t\t\t\t\t\t<div class=\"elementor-container elementor-column-gap-default\">\n\t\t\t\t\t\t\t<div class=\"elementor-row\">\n\t\t\t\t\t<div class=\"elementor-column elementor-col-33 elementor-top-column elementor-element elementor-element-b1a6f95\" data-id=\"b1a6f95\" data-element_type=\"column\">\n\t\t\t<div class=\"elementor-column-wrap\">\n\t\t\t\t\t\t\t<div class=\"elementor-widget-wrap\">\n\t\t\t\t\t\t\t\t<\/div>\n\t\t\t\t\t<\/div>\n\t\t<\/div>\n\t\t\t\t<div class=\"elementor-column elementor-col-33 elementor-top-column elementor-element elementor-element-f7bedc7\" data-id=\"f7bedc7\" data-element_type=\"column\">\n\t\t\t<div class=\"elementor-column-wrap elementor-element-populated\">\n\t\t\t\t\t\t\t<div class=\"elementor-widget-wrap\">\n\t\t\t\t\t\t<div class=\"elementor-element elementor-element-a820bf5 elementor-widget elementor-widget-image\" data-id=\"a820bf5\" data-element_type=\"widget\" data-widget_type=\"image.default\">\n\t\t\t\t<div class=\"elementor-widget-container\">\n\t\t\t\t\t\t\t\t<div class=\"elementor-image\">\n\t\t\t\t\t\t\t\t\t\t\t\t\t<a href=\"https:\/\/www.hqwargames.com\/index.php\/es\/filipinas-esp\/\">\n\t\t\t\t\t\t\t<img width=\"300\" height=\"496\" src=\"https:\/\/www.hqwargames.com\/wp-content\/uploads\/2022\/03\/caja-Filipinas.png\" class=\"attachment-large size-large\" alt=\"\" loading=\"lazy\" srcset=\"https:\/\/www.hqwargames.com\/wp-content\/uploads\/2022\/03\/caja-Filipinas.png 300w, https:\/\/www.hqwargames.com\/wp-content\/uploads\/2022\/03\/caja-Filipinas-181x300.png 181w\" sizes=\"(max-width: 300px) 100vw, 300px\" \/>\t\t\t\t\t\t\t\t<\/a>\n\t\t\t\t\t\t\t\t\t\t\t\t\t\t<\/div>\n\t\t\t\t\t\t<\/div>\n\t\t\t\t<\/div>\n\t\t\t\t\t\t<\/div>\n\t\t\t\t\t<\/div>\n\t\t<\/div>\n\t\t\t\t<div class=\"elementor-column elementor-col-33 elementor-top-column elementor-element elementor-element-d643f72\" data-id=\"d643f72\" data-element_type=\"column\">\n\t\t\t<div class=\"elementor-column-wrap\">\n\t\t\t\t\t\t\t<div class=\"elementor-widget-wrap\">\n\t\t\t\t\t\t\t\t<\/div>\n\t\t\t\t\t<\/div>\n\t\t<\/div>\n\t\t\t\t\t\t\t\t<\/div>\n\t\t\t\t\t<\/div>\n\t\t<\/section>\n\t\t\t\t\t\t\t\t\t<\/div>\n\t\t\t<\/div>\n\t\t\t\t\t<\/div>\n\t\t","protected":false},"excerpt":{"rendered":"<p>Asalto a Madrid Este juego es una adaptaci\u00f3n al espa\u00f1ol del juego publicado por la revista francesa &#8216;Battles Magazine&#8217; &#8216;Storm over Madrid&#8217; . Headquarter ha llegado a un acuerdo con los dise\u00f1adores para producir el juego en versi\u00f3n espa\u00f1ola. Juego dise\u00f1ado por Angel Ballesteros y Fran\u00e7ois-Xavier Euzet. El juego representa la campa\u00f1a en la que [&hellip;]<\/p>\n","protected":false},"author":1,"featured_media":0,"parent":0,"menu_order":0,"comment_status":"closed","ping_status":"closed","template":"","meta":[],"_links":{"self":[{"href":"https:\/\/www.hqwargames.com\/index.php\/wp-json\/wp\/v2\/pages\/3255"}],"collection":[{"href":"https:\/\/www.hqwargames.com\/index.php\/wp-json\/wp\/v2\/pages"}],"about":[{"href":"https:\/\/www.hqwargames.com\/index.php\/wp-json\/wp\/v2\/types\/page"}],"author":[{"embeddable":true,"href":"https:\/\/www.hqwargames.com\/index.php\/wp-json\/wp\/v2\/users\/1"}],"replies":[{"embeddable":true,"href":"https:\/\/www.hqwargames.com\/index.php\/wp-json\/wp\/v2\/comments?post=3255"}],"version-history":[{"count":87,"href":"https:\/\/www.hqwargames.com\/index.php\/wp-json\/wp\/v2\/pages\/3255\/revisions"}],"predecessor-version":[{"id":4395,"href":"https:\/\/www.hqwargames.com\/index.php\/wp-json\/wp\/v2\/pages\/3255\/revisions\/4395"}],"wp:attachment":[{"href":"https:\/\/www.hqwargames.com\/index.php\/wp-json\/wp\/v2\/media?parent=3255"}],"curies":[{"name":"wp","href":"https:\/\/api.w.org\/{rel}","templated":true}]}}