{"id":2651,"date":"2021-11-16T16:55:16","date_gmt":"2021-11-16T14:55:16","guid":{"rendered":"https:\/\/www.hqwargames.com\/?page_id=2651"},"modified":"2026-01-10T19:25:02","modified_gmt":"2026-01-10T17:25:02","slug":"la-guerra-de-thatcher-malvinas-1982","status":"publish","type":"page","link":"https:\/\/www.hqwargames.com\/index.php\/la-guerra-de-thatcher-malvinas-1982\/","title":{"rendered":"La guerra de Thatcher: Malvinas 1982"},"content":{"rendered":"\t\t<div data-elementor-type=\"wp-page\" data-elementor-id=\"2651\" class=\"elementor elementor-2651\">\n\t\t\t\t\t\t<div class=\"elementor-inner\">\n\t\t\t\t<div class=\"elementor-section-wrap\">\n\t\t\t\t\t\t\t\t\t<section class=\"elementor-section elementor-top-section elementor-element elementor-element-2dcad388 elementor-section-boxed elementor-section-height-default elementor-section-height-default\" data-id=\"2dcad388\" data-element_type=\"section\">\n\t\t\t\t\t\t<div class=\"elementor-container elementor-column-gap-default\">\n\t\t\t\t\t\t\t<div class=\"elementor-row\">\n\t\t\t\t\t<div class=\"elementor-column elementor-col-100 elementor-top-column elementor-element elementor-element-3e22af97\" data-id=\"3e22af97\" data-element_type=\"column\">\n\t\t\t<div class=\"elementor-column-wrap elementor-element-populated\">\n\t\t\t\t\t\t\t<div class=\"elementor-widget-wrap\">\n\t\t\t\t\t\t<div class=\"elementor-element elementor-element-2644823 elementor-widget elementor-widget-heading\" data-id=\"2644823\" data-element_type=\"widget\" data-widget_type=\"heading.default\">\n\t\t\t\t<div class=\"elementor-widget-container\">\n\t\t\t<h2 class=\"elementor-heading-title elementor-size-large\">La Guerra de Thatcher: Malvinas 1982<\/h2>\t\t<\/div>\n\t\t\t\t<\/div>\n\t\t\t\t<div class=\"elementor-element elementor-element-014827a elementor-widget elementor-widget-image\" data-id=\"014827a\" data-element_type=\"widget\" data-widget_type=\"image.default\">\n\t\t\t\t<div class=\"elementor-widget-container\">\n\t\t\t\t\t\t\t\t<div class=\"elementor-image\">\n\t\t\t\t\t\t\t\t\t<figure class=\"wp-caption\">\n\t\t\t\t\t\t\t\t\t\t<img src=\"https:\/\/www.hqwargames.com\/wp-content\/uploads\/elementor\/thumbs\/CAJA_TIENDA_LGDT-pvg27829wijwtjyqc18x246m1ibjqxaa931t8xez3a.png\" title=\"CAJA_TIENDA_LGDT\" alt=\"CAJA_TIENDA_LGDT\" \/>\t\t\t\t\t\t\t\t\t\t\t<figcaption class=\"widget-image-caption wp-caption-text\"><\/figcaption>\n\t\t\t\t\t\t\t\t\t\t<\/figure>\n\t\t\t\t\t\t\t\t<\/div>\n\t\t\t\t\t\t<\/div>\n\t\t\t\t<\/div>\n\t\t\t\t<div class=\"elementor-element elementor-element-5dd7681b elementor-widget elementor-widget-text-editor\" data-id=\"5dd7681b\" data-element_type=\"widget\" data-widget_type=\"text-editor.default\">\n\t\t\t\t<div class=\"elementor-widget-container\">\n\t\t\t\t\t\t\t\t<div class=\"elementor-text-editor elementor-clearfix\">\n\t\t\t\t<p><!-- wp:heading --><\/p>\n<p><!-- \/wp:heading --><!-- wp:image {\"id\":1486,\"align\":\"right\"} --><\/p>\n<p><!-- \/wp:image --><!-- wp:paragraph --><\/p>\n<p><span style=\"color: #2d2d2d; font-family: arial, \uff4d\uff53 \uff50\u30b4\u30b7\u30c3\u30af, ms pgothic, \ub3cb\uc6c0, dotum, helvetica, sans-serif;\"><span style=\"font-size: 13px;\"><strong>\u201cLos<\/strong><b> ojos del mundo ahora est\u00e1n enfocados en las Islas Malvinas. Otros est\u00e1n mirando ansiosos para ver si triunfar\u00e1 la fuerza bruta o el estado de derecho. Dondequiera que ocurra una agresi\u00f3n manifiesta, debe ser superada. El coste actual, por alto que sea, debe compararse con el coste que tendr\u00edamos que pagar alg\u00fan d\u00eda si este principio se aplicara por defecto. Por eso, por medios diplom\u00e1ticos, econ\u00f3micos y, si es necesario, por medios militares, perseveraremos hasta que se restauren la libertad y la democracia al pueblo de las Islas Malvinas \u201d. Margaret Thatcher, 14 de abril de 1982.<\/b><\/span><\/span><\/p>\n<h6>\u2018Lo de las Malvinas fue una pelea entre dos hombres calvos sobre un peine.<b style=\"font-size: 14px;\">.\u2019<\/b><\/h6>\n<h6><b>\u2013 Jorge Luis Borges, Escritor argentino<\/b><\/h6>\n<div>\u00a0<\/div>\n<div>\n<div><b>La Guerra de Thatcher: Malvinas 1982<\/b> es un juego de solitario estrat\u00e9gico (para un jugador) sobre la Guerra de las Malvinas de 1982 entre Gran Breta\u00f1a y Argentina. El jugador juega las fuerzas de Gran Breta\u00f1a, contra las fuerzas argentinas del general Galtieri. No es una simulaci\u00f3n hist\u00f3rica detallada, sino que fue dise\u00f1ado como un juego divertido y desafiante que ilustra el curso estrat\u00e9gico general de la guerra y destaca temas hist\u00f3ricos importantes. Todas las secciones del libro de reglas est\u00e1n precedidas por citas sarc\u00e1sticas o informativas de personas involucradas en la guerra u observadores de la guerra. Las reglas est\u00e1n ilustradas con fotograf\u00edas que el autor tom\u00f3 durante su gira por las Islas Malvinas en 2015.<\/div>\n<div>\u00a0<\/div>\n<div><b>SITUACI\u00d3N:<\/b> A la venta<\/div>\n<div>\u00a0<\/div>\n<div>\n<div>\u00a0<\/div>\n<div>Este divertido juego ilustra el curso estrat\u00e9gico general de la Guerra de las Malvinas de 1982 entre Gran Breta\u00f1a y Argentina, y destaca importantes temas hist\u00f3ricos.<\/div>\n<div>\u00a0<\/div>\n<div>Son dos juegos en uno: una parte aeronaval (cuya mec\u00e1nica se basa en el sistema &#8220;Don&#8217;t Tread On Me&#8221; del autor, \u00a1pero usando barcos y aviones en lugar de ej\u00e9rcitos!) En el que el jugador brit\u00e1nico lucha contra el sistema de juego, la &#8220;IA&#8221; argentina, para establecer el control de los cielos; y una parte terrestre (inspirada en el sistema de juego presentado en &#8220;Mound Builders&#8221; y &#8220;The First Jihad&#8221; del autor) en el que el jugador brit\u00e1nico se aprovecha de su superioridad a\u00e9rea para luchar y llevar a sus tropas terrestres a trav\u00e9s de East Falkland (Isla Soledad) hasta el final: victoria, o derrota, en las colinas alrededor de Stanley (Puerto Argentino).<\/div>\n<div>El juego presenta todo el sabor hist\u00f3rico t\u00edpico de los dise\u00f1os de Ben Madison, incluidos los misiles Exocet, la resistencia civil de las Islas Malvinas, la intervenci\u00f3n diplom\u00e1tica, la ayuda sovi\u00e9tica encubierta, las misiones de comandos del SAS, la intervenci\u00f3n chilena, la asistencia estadounidense, los Gurkhas, helic\u00f3pteros, pilotos &#8220;ases&#8221;, \u00a1y hasta el Papa!&#8221;<\/div>\n<div>Las unidades incluidas en el juego representan buques de guerra, peque\u00f1os grupos de aviones y una variedad de unidades de combate terrestres.\u00a0<\/div>\n<\/div>\n<div>\u00a0<\/div>\n<div>\n<div><b>Secuencia de juego<\/b>: El juego consta de 19 turnos de juego que comienzan en el turno 1 (25-30 de abril de 1982) y terminan en el turno 19 (21-23 de junio de 1982).<\/div>\n<div>En cada turno, realizar\u00e1s las &#8220;fases&#8221; enumeradas en el orden preciso que se muestra en la secuencia de juego detallada. Las funciones del juego marcadas con un tri\u00e1ngulo se ignoran cuando hace mal tiempo; el tri\u00e1ngulo indica que se trata de un turno &#8220;Sin operaciones a\u00e9reas&#8221;, (como jugador brit\u00e1nico, a menudo quieres que esto suceda porque es peor para los argentinos si no hay aviones en el cielo).<\/div>\n<\/div>\n<div>\u00a0<\/div>\n<h4><b>Componentes del juego:<\/b><\/h4>\n<\/div>\n<p>Mapa de juego montado (60x40cm)<br \/>88 Fichas y marcadores de doble cara con esquinas redondeadas, medida 15 mm<br \/>1 Reglamento a todo color (28 p\u00e1ginas en papel glossy)<br \/>1 Hoja de ayuda al juego (doble cara)<br \/>3 Dados<\/p>\n<p><!-- \/wp:paragraph --><!-- wp:image {\"id\":1378,\"align\":\"center\"} --><\/p>\n<div>\u00a0<\/div>\n<p><!-- \/wp:image --><!-- wp:paragraph --><\/p>\n<p><b>\u00a0La Guerra de Thatcher: Las Malvinas 1982<\/b><b style=\"font-size: 14px; color: var( --e-global-color-text );\">\u00a0<\/b><span style=\"font-size: 14px; color: var( --e-global-color-text );\">est\u00e1 disponible como juego en caja en versi\u00f3n espa\u00f1ola. Esta es una versi\u00f3n traducida del juego original publicado por White Dog Games. Se incorpora una versi\u00f3n propia del tablero y tambi\u00e9n alg\u00fan cambio sobre las fichas como se puede ver en esta p\u00e1gina, tambi\u00e9n se corrigen las erratas detectadas en la producci\u00f3n original de WDG.<\/span><\/p>\n<p><span style=\"font-size: 14px; color: var( --e-global-color-text );\">Los componentes de nuestra versi\u00f3n conllevan una producci\u00f3n mejorada con respecto al original, incluyendo tablero de juego montado, caja de cart\u00f3n duro, plancha de fichas con esquinas redondeadas, libro de reglas de papel brillante a todo color, dados y ayudas de juego de cart\u00f3n duro a todo color.<\/span><\/p>\n<p><span style=\"color: #7a7a7a;\"><b>HEADQUARTER S\u00d3LO VENDER\u00c1 EL JUEGO PARA EUROPA y SUDAM\u00c9RICA dado el acuerdo firmado con White Dog Games.<\/b><\/span><\/p>\n<div data-effect=\"slide\">\n<div>\u00a0<\/div>\n<\/div>\t\t\t\t\t<\/div>\n\t\t\t\t\t\t<\/div>\n\t\t\t\t<\/div>\n\t\t\t\t<div class=\"elementor-element elementor-element-b889a52 elementor-align-center elementor-widget elementor-widget-button\" data-id=\"b889a52\" data-element_type=\"widget\" data-widget_type=\"button.default\">\n\t\t\t\t<div class=\"elementor-widget-container\">\n\t\t\t\t\t<div class=\"elementor-button-wrapper\">\n\t\t\t<a href=\"https:\/\/ecommerce.hqwargames.com\/index.php\" class=\"elementor-button-link elementor-button elementor-size-sm\" role=\"button\">\n\t\t\t\t\t\t<span class=\"elementor-button-content-wrapper\">\n\t\t\t\t\t\t<span class=\"elementor-button-text\">Comprar<\/span>\n\t\t<\/span>\n\t\t\t\t\t<\/a>\n\t\t<\/div>\n\t\t\t\t<\/div>\n\t\t\t\t<\/div>\n\t\t\t\t\t\t<\/div>\n\t\t\t\t\t<\/div>\n\t\t<\/div>\n\t\t\t\t\t\t\t\t<\/div>\n\t\t\t\t\t<\/div>\n\t\t<\/section>\n\t\t\t\t<section class=\"elementor-section elementor-top-section elementor-element elementor-element-1d90061 elementor-section-boxed elementor-section-height-default elementor-section-height-default\" data-id=\"1d90061\" data-element_type=\"section\">\n\t\t\t\t\t\t<div class=\"elementor-container elementor-column-gap-default\">\n\t\t\t\t\t\t\t<div class=\"elementor-row\">\n\t\t\t\t\t<div class=\"elementor-column elementor-col-100 elementor-top-column elementor-element elementor-element-cfd0ee6\" data-id=\"cfd0ee6\" data-element_type=\"column\">\n\t\t\t<div class=\"elementor-column-wrap elementor-element-populated\">\n\t\t\t\t\t\t\t<div class=\"elementor-widget-wrap\">\n\t\t\t\t\t\t<div class=\"elementor-element elementor-element-a380617 elementor-widget elementor-widget-image\" data-id=\"a380617\" data-element_type=\"widget\" data-widget_type=\"image.default\">\n\t\t\t\t<div class=\"elementor-widget-container\">\n\t\t\t\t\t\t\t\t<div class=\"elementor-image\">\n\t\t\t\t\t\t\t\t\t<figure class=\"wp-caption\">\n\t\t\t\t\t\t\t\t\t\t<img width=\"778\" height=\"1024\" src=\"https:\/\/www.hqwargames.com\/wp-content\/uploads\/2022\/09\/Fichas_LG_de_Thatcher_A_Front-778x1024.png\" class=\"attachment-large size-large\" alt=\"\" loading=\"lazy\" srcset=\"https:\/\/www.hqwargames.com\/wp-content\/uploads\/2022\/09\/Fichas_LG_de_Thatcher_A_Front-778x1024.png 778w, https:\/\/www.hqwargames.com\/wp-content\/uploads\/2022\/09\/Fichas_LG_de_Thatcher_A_Front-228x300.png 228w, https:\/\/www.hqwargames.com\/wp-content\/uploads\/2022\/09\/Fichas_LG_de_Thatcher_A_Front-768x1011.png 768w, https:\/\/www.hqwargames.com\/wp-content\/uploads\/2022\/09\/Fichas_LG_de_Thatcher_A_Front-1167x1536.png 1167w, https:\/\/www.hqwargames.com\/wp-content\/uploads\/2022\/09\/Fichas_LG_de_Thatcher_A_Front-1556x2048.png 1556w, https:\/\/www.hqwargames.com\/wp-content\/uploads\/2022\/09\/Fichas_LG_de_Thatcher_A_Front.png 2028w\" sizes=\"(max-width: 778px) 100vw, 778px\" \/>\t\t\t\t\t\t\t\t\t\t\t<figcaption class=\"widget-image-caption wp-caption-text\">Plantilla de fichas -Versi\u00f3n Headquarter<\/figcaption>\n\t\t\t\t\t\t\t\t\t\t<\/figure>\n\t\t\t\t\t\t\t\t<\/div>\n\t\t\t\t\t\t<\/div>\n\t\t\t\t<\/div>\n\t\t\t\t<div class=\"elementor-element elementor-element-9b398b8 elementor-widget elementor-widget-image\" data-id=\"9b398b8\" data-element_type=\"widget\" data-widget_type=\"image.default\">\n\t\t\t\t<div class=\"elementor-widget-container\">\n\t\t\t\t\t\t\t\t<div class=\"elementor-image\">\n\t\t\t\t\t\t\t\t\t<figure class=\"wp-caption\">\n\t\t\t\t\t\t\t\t\t\t<img width=\"1024\" height=\"688\" src=\"https:\/\/www.hqwargames.com\/wp-content\/uploads\/2022\/05\/MTW-Whole_-Map_web-1024x688.png\" class=\"attachment-large size-large\" alt=\"\" loading=\"lazy\" srcset=\"https:\/\/www.hqwargames.com\/wp-content\/uploads\/2022\/05\/MTW-Whole_-Map_web-1024x688.png 1024w, https:\/\/www.hqwargames.com\/wp-content\/uploads\/2022\/05\/MTW-Whole_-Map_web-300x202.png 300w, https:\/\/www.hqwargames.com\/wp-content\/uploads\/2022\/05\/MTW-Whole_-Map_web-768x516.png 768w, https:\/\/www.hqwargames.com\/wp-content\/uploads\/2022\/05\/MTW-Whole_-Map_web-1536x1032.png 1536w, https:\/\/www.hqwargames.com\/wp-content\/uploads\/2022\/05\/MTW-Whole_-Map_web-2048x1376.png 2048w\" sizes=\"(max-width: 1024px) 100vw, 1024px\" \/>\t\t\t\t\t\t\t\t\t\t\t<figcaption class=\"widget-image-caption wp-caption-text\">Mapa Estrat\u00e9gico y T\u00e1ctico unificados - Versi\u00f3n Headquarter<\/figcaption>\n\t\t\t\t\t\t\t\t\t\t<\/figure>\n\t\t\t\t\t\t\t\t<\/div>\n\t\t\t\t\t\t<\/div>\n\t\t\t\t<\/div>\n\t\t\t\t<div class=\"elementor-element elementor-element-fb810df elementor-widget elementor-widget-image\" data-id=\"fb810df\" data-element_type=\"widget\" data-widget_type=\"image.default\">\n\t\t\t\t<div class=\"elementor-widget-container\">\n\t\t\t\t\t\t\t\t<div class=\"elementor-image\">\n\t\t\t\t\t\t\t\t\t<figure class=\"wp-caption\">\n\t\t\t\t\t\t\t\t\t\t<img width=\"630\" height=\"894\" src=\"https:\/\/www.hqwargames.com\/wp-content\/uploads\/2022\/09\/SecJuego.jpg\" class=\"attachment-large size-large\" alt=\"\" loading=\"lazy\" srcset=\"https:\/\/www.hqwargames.com\/wp-content\/uploads\/2022\/09\/SecJuego.jpg 630w, https:\/\/www.hqwargames.com\/wp-content\/uploads\/2022\/09\/SecJuego-211x300.jpg 211w\" sizes=\"(max-width: 630px) 100vw, 630px\" \/>\t\t\t\t\t\t\t\t\t\t\t<figcaption class=\"widget-image-caption wp-caption-text\">Secuencia de juego - versi\u00f3n Headquarter<\/figcaption>\n\t\t\t\t\t\t\t\t\t\t<\/figure>\n\t\t\t\t\t\t\t\t<\/div>\n\t\t\t\t\t\t<\/div>\n\t\t\t\t<\/div>\n\t\t\t\t<div class=\"elementor-element elementor-element-9026878 elementor-widget elementor-widget-image\" data-id=\"9026878\" data-element_type=\"widget\" data-widget_type=\"image.default\">\n\t\t\t\t<div class=\"elementor-widget-container\">\n\t\t\t\t\t\t\t\t<div class=\"elementor-image\">\n\t\t\t\t\t\t\t\t\t<figure class=\"wp-caption\">\n\t\t\t\t\t\t\t\t\t\t<img width=\"768\" height=\"4297\" src=\"https:\/\/www.hqwargames.com\/wp-content\/uploads\/2022\/09\/LGDT_KS_TIRA-768x4297.jpg\" class=\"attachment-medium_large size-medium_large\" alt=\"\" loading=\"lazy\" srcset=\"https:\/\/www.hqwargames.com\/wp-content\/uploads\/2022\/09\/LGDT_KS_TIRA-768x4297.jpg 768w, https:\/\/www.hqwargames.com\/wp-content\/uploads\/2022\/09\/LGDT_KS_TIRA-183x1024.jpg 183w, https:\/\/www.hqwargames.com\/wp-content\/uploads\/2022\/09\/LGDT_KS_TIRA-366x2048.jpg 366w\" sizes=\"(max-width: 768px) 100vw, 768px\" \/>\t\t\t\t\t\t\t\t\t\t\t<figcaption class=\"widget-image-caption wp-caption-text\">Fases del juego <\/figcaption>\n\t\t\t\t\t\t\t\t\t\t<\/figure>\n\t\t\t\t\t\t\t\t<\/div>\n\t\t\t\t\t\t<\/div>\n\t\t\t\t<\/div>\n\t\t\t\t<div class=\"elementor-element elementor-element-6eecc5f elementor-widget elementor-widget-image\" data-id=\"6eecc5f\" data-element_type=\"widget\" data-widget_type=\"image.default\">\n\t\t\t\t<div class=\"elementor-widget-container\">\n\t\t\t\t\t\t\t\t<div class=\"elementor-image\">\n\t\t\t\t\t\t\t\t\t<figure class=\"wp-caption\">\n\t\t\t\t\t\t\t\t\t\t<img width=\"759\" height=\"738\" src=\"https:\/\/www.hqwargames.com\/wp-content\/uploads\/2022\/09\/Reglas.jpg\" class=\"attachment-large size-large\" alt=\"\" loading=\"lazy\" srcset=\"https:\/\/www.hqwargames.com\/wp-content\/uploads\/2022\/09\/Reglas.jpg 759w, https:\/\/www.hqwargames.com\/wp-content\/uploads\/2022\/09\/Reglas-300x292.jpg 300w\" sizes=\"(max-width: 759px) 100vw, 759px\" \/>\t\t\t\t\t\t\t\t\t\t\t<figcaption class=\"widget-image-caption wp-caption-text\">reglamento<\/figcaption>\n\t\t\t\t\t\t\t\t\t\t<\/figure>\n\t\t\t\t\t\t\t\t<\/div>\n\t\t\t\t\t\t<\/div>\n\t\t\t\t<\/div>\n\t\t\t\t\t\t<\/div>\n\t\t\t\t\t<\/div>\n\t\t<\/div>\n\t\t\t\t\t\t\t\t<\/div>\n\t\t\t\t\t<\/div>\n\t\t<\/section>\n\t\t\t\t<section class=\"elementor-section elementor-top-section elementor-element elementor-element-e2372ad elementor-section-boxed elementor-section-height-default elementor-section-height-default\" data-id=\"e2372ad\" data-element_type=\"section\">\n\t\t\t\t\t\t<div class=\"elementor-container elementor-column-gap-default\">\n\t\t\t\t\t\t\t<div class=\"elementor-row\">\n\t\t\t\t\t<div class=\"elementor-column elementor-col-100 elementor-top-column elementor-element elementor-element-1c5d086\" data-id=\"1c5d086\" data-element_type=\"column\">\n\t\t\t<div class=\"elementor-column-wrap elementor-element-populated\">\n\t\t\t\t\t\t\t<div class=\"elementor-widget-wrap\">\n\t\t\t\t\t\t<div class=\"elementor-element elementor-element-1d4d27c elementor-widget elementor-widget-heading\" data-id=\"1d4d27c\" data-element_type=\"widget\" data-widget_type=\"heading.default\">\n\t\t\t\t<div class=\"elementor-widget-container\">\n\t\t\t<h2 class=\"elementor-heading-title elementor-size-medium\"><a href=\"https:\/\/www.hqwargames.com\/wp-content\/uploads\/2023\/02\/Thatcher_Reglamento_v4.pdf\">Desc\u00e1rgate el manual del juego\n<br><\/a><\/h2>\t\t<\/div>\n\t\t\t\t<\/div>\n\t\t\t\t\t\t<\/div>\n\t\t\t\t\t<\/div>\n\t\t<\/div>\n\t\t\t\t\t\t\t\t<\/div>\n\t\t\t\t\t<\/div>\n\t\t<\/section>\n\t\t\t\t<section class=\"elementor-section elementor-top-section elementor-element elementor-element-b279c0c elementor-section-boxed elementor-section-height-default elementor-section-height-default\" data-id=\"b279c0c\" data-element_type=\"section\">\n\t\t\t\t\t\t<div class=\"elementor-container elementor-column-gap-default\">\n\t\t\t\t\t\t\t<div class=\"elementor-row\">\n\t\t\t\t\t<div class=\"elementor-column elementor-col-100 elementor-top-column elementor-element elementor-element-8f4d162\" data-id=\"8f4d162\" data-element_type=\"column\">\n\t\t\t<div class=\"elementor-column-wrap elementor-element-populated\">\n\t\t\t\t\t\t\t<div class=\"elementor-widget-wrap\">\n\t\t\t\t\t\t<div class=\"elementor-element elementor-element-60c027e elementor-widget elementor-widget-heading\" data-id=\"60c027e\" data-element_type=\"widget\" data-widget_type=\"heading.default\">\n\t\t\t\t<div class=\"elementor-widget-container\">\n\t\t\t<h2 class=\"elementor-heading-title elementor-size-large\">Te puede interesar<\/h2>\t\t<\/div>\n\t\t\t\t<\/div>\n\t\t\t\t\t\t<\/div>\n\t\t\t\t\t<\/div>\n\t\t<\/div>\n\t\t\t\t\t\t\t\t<\/div>\n\t\t\t\t\t<\/div>\n\t\t<\/section>\n\t\t\t\t<section class=\"elementor-section elementor-top-section elementor-element elementor-element-c097a2e elementor-section-boxed elementor-section-height-default elementor-section-height-default\" data-id=\"c097a2e\" data-element_type=\"section\">\n\t\t\t\t\t\t<div class=\"elementor-container elementor-column-gap-default\">\n\t\t\t\t\t\t\t<div class=\"elementor-row\">\n\t\t\t\t\t<div class=\"elementor-column elementor-col-33 elementor-top-column elementor-element elementor-element-ecafc7d\" data-id=\"ecafc7d\" data-element_type=\"column\">\n\t\t\t<div class=\"elementor-column-wrap\">\n\t\t\t\t\t\t\t<div class=\"elementor-widget-wrap\">\n\t\t\t\t\t\t\t\t<\/div>\n\t\t\t\t\t<\/div>\n\t\t<\/div>\n\t\t\t\t<div class=\"elementor-column elementor-col-33 elementor-top-column elementor-element elementor-element-97b9e97\" data-id=\"97b9e97\" data-element_type=\"column\">\n\t\t\t<div class=\"elementor-column-wrap elementor-element-populated\">\n\t\t\t\t\t\t\t<div class=\"elementor-widget-wrap\">\n\t\t\t\t\t\t<div class=\"elementor-element elementor-element-bfa2107 elementor-widget elementor-widget-image\" data-id=\"bfa2107\" data-element_type=\"widget\" data-widget_type=\"image.default\">\n\t\t\t\t<div class=\"elementor-widget-container\">\n\t\t\t\t\t\t\t\t<div class=\"elementor-image\">\n\t\t\t\t\t\t\t\t\t\t\t\t\t<a href=\"https:\/\/www.hqwargames.com\/index.php\/es\/the-world-at-war-europe-wargame-es\/\">\n\t\t\t\t\t\t\t<img width=\"800\" height=\"800\" src=\"https:\/\/www.hqwargames.com\/wp-content\/uploads\/2023\/03\/90-large_default.png\" class=\"attachment-large size-large\" alt=\"\" loading=\"lazy\" srcset=\"https:\/\/www.hqwargames.com\/wp-content\/uploads\/2023\/03\/90-large_default.png 800w, https:\/\/www.hqwargames.com\/wp-content\/uploads\/2023\/03\/90-large_default-300x300.png 300w, https:\/\/www.hqwargames.com\/wp-content\/uploads\/2023\/03\/90-large_default-150x150.png 150w, https:\/\/www.hqwargames.com\/wp-content\/uploads\/2023\/03\/90-large_default-768x768.png 768w\" sizes=\"(max-width: 800px) 100vw, 800px\" \/>\t\t\t\t\t\t\t\t<\/a>\n\t\t\t\t\t\t\t\t\t\t\t\t\t\t<\/div>\n\t\t\t\t\t\t<\/div>\n\t\t\t\t<\/div>\n\t\t\t\t\t\t<\/div>\n\t\t\t\t\t<\/div>\n\t\t<\/div>\n\t\t\t\t<div class=\"elementor-column elementor-col-33 elementor-top-column elementor-element elementor-element-71ede81\" data-id=\"71ede81\" data-element_type=\"column\">\n\t\t\t<div class=\"elementor-column-wrap elementor-element-populated\">\n\t\t\t\t\t\t\t<div class=\"elementor-widget-wrap\">\n\t\t\t\t\t\t<div class=\"elementor-element elementor-element-d6eb8d1 elementor-widget elementor-widget-image\" data-id=\"d6eb8d1\" data-element_type=\"widget\" data-widget_type=\"image.default\">\n\t\t\t\t<div class=\"elementor-widget-container\">\n\t\t\t\t\t\t\t\t<div class=\"elementor-image\">\n\t\t\t\t\t\t\t\t\t\t\t\t\t<a href=\"https:\/\/www.hqwargames.com\/index.php\/es\/filipinas-esp\/\">\n\t\t\t\t\t\t\t<img width=\"300\" height=\"495\" src=\"https:\/\/www.hqwargames.com\/wp-content\/uploads\/2025\/09\/caja-Filipinas.png\" class=\"attachment-large size-large\" alt=\"\" loading=\"lazy\" srcset=\"https:\/\/www.hqwargames.com\/wp-content\/uploads\/2025\/09\/caja-Filipinas.png 300w, https:\/\/www.hqwargames.com\/wp-content\/uploads\/2025\/09\/caja-Filipinas-182x300.png 182w\" sizes=\"(max-width: 300px) 100vw, 300px\" \/>\t\t\t\t\t\t\t\t<\/a>\n\t\t\t\t\t\t\t\t\t\t\t\t\t\t<\/div>\n\t\t\t\t\t\t<\/div>\n\t\t\t\t<\/div>\n\t\t\t\t\t\t<\/div>\n\t\t\t\t\t<\/div>\n\t\t<\/div>\n\t\t\t\t\t\t\t\t<\/div>\n\t\t\t\t\t<\/div>\n\t\t<\/section>\n\t\t\t\t<section class=\"elementor-section elementor-top-section elementor-element elementor-element-8071d6d elementor-section-boxed elementor-section-height-default elementor-section-height-default\" data-id=\"8071d6d\" data-element_type=\"section\">\n\t\t\t\t\t\t<div class=\"elementor-container elementor-column-gap-default\">\n\t\t\t\t\t\t\t<div class=\"elementor-row\">\n\t\t\t\t\t<div class=\"elementor-column elementor-col-100 elementor-top-column elementor-element elementor-element-37e3415\" data-id=\"37e3415\" data-element_type=\"column\">\n\t\t\t<div class=\"elementor-column-wrap elementor-element-populated\">\n\t\t\t\t\t\t\t<div class=\"elementor-widget-wrap\">\n\t\t\t\t\t\t<div class=\"elementor-element elementor-element-c23902e elementor-aspect-ratio-169 elementor-widget elementor-widget-video\" data-id=\"c23902e\" data-element_type=\"widget\" data-settings=\"{&quot;youtube_url&quot;:&quot;https:\\\/\\\/www.youtube.com\\\/watch?v=wqPsZYkVoiA&amp;t=6s&quot;,&quot;video_type&quot;:&quot;youtube&quot;,&quot;controls&quot;:&quot;yes&quot;,&quot;aspect_ratio&quot;:&quot;169&quot;}\" data-widget_type=\"video.default\">\n\t\t\t\t<div class=\"elementor-widget-container\">\n\t\t\t\t\t<div class=\"elementor-wrapper elementor-fit-aspect-ratio elementor-open-inline\">\n\t\t\t<div class=\"elementor-video\"><\/div>\t\t<\/div>\n\t\t\t\t<\/div>\n\t\t\t\t<\/div>\n\t\t\t\t<div class=\"elementor-element elementor-element-fe3dee1 elementor-aspect-ratio-169 elementor-widget elementor-widget-video\" data-id=\"fe3dee1\" data-element_type=\"widget\" data-settings=\"{&quot;youtube_url&quot;:&quot;https:\\\/\\\/www.youtube.com\\\/watch?v=2iEygPbsmj4&quot;,&quot;video_type&quot;:&quot;youtube&quot;,&quot;controls&quot;:&quot;yes&quot;,&quot;aspect_ratio&quot;:&quot;169&quot;}\" data-widget_type=\"video.default\">\n\t\t\t\t<div class=\"elementor-widget-container\">\n\t\t\t\t\t<div class=\"elementor-wrapper elementor-fit-aspect-ratio elementor-open-inline\">\n\t\t\t<div class=\"elementor-video\"><\/div>\t\t<\/div>\n\t\t\t\t<\/div>\n\t\t\t\t<\/div>\n\t\t\t\t<div class=\"elementor-element elementor-element-7f1f91d elementor-aspect-ratio-169 elementor-widget elementor-widget-video\" data-id=\"7f1f91d\" data-element_type=\"widget\" data-settings=\"{&quot;youtube_url&quot;:&quot;https:\\\/\\\/www.youtube.com\\\/watch?v=ZJ5V3hd7iFQ&quot;,&quot;video_type&quot;:&quot;youtube&quot;,&quot;controls&quot;:&quot;yes&quot;,&quot;aspect_ratio&quot;:&quot;169&quot;}\" data-widget_type=\"video.default\">\n\t\t\t\t<div class=\"elementor-widget-container\">\n\t\t\t\t\t<div class=\"elementor-wrapper elementor-fit-aspect-ratio elementor-open-inline\">\n\t\t\t<div class=\"elementor-video\"><\/div>\t\t<\/div>\n\t\t\t\t<\/div>\n\t\t\t\t<\/div>\n\t\t\t\t\t\t<\/div>\n\t\t\t\t\t<\/div>\n\t\t<\/div>\n\t\t\t\t\t\t\t\t<\/div>\n\t\t\t\t\t<\/div>\n\t\t<\/section>\n\t\t\t\t\t\t\t\t\t<\/div>\n\t\t\t<\/div>\n\t\t\t\t\t<\/div>\n\t\t","protected":false},"excerpt":{"rendered":"<p>La Guerra de Thatcher: Malvinas 1982 \u201cLos ojos del mundo ahora est\u00e1n enfocados en las Islas Malvinas. Otros est\u00e1n mirando ansiosos para ver si triunfar\u00e1 la fuerza bruta o el estado de derecho. Dondequiera que ocurra una agresi\u00f3n manifiesta, debe ser superada. El coste actual, por alto que sea, debe compararse con el coste que [&hellip;]<\/p>\n","protected":false},"author":6,"featured_media":0,"parent":0,"menu_order":0,"comment_status":"closed","ping_status":"closed","template":"","meta":[],"_links":{"self":[{"href":"https:\/\/www.hqwargames.com\/index.php\/wp-json\/wp\/v2\/pages\/2651"}],"collection":[{"href":"https:\/\/www.hqwargames.com\/index.php\/wp-json\/wp\/v2\/pages"}],"about":[{"href":"https:\/\/www.hqwargames.com\/index.php\/wp-json\/wp\/v2\/types\/page"}],"author":[{"embeddable":true,"href":"https:\/\/www.hqwargames.com\/index.php\/wp-json\/wp\/v2\/users\/6"}],"replies":[{"embeddable":true,"href":"https:\/\/www.hqwargames.com\/index.php\/wp-json\/wp\/v2\/comments?post=2651"}],"version-history":[{"count":213,"href":"https:\/\/www.hqwargames.com\/index.php\/wp-json\/wp\/v2\/pages\/2651\/revisions"}],"predecessor-version":[{"id":4401,"href":"https:\/\/www.hqwargames.com\/index.php\/wp-json\/wp\/v2\/pages\/2651\/revisions\/4401"}],"wp:attachment":[{"href":"https:\/\/www.hqwargames.com\/index.php\/wp-json\/wp\/v2\/media?parent=2651"}],"curies":[{"name":"wp","href":"https:\/\/api.w.org\/{rel}","templated":true}]}}