{"id":2263,"date":"2021-07-28T08:34:32","date_gmt":"2021-07-28T06:34:32","guid":{"rendered":"https:\/\/www.hqwargames.com\/?page_id=2263"},"modified":"2023-09-19T08:08:24","modified_gmt":"2023-09-19T06:08:24","slug":"filipinas-esp","status":"publish","type":"page","link":"https:\/\/www.hqwargames.com\/index.php\/filipinas-esp\/","title":{"rendered":"Filipinas-Esp"},"content":{"rendered":"\t\t<div data-elementor-type=\"wp-page\" data-elementor-id=\"2263\" class=\"elementor elementor-2263\">\n\t\t\t\t\t\t<div class=\"elementor-inner\">\n\t\t\t\t<div class=\"elementor-section-wrap\">\n\t\t\t\t\t\t\t\t\t<section class=\"elementor-section elementor-top-section elementor-element elementor-element-255b29aa elementor-section-boxed elementor-section-height-default elementor-section-height-default\" data-id=\"255b29aa\" data-element_type=\"section\">\n\t\t\t\t\t\t<div class=\"elementor-container elementor-column-gap-default\">\n\t\t\t\t\t\t\t<div class=\"elementor-row\">\n\t\t\t\t\t<div class=\"elementor-column elementor-col-100 elementor-top-column elementor-element elementor-element-6c0ec2d1\" data-id=\"6c0ec2d1\" data-element_type=\"column\">\n\t\t\t<div class=\"elementor-column-wrap elementor-element-populated\">\n\t\t\t\t\t\t\t<div class=\"elementor-widget-wrap\">\n\t\t\t\t\t\t<div class=\"elementor-element elementor-element-5df6c3b8 elementor-widget elementor-widget-text-editor\" data-id=\"5df6c3b8\" data-element_type=\"widget\" data-widget_type=\"text-editor.default\">\n\t\t\t\t<div class=\"elementor-widget-container\">\n\t\t\t\t\t\t\t\t<div class=\"elementor-text-editor elementor-clearfix\">\n\t\t\t\t<p><!-- wp:heading --><\/p>\n<h2>Filipinas: 1896-1898. Fin de un Imperio<\/h2>\n<p><!-- \/wp:heading --><\/p>\n<p><!-- wp:image {\"id\":2494,\"align\":\"right\",\"width\":346,\"height\":469} --><\/p>\n<div class=\"wp-block-image\">\n<figure class=\"alignright is-resized\"><img loading=\"lazy\" class=\"wp-image-2494\" src=\"https:\/\/www.hqwargames.com\/wp-content\/uploads\/2021\/09\/Portada-Filipinas_v3-1-754x1024.jpg\" alt=\"\" width=\"346\" height=\"469\" srcset=\"https:\/\/www.hqwargames.com\/wp-content\/uploads\/2021\/09\/Portada-Filipinas_v3-1-754x1024.jpg 754w, https:\/\/www.hqwargames.com\/wp-content\/uploads\/2021\/09\/Portada-Filipinas_v3-1-221x300.jpg 221w, https:\/\/www.hqwargames.com\/wp-content\/uploads\/2021\/09\/Portada-Filipinas_v3-1-768x1043.jpg 768w, https:\/\/www.hqwargames.com\/wp-content\/uploads\/2021\/09\/Portada-Filipinas_v3-1.jpg 796w\" sizes=\"(max-width: 346px) 100vw, 346px\" \/><\/figure>\n<\/div>\n<p><!-- \/wp:image --><\/p>\n<p><!-- wp:paragraph {\"textColor\":\"very-dark-gray\"} --><\/p>\n<p class=\"has-text-color has-very-dark-gray-color\">Filipinas 1896-1898 ser\u00e1 el nuevo dise\u00f1o de <strong><em>Javier G. de Gabiola<\/em><\/strong>, que ya public\u00f3 anteriormente con VPG el wargame Cuba: The Splendid Little War. El juego representa el conflicto en Filipinas de 1896 a 1898 donde el ej\u00e9rcito espa\u00f1ol se enfrenta a los rebeldes Filipinos y posteriormente a los Estados Unidos de Am\u00e9rica.<\/p>\n<p><!-- \/wp:paragraph --><\/p>\n<p><!-- wp:paragraph {\"textColor\":\"very-dark-gray\"} --><\/p>\n<p class=\"has-text-color has-very-dark-gray-color\">El juego conserva la misma l\u00ednea de dise\u00f1o que el anterior juego de Cuba pero adaptado a las caracter\u00edsticas propias de este conflicto y ser\u00e1 publicado<strong> en espa\u00f1ol<\/strong>.<\/p>\n<p><!-- \/wp:paragraph --><\/p>\n<p><!-- wp:paragraph {\"textColor\":\"very-dark-gray\"} --><\/p>\n<p class=\"has-text-color has-very-dark-gray-color\"><em><strong>Filipinas: 1896-1898. Fin de un Imperio<\/strong><\/em> es una simulaci\u00f3n para dos jugadores, uno dirige las fuerzas espa\u00f1olas tratando de mantener Filipinas, el otro dirige a los rebeldes Filipinos luchando por su independencia y al ej\u00e9rcito de Estados Unidos si ocurre la intervenci\u00f3n estadounidense.<\/p>\n<p><!-- \/wp:paragraph --><\/p>\n<p><!-- wp:paragraph {\"textColor\":\"very-dark-gray\"} --><\/p>\n<p class=\"has-text-color has-very-dark-gray-color\">El juego representa las principales operaciones militares que se llevaron a cabo. Los jugadores deben tomar decisiones estrat\u00e9gicas clave para lograr sus objetivos, equilibrando sus recursos e impidiendo que su oponente haga lo mismo.<\/p>\n<p><!-- \/wp:paragraph --><\/p>\n<p><!-- wp:paragraph {\"textColor\":\"very-dark-gray\"} --><\/p>\n<p class=\"has-text-color has-very-dark-gray-color\">Hay m\u00e1s de 60 cartas de ayuda y eventos que jugar para ambos jugadores representando enfermedades, emboscadas, asesinatos, la reacci\u00f3n de la prensa y el gobierno norteamericanos etc&#8230;<\/p>\n<p><!-- \/wp:paragraph --><\/p>\n<p><!-- wp:paragraph {\"textColor\":\"very-dark-gray\"} --><\/p>\n<p class=\"has-text-color has-very-dark-gray-color\">Como el espa\u00f1ol, \u00bfpuedes mantener el control de la colonia, mantener la econom\u00eda en marcha, y mantener las garras de Estados Unidos alejadas? O, como los rebeldes Filipinos \u00bfpuedes tomar el control de Filipinas y defender su independencia frente a los planes anexionistas de Estados Unidos? \u00a1Juega a Filipinas: 1896-1898. Fin de un Imperio y desc\u00fabrelo!<\/p>\n<p><!-- \/wp:paragraph --><\/p>\n<p><!-- wp:paragraph {\"textColor\":\"very-dark-gray\"} --><\/p>\n<p class=\"has-text-color has-very-dark-gray-color\"><strong>Inf<i>o<\/i>rmaci\u00f3n general:<\/strong><\/p>\n<p><!-- \/wp:paragraph --><\/p>\n<p><!-- wp:list --><\/p>\n<ul>\n<li>Jugadores: 1-2 (hay modo solitario para jugar como filipino)<\/li>\n<li>Per\u00edodo: Finales siglo XIX<\/li>\n<li>Complejidad: Media-baja<\/li>\n<li>Idioma: Espa\u00f1ol<\/li>\n<li>Escala temporal: 1 turno = 4 meses<\/li>\n<li>Edad recomendada: 12+<\/li>\n<\/ul>\n<p><!-- \/wp:list --><\/p>\n<p><!-- wp:heading {\"level\":4} --><\/p>\n<h4>Componentes del juego:<\/h4>\n<p><!-- \/wp:heading --><\/p>\n<p><!-- wp:list --><\/p>\n<ul>\n<li>Tablero montado de 40cm x 52cm<\/li>\n<li>73 Fichas y marcadores<\/li>\n<li>1 Reglamento a todo color (24-p\u00e1ginas)<\/li>\n<li>73 cartas de eventos de 63x88mm<\/li>\n<li>2 Hojas de ayuda<\/li>\n<li>2 Dados<\/li>\n<\/ul>\n<p><!-- \/wp:list --><\/p>\n<p><!-- wp:paragraph {\"textColor\":\"very-dark-gray\"} --><\/p>\n<p class=\"has-text-color has-very-dark-gray-color\"><strong>Cr\u00e9ditos:<\/strong><\/p>\n<p><!-- \/wp:paragraph --><\/p>\n<p><!-- wp:list --><\/p>\n<ul>\n<li>Dise\u00f1ador: Javier G. de Gabiola<\/li>\n<li>Arte: Jos\u00e9 Ferr\u00e9 Clauzel (cuadro de la portada), Derrick C.Macutay(soldado Filipino), Miguel Santacruz.<\/li>\n<li>Producci\u00f3n: Miguel Santacruz<\/li>\n<\/ul>\n<p><!-- \/wp:list --><\/p>\n<p><!-- wp:paragraph {\"textColor\":\"very-dark-gray\"} --><\/p>\n<p class=\"has-text-color has-very-dark-gray-color\">Filipinas 1896-1898 estar\u00e1 disponible como juego en caja, en versi\u00f3n en Castellano.<\/p>\n<p><!-- \/wp:paragraph --><\/p>\n<p><!-- wp:paragraph {\"textColor\":\"very-dark-gray\"} --><\/p>\n<h4 class=\"has-text-color has-very-dark-gray-color\"><b>&nbsp;\u00a1Ya a la Venta!<\/b><\/h4>\n<h4 class=\"has-text-color has-very-dark-gray-color\">&nbsp;<\/h4>\n<h4 class=\"has-text-color has-very-dark-gray-color\"><a href=\"https:\/\/www.hqwargames.com\/wp-content\/uploads\/2023\/05\/Filipinas_Reglamento_Mayo_v5.pdf\"><b>Manual<\/b> (Versi\u00f3n final).<\/a><\/h4>\n<p class=\"has-text-color has-very-dark-gray-color\">&nbsp;<\/p>\n<p><!-- \/wp:jetpack\/slideshow --><\/p>\n<p><!-- wp:image {\"id\":2289,\"align\":\"center\"} --><\/p>\n<div class=\"wp-block-image\">&nbsp;<\/div>\n<p><!-- \/wp:button --><\/p>\n<p><!-- wp:paragraph --><\/p>\n<p><!-- \/wp:paragraph --><\/p>\t\t\t\t\t<\/div>\n\t\t\t\t\t\t<\/div>\n\t\t\t\t<\/div>\n\t\t\t\t<div class=\"elementor-element elementor-element-a63ad25 elementor-widget elementor-widget-image\" data-id=\"a63ad25\" data-element_type=\"widget\" data-widget_type=\"image.default\">\n\t\t\t\t<div class=\"elementor-widget-container\">\n\t\t\t\t\t\t\t\t<div class=\"elementor-image\">\n\t\t\t\t\t\t\t\t\t\t\t\t<img width=\"768\" height=\"997\" src=\"https:\/\/www.hqwargames.com\/wp-content\/uploads\/2023\/02\/Mapa_Filipinas_small-768x997.jpg\" class=\"attachment-medium_large size-medium_large\" alt=\"\" loading=\"lazy\" srcset=\"https:\/\/www.hqwargames.com\/wp-content\/uploads\/2023\/02\/Mapa_Filipinas_small-768x997.jpg 768w, https:\/\/www.hqwargames.com\/wp-content\/uploads\/2023\/02\/Mapa_Filipinas_small-231x300.jpg 231w, https:\/\/www.hqwargames.com\/wp-content\/uploads\/2023\/02\/Mapa_Filipinas_small-789x1024.jpg 789w, https:\/\/www.hqwargames.com\/wp-content\/uploads\/2023\/02\/Mapa_Filipinas_small-1183x1536.jpg 1183w, https:\/\/www.hqwargames.com\/wp-content\/uploads\/2023\/02\/Mapa_Filipinas_small-1577x2048.jpg 1577w, https:\/\/www.hqwargames.com\/wp-content\/uploads\/2023\/02\/Mapa_Filipinas_small-scaled.jpg 1971w\" sizes=\"(max-width: 768px) 100vw, 768px\" \/>\t\t\t\t\t\t\t\t\t\t\t\t\t\t<\/div>\n\t\t\t\t\t\t<\/div>\n\t\t\t\t<\/div>\n\t\t\t\t<div class=\"elementor-element elementor-element-9c2715b elementor-widget elementor-widget-image\" data-id=\"9c2715b\" data-element_type=\"widget\" data-widget_type=\"image.default\">\n\t\t\t\t<div class=\"elementor-widget-container\">\n\t\t\t\t\t\t\t\t<div class=\"elementor-image\">\n\t\t\t\t\t\t\t\t\t\t\t\t<img width=\"826\" height=\"1024\" src=\"https:\/\/www.hqwargames.com\/wp-content\/uploads\/2023\/01\/Fichas_Filipinas_A_Front_-826x1024.png\" class=\"attachment-large size-large\" alt=\"\" loading=\"lazy\" srcset=\"https:\/\/www.hqwargames.com\/wp-content\/uploads\/2023\/01\/Fichas_Filipinas_A_Front_-826x1024.png 826w, https:\/\/www.hqwargames.com\/wp-content\/uploads\/2023\/01\/Fichas_Filipinas_A_Front_-242x300.png 242w, https:\/\/www.hqwargames.com\/wp-content\/uploads\/2023\/01\/Fichas_Filipinas_A_Front_-768x953.png 768w, https:\/\/www.hqwargames.com\/wp-content\/uploads\/2023\/01\/Fichas_Filipinas_A_Front_-1238x1536.png 1238w, https:\/\/www.hqwargames.com\/wp-content\/uploads\/2023\/01\/Fichas_Filipinas_A_Front_-1651x2048.png 1651w\" sizes=\"(max-width: 826px) 100vw, 826px\" \/>\t\t\t\t\t\t\t\t\t\t\t\t\t\t<\/div>\n\t\t\t\t\t\t<\/div>\n\t\t\t\t<\/div>\n\t\t\t\t<div class=\"elementor-element elementor-element-7084e8c elementor-widget elementor-widget-image\" data-id=\"7084e8c\" data-element_type=\"widget\" data-widget_type=\"image.default\">\n\t\t\t\t<div class=\"elementor-widget-container\">\n\t\t\t\t\t\t\t\t<div class=\"elementor-image\">\n\t\t\t\t\t\t\t\t\t<figure class=\"wp-caption\">\n\t\t\t\t\t\t\t\t\t\t<img width=\"768\" height=\"1024\" src=\"https:\/\/www.hqwargames.com\/wp-content\/uploads\/2023\/09\/PIC01-768x1024.jpg\" class=\"attachment-large size-large\" alt=\"\" loading=\"lazy\" srcset=\"https:\/\/www.hqwargames.com\/wp-content\/uploads\/2023\/09\/PIC01-768x1024.jpg 768w, https:\/\/www.hqwargames.com\/wp-content\/uploads\/2023\/09\/PIC01-225x300.jpg 225w, https:\/\/www.hqwargames.com\/wp-content\/uploads\/2023\/09\/PIC01-1152x1536.jpg 1152w, https:\/\/www.hqwargames.com\/wp-content\/uploads\/2023\/09\/PIC01-1536x2048.jpg 1536w, https:\/\/www.hqwargames.com\/wp-content\/uploads\/2023\/09\/PIC01-scaled.jpg 1920w\" sizes=\"(max-width: 768px) 100vw, 768px\" \/>\t\t\t\t\t\t\t\t\t\t\t<figcaption class=\"widget-image-caption wp-caption-text\">Todos los componentes del juego<\/figcaption>\n\t\t\t\t\t\t\t\t\t\t<\/figure>\n\t\t\t\t\t\t\t\t<\/div>\n\t\t\t\t\t\t<\/div>\n\t\t\t\t<\/div>\n\t\t\t\t<div class=\"elementor-element elementor-element-ddbf9cc elementor-widget elementor-widget-image\" data-id=\"ddbf9cc\" data-element_type=\"widget\" data-widget_type=\"image.default\">\n\t\t\t\t<div class=\"elementor-widget-container\">\n\t\t\t\t\t\t\t\t<div class=\"elementor-image\">\n\t\t\t\t\t\t\t\t\t<figure class=\"wp-caption\">\n\t\t\t\t\t\t\t\t\t\t<img width=\"1024\" height=\"768\" src=\"https:\/\/www.hqwargames.com\/wp-content\/uploads\/2023\/09\/PIC02-1024x768.jpg\" class=\"attachment-large size-large\" alt=\"\" loading=\"lazy\" srcset=\"https:\/\/www.hqwargames.com\/wp-content\/uploads\/2023\/09\/PIC02-1024x768.jpg 1024w, https:\/\/www.hqwargames.com\/wp-content\/uploads\/2023\/09\/PIC02-300x225.jpg 300w, https:\/\/www.hqwargames.com\/wp-content\/uploads\/2023\/09\/PIC02-768x576.jpg 768w, https:\/\/www.hqwargames.com\/wp-content\/uploads\/2023\/09\/PIC02-1536x1152.jpg 1536w, https:\/\/www.hqwargames.com\/wp-content\/uploads\/2023\/09\/PIC02.jpg 2000w\" sizes=\"(max-width: 1024px) 100vw, 1024px\" \/>\t\t\t\t\t\t\t\t\t\t\t<figcaption class=\"widget-image-caption wp-caption-text\">Comienza la partida<\/figcaption>\n\t\t\t\t\t\t\t\t\t\t<\/figure>\n\t\t\t\t\t\t\t\t<\/div>\n\t\t\t\t\t\t<\/div>\n\t\t\t\t<\/div>\n\t\t\t\t<div class=\"elementor-element elementor-element-76658a1 elementor-widget elementor-widget-image\" data-id=\"76658a1\" data-element_type=\"widget\" data-widget_type=\"image.default\">\n\t\t\t\t<div class=\"elementor-widget-container\">\n\t\t\t\t\t\t\t\t<div class=\"elementor-image\">\n\t\t\t\t\t\t\t\t\t<figure class=\"wp-caption\">\n\t\t\t\t\t\t\t\t\t\t<img width=\"1024\" height=\"712\" src=\"https:\/\/www.hqwargames.com\/wp-content\/uploads\/2023\/01\/Hoja_Ayuda-Espanol-1024x712.png\" class=\"attachment-large size-large\" alt=\"\" loading=\"lazy\" srcset=\"https:\/\/www.hqwargames.com\/wp-content\/uploads\/2023\/01\/Hoja_Ayuda-Espanol-1024x712.png 1024w, https:\/\/www.hqwargames.com\/wp-content\/uploads\/2023\/01\/Hoja_Ayuda-Espanol-300x209.png 300w, https:\/\/www.hqwargames.com\/wp-content\/uploads\/2023\/01\/Hoja_Ayuda-Espanol-768x534.png 768w, https:\/\/www.hqwargames.com\/wp-content\/uploads\/2023\/01\/Hoja_Ayuda-Espanol-1536x1068.png 1536w, https:\/\/www.hqwargames.com\/wp-content\/uploads\/2023\/01\/Hoja_Ayuda-Espanol.png 2033w\" sizes=\"(max-width: 1024px) 100vw, 1024px\" \/>\t\t\t\t\t\t\t\t\t\t\t<figcaption class=\"widget-image-caption wp-caption-text\">Hoja de ayuda jugador espa\u00f1ol<\/figcaption>\n\t\t\t\t\t\t\t\t\t\t<\/figure>\n\t\t\t\t\t\t\t\t<\/div>\n\t\t\t\t\t\t<\/div>\n\t\t\t\t<\/div>\n\t\t\t\t<div class=\"elementor-element elementor-element-9826879 elementor-widget elementor-widget-image\" data-id=\"9826879\" data-element_type=\"widget\" data-widget_type=\"image.default\">\n\t\t\t\t<div class=\"elementor-widget-container\">\n\t\t\t\t\t\t\t\t<div class=\"elementor-image\">\n\t\t\t\t\t\t\t\t\t<figure class=\"wp-caption\">\n\t\t\t\t\t\t\t\t\t\t<img width=\"1024\" height=\"930\" src=\"https:\/\/www.hqwargames.com\/wp-content\/uploads\/2022\/04\/Cartas_Filipinas_2-1024x930.png\" class=\"attachment-large size-large\" alt=\"\" loading=\"lazy\" srcset=\"https:\/\/www.hqwargames.com\/wp-content\/uploads\/2022\/04\/Cartas_Filipinas_2-1024x930.png 1024w, https:\/\/www.hqwargames.com\/wp-content\/uploads\/2022\/04\/Cartas_Filipinas_2-300x272.png 300w, https:\/\/www.hqwargames.com\/wp-content\/uploads\/2022\/04\/Cartas_Filipinas_2-768x697.png 768w, https:\/\/www.hqwargames.com\/wp-content\/uploads\/2022\/04\/Cartas_Filipinas_2.png 1316w\" sizes=\"(max-width: 1024px) 100vw, 1024px\" \/>\t\t\t\t\t\t\t\t\t\t\t<figcaption class=\"widget-image-caption wp-caption-text\">Algunas cartas del Filipino<\/figcaption>\n\t\t\t\t\t\t\t\t\t\t<\/figure>\n\t\t\t\t\t\t\t\t<\/div>\n\t\t\t\t\t\t<\/div>\n\t\t\t\t<\/div>\n\t\t\t\t<div class=\"elementor-element elementor-element-5b41f48 elementor-widget elementor-widget-text-editor\" data-id=\"5b41f48\" data-element_type=\"widget\" data-widget_type=\"text-editor.default\">\n\t\t\t\t<div class=\"elementor-widget-container\">\n\t\t\t\t\t\t\t\t<div class=\"elementor-text-editor elementor-clearfix\">\n\t\t\t\t<p><!-- wp:heading --><\/p>\n<h2 style=\"text-align: center;\">\u00a1A la venta en nuestra tienda on-line!<\/h2>\n<p><!-- \/wp:heading --><\/p>\n<p><!-- wp:button {\"align\":\"center\",\"className\":\"is-style-squared\"} --><\/p>\n<div class=\"wp-block-button aligncenter is-style-squared\"><a class=\"wp-block-button__link\" href=\"https:\/\/ecommerce.hqwargames.com\/index.php?id_product=25&amp;rewrite=Filipinas18961898&amp;controller=product&amp;id_lang=2\">Ir a la Tienda<\/a><\/div>\n<p><!-- \/wp:button --><\/p>\n<p><!-- wp:paragraph --><\/p>\n<p><!-- \/wp:paragraph --><\/p>\t\t\t\t\t<\/div>\n\t\t\t\t\t\t<\/div>\n\t\t\t\t<\/div>\n\t\t\t\t\t\t<\/div>\n\t\t\t\t\t<\/div>\n\t\t<\/div>\n\t\t\t\t\t\t\t\t<\/div>\n\t\t\t\t\t<\/div>\n\t\t<\/section>\n\t\t\t\t<section class=\"elementor-section elementor-top-section elementor-element elementor-element-a836c63 elementor-section-boxed elementor-section-height-default elementor-section-height-default\" data-id=\"a836c63\" data-element_type=\"section\">\n\t\t\t\t\t\t<div class=\"elementor-container elementor-column-gap-default\">\n\t\t\t\t\t\t\t<div class=\"elementor-row\">\n\t\t\t\t\t<div class=\"elementor-column elementor-col-100 elementor-top-column elementor-element elementor-element-226ac54\" data-id=\"226ac54\" data-element_type=\"column\">\n\t\t\t<div class=\"elementor-column-wrap\">\n\t\t\t\t\t\t\t<div class=\"elementor-widget-wrap\">\n\t\t\t\t\t\t\t\t<\/div>\n\t\t\t\t\t<\/div>\n\t\t<\/div>\n\t\t\t\t\t\t\t\t<\/div>\n\t\t\t\t\t<\/div>\n\t\t<\/section>\n\t\t\t\t<section class=\"elementor-section elementor-top-section elementor-element elementor-element-71a5762 elementor-section-boxed elementor-section-height-default elementor-section-height-default\" data-id=\"71a5762\" data-element_type=\"section\">\n\t\t\t\t\t\t<div class=\"elementor-container elementor-column-gap-default\">\n\t\t\t\t\t\t\t<div class=\"elementor-row\">\n\t\t\t\t\t<div class=\"elementor-column elementor-col-100 elementor-top-column elementor-element elementor-element-44c963d\" data-id=\"44c963d\" data-element_type=\"column\">\n\t\t\t<div class=\"elementor-column-wrap elementor-element-populated\">\n\t\t\t\t\t\t\t<div class=\"elementor-widget-wrap\">\n\t\t\t\t\t\t<div class=\"elementor-element elementor-element-002fd73 elementor-aspect-ratio-169 elementor-widget elementor-widget-video\" data-id=\"002fd73\" data-element_type=\"widget\" data-settings=\"{&quot;youtube_url&quot;:&quot;https:\\\/\\\/www.youtube.com\\\/watch?v=6uBIQSaeJEk&amp;t=180s&quot;,&quot;video_type&quot;:&quot;youtube&quot;,&quot;controls&quot;:&quot;yes&quot;,&quot;aspect_ratio&quot;:&quot;169&quot;}\" data-widget_type=\"video.default\">\n\t\t\t\t<div class=\"elementor-widget-container\">\n\t\t\t\t\t<div class=\"elementor-wrapper elementor-fit-aspect-ratio elementor-open-inline\">\n\t\t\t<div class=\"elementor-video\"><\/div>\t\t<\/div>\n\t\t\t\t<\/div>\n\t\t\t\t<\/div>\n\t\t\t\t<div class=\"elementor-element elementor-element-87af8aa elementor-aspect-ratio-169 elementor-widget elementor-widget-video\" data-id=\"87af8aa\" data-element_type=\"widget\" data-settings=\"{&quot;youtube_url&quot;:&quot;https:\\\/\\\/www.youtube.com\\\/watch?v=p77dVdoaVKc&quot;,&quot;video_type&quot;:&quot;youtube&quot;,&quot;controls&quot;:&quot;yes&quot;,&quot;aspect_ratio&quot;:&quot;169&quot;}\" data-widget_type=\"video.default\">\n\t\t\t\t<div class=\"elementor-widget-container\">\n\t\t\t\t\t<div class=\"elementor-wrapper elementor-fit-aspect-ratio elementor-open-inline\">\n\t\t\t<div class=\"elementor-video\"><\/div>\t\t<\/div>\n\t\t\t\t<\/div>\n\t\t\t\t<\/div>\n\t\t\t\t\t\t<\/div>\n\t\t\t\t\t<\/div>\n\t\t<\/div>\n\t\t\t\t\t\t\t\t<\/div>\n\t\t\t\t\t<\/div>\n\t\t<\/section>\n\t\t\t\t\t\t\t\t\t<\/div>\n\t\t\t<\/div>\n\t\t\t\t\t<\/div>\n\t\t","protected":false},"excerpt":{"rendered":"<p>Filipinas: 1896-1898. Fin de un Imperio Filipinas 1896-1898 ser\u00e1 el nuevo dise\u00f1o de Javier G. de Gabiola, que ya public\u00f3 anteriormente con VPG el wargame Cuba: The Splendid Little War. El juego representa el conflicto en Filipinas de 1896 a 1898 donde el ej\u00e9rcito espa\u00f1ol se enfrenta a los rebeldes Filipinos y posteriormente a los [&hellip;]<\/p>\n","protected":false},"author":1,"featured_media":0,"parent":0,"menu_order":0,"comment_status":"closed","ping_status":"closed","template":"","meta":[],"_links":{"self":[{"href":"https:\/\/www.hqwargames.com\/index.php\/wp-json\/wp\/v2\/pages\/2263"}],"collection":[{"href":"https:\/\/www.hqwargames.com\/index.php\/wp-json\/wp\/v2\/pages"}],"about":[{"href":"https:\/\/www.hqwargames.com\/index.php\/wp-json\/wp\/v2\/types\/page"}],"author":[{"embeddable":true,"href":"https:\/\/www.hqwargames.com\/index.php\/wp-json\/wp\/v2\/users\/1"}],"replies":[{"embeddable":true,"href":"https:\/\/www.hqwargames.com\/index.php\/wp-json\/wp\/v2\/comments?post=2263"}],"version-history":[{"count":308,"href":"https:\/\/www.hqwargames.com\/index.php\/wp-json\/wp\/v2\/pages\/2263\/revisions"}],"predecessor-version":[{"id":4030,"href":"https:\/\/www.hqwargames.com\/index.php\/wp-json\/wp\/v2\/pages\/2263\/revisions\/4030"}],"wp:attachment":[{"href":"https:\/\/www.hqwargames.com\/index.php\/wp-json\/wp\/v2\/media?parent=2263"}],"curies":[{"name":"wp","href":"https:\/\/api.w.org\/{rel}","templated":true}]}}