{"id":1932,"date":"2021-01-27T10:43:40","date_gmt":"2021-01-27T08:43:40","guid":{"rendered":"https:\/\/www.hqwargames.com\/?page_id=1932"},"modified":"2022-01-25T14:18:48","modified_gmt":"2022-01-25T12:18:48","slug":"ejercito-popular","status":"publish","type":"page","link":"https:\/\/www.hqwargames.com\/index.php\/ejercito-popular\/","title":{"rendered":"Ejercito Popular"},"content":{"rendered":"\t\t<div data-elementor-type=\"wp-page\" data-elementor-id=\"1932\" class=\"elementor elementor-1932\">\n\t\t\t\t\t\t<div class=\"elementor-inner\">\n\t\t\t\t<div class=\"elementor-section-wrap\">\n\t\t\t\t\t\t\t\t\t<section class=\"elementor-section elementor-top-section elementor-element elementor-element-06c7153 elementor-section-boxed elementor-section-height-default elementor-section-height-default\" data-id=\"06c7153\" data-element_type=\"section\">\n\t\t\t\t\t\t<div class=\"elementor-container elementor-column-gap-default\">\n\t\t\t\t\t\t\t<div class=\"elementor-row\">\n\t\t\t\t\t<div class=\"elementor-column elementor-col-100 elementor-top-column elementor-element elementor-element-77fc673\" data-id=\"77fc673\" data-element_type=\"column\">\n\t\t\t<div class=\"elementor-column-wrap elementor-element-populated\">\n\t\t\t\t\t\t\t<div class=\"elementor-widget-wrap\">\n\t\t\t\t\t\t<div class=\"elementor-element elementor-element-dab24d5 elementor-widget elementor-widget-heading\" data-id=\"dab24d5\" data-element_type=\"widget\" data-widget_type=\"heading.default\">\n\t\t\t\t<div class=\"elementor-widget-container\">\n\t\t\t<h1 class=\"elementor-heading-title elementor-size-default\">EJ\u00c9RCITO POPULAR<\/h1>\t\t<\/div>\n\t\t\t\t<\/div>\n\t\t\t\t\t\t<\/div>\n\t\t\t\t\t<\/div>\n\t\t<\/div>\n\t\t\t\t\t\t\t\t<\/div>\n\t\t\t\t\t<\/div>\n\t\t<\/section>\n\t\t\t\t<section class=\"elementor-section elementor-top-section elementor-element elementor-element-7a09a8e elementor-section-stretched elementor-section-boxed elementor-section-height-default elementor-section-height-default\" data-id=\"7a09a8e\" data-element_type=\"section\" data-settings=\"{&quot;stretch_section&quot;:&quot;section-stretched&quot;}\">\n\t\t\t\t\t\t<div class=\"elementor-container elementor-column-gap-default\">\n\t\t\t\t\t\t\t<div class=\"elementor-row\">\n\t\t\t\t\t<div class=\"elementor-column elementor-col-100 elementor-top-column elementor-element elementor-element-3e16c61\" data-id=\"3e16c61\" data-element_type=\"column\">\n\t\t\t<div class=\"elementor-column-wrap elementor-element-populated\">\n\t\t\t\t\t\t\t<div class=\"elementor-widget-wrap\">\n\t\t\t\t\t\t<div class=\"elementor-element elementor-element-c9881b3 elementor-widget elementor-widget-text-editor\" data-id=\"c9881b3\" data-element_type=\"widget\" data-widget_type=\"text-editor.default\">\n\t\t\t\t<div class=\"elementor-widget-container\">\n\t\t\t\t\t\t\t\t<div class=\"elementor-text-editor elementor-clearfix\">\n\t\t\t\t<h2 class=\"elementor-heading-title elementor-size-default\">Estado: Dise\u00f1o avanzado y en fase de testeo.<\/h2>\t\t\t\t\t<\/div>\n\t\t\t\t\t\t<\/div>\n\t\t\t\t<\/div>\n\t\t\t\t\t\t<\/div>\n\t\t\t\t\t<\/div>\n\t\t<\/div>\n\t\t\t\t\t\t\t\t<\/div>\n\t\t\t\t\t<\/div>\n\t\t<\/section>\n\t\t\t\t<section class=\"elementor-section elementor-top-section elementor-element elementor-element-2a582d1 elementor-section-boxed elementor-section-height-default elementor-section-height-default\" data-id=\"2a582d1\" data-element_type=\"section\">\n\t\t\t\t\t\t<div class=\"elementor-container elementor-column-gap-default\">\n\t\t\t\t\t\t\t<div class=\"elementor-row\">\n\t\t\t\t\t<div class=\"elementor-column elementor-col-100 elementor-top-column elementor-element elementor-element-d2f3914\" data-id=\"d2f3914\" data-element_type=\"column\">\n\t\t\t<div class=\"elementor-column-wrap elementor-element-populated\">\n\t\t\t\t\t\t\t<div class=\"elementor-widget-wrap\">\n\t\t\t\t\t\t<section class=\"elementor-section elementor-inner-section elementor-element elementor-element-86f8424 elementor-section-boxed elementor-section-height-default elementor-section-height-default\" data-id=\"86f8424\" data-element_type=\"section\">\n\t\t\t\t\t\t<div class=\"elementor-container elementor-column-gap-default\">\n\t\t\t\t\t\t\t<div class=\"elementor-row\">\n\t\t\t\t\t<div class=\"elementor-column elementor-col-50 elementor-inner-column elementor-element elementor-element-a373042\" data-id=\"a373042\" data-element_type=\"column\">\n\t\t\t<div class=\"elementor-column-wrap elementor-element-populated\">\n\t\t\t\t\t\t\t<div class=\"elementor-widget-wrap\">\n\t\t\t\t\t\t<div class=\"elementor-element elementor-element-159c131 elementor-widget elementor-widget-text-editor\" data-id=\"159c131\" data-element_type=\"widget\" data-widget_type=\"text-editor.default\">\n\t\t\t\t<div class=\"elementor-widget-container\">\n\t\t\t\t\t\t\t\t<div class=\"elementor-text-editor elementor-clearfix\">\n\t\t\t\t<p><strong>Situaci\u00f3n:<\/strong>\u00a0Dise\u00f1o avanzado y fase inicial de testeo.<\/p><p><strong>Periodo:<\/strong>\u00a0Guerra Civil Espa\u00f1ola<\/p><p><strong>Complejidad:<\/strong>\u00a0Baja<\/p><p><strong>Juego en solitario:<\/strong>\u00a0Alta<\/p><p><strong style=\"font-size: 14px; color: var( --e-global-color-text );\">Dise\u00f1ador:<\/strong><span style=\"font-size: 14px; color: var( --e-global-color-text );\">\u00a0Miguel Santacruz<\/span><\/p><p><strong>Componentes:<\/strong><\/p><p>&#8211; Mapa montado<\/p><p>&#8211; 5 Barajas con un total de\u00a0 mas de 100 cartas<\/p><p>&#8211; Manual del juego<\/p><p>&#8211; Dos dados de seis caras<\/p><p>&#8211; 2 Hojas de ayuda para los jugadores<\/p><p><span style=\"font-size: 14px; color: var( --e-global-color-text );\">&#8211; 4 peones para los Agentes.<\/span><\/p><p><span style=\"font-size: 14px; color: var( --e-global-color-text );\">&#8211; Mas de\u00a0 80 cubos de madera para los reclutas.<\/span><\/p><p><span style=\"font-size: 14px; color: var( --e-global-color-text );\">&#8211; 12 Fichas de Cajas de Acci\u00f3n.<\/span><\/p><p><span style=\"font-size: 14px; color: var( --e-global-color-text );\">&#8211; Mas de 50 fichas variadas (submarinos, transportes, batallones,&#8230;.)<\/span><\/p><p><span style=\"font-size: 14px; color: var( --e-global-color-text );\">&#8211; 4 Plantillas para los jugadores.<\/span><\/p><p>.<\/p>\t\t\t\t\t<\/div>\n\t\t\t\t\t\t<\/div>\n\t\t\t\t<\/div>\n\t\t\t\t\t\t<\/div>\n\t\t\t\t\t<\/div>\n\t\t<\/div>\n\t\t\t\t<div class=\"elementor-column elementor-col-50 elementor-inner-column elementor-element elementor-element-0f1b225\" data-id=\"0f1b225\" data-element_type=\"column\">\n\t\t\t<div class=\"elementor-column-wrap elementor-element-populated\">\n\t\t\t\t\t\t\t<div class=\"elementor-widget-wrap\">\n\t\t\t\t\t\t<div class=\"elementor-element elementor-element-45710ac elementor-widget elementor-widget-image\" data-id=\"45710ac\" data-element_type=\"widget\" data-widget_type=\"image.default\">\n\t\t\t\t<div class=\"elementor-widget-container\">\n\t\t\t\t\t\t\t\t<div class=\"elementor-image\">\n\t\t\t\t\t\t\t\t\t\t\t\t<img width=\"1024\" height=\"789\" src=\"https:\/\/www.hqwargames.com\/wp-content\/uploads\/2021\/01\/Box_Ejercito_Popular-1024x789.png\" class=\"attachment-large size-large\" alt=\"\" loading=\"lazy\" srcset=\"https:\/\/www.hqwargames.com\/wp-content\/uploads\/2021\/01\/Box_Ejercito_Popular-1024x789.png 1024w, https:\/\/www.hqwargames.com\/wp-content\/uploads\/2021\/01\/Box_Ejercito_Popular-300x231.png 300w, https:\/\/www.hqwargames.com\/wp-content\/uploads\/2021\/01\/Box_Ejercito_Popular-768x591.png 768w, https:\/\/www.hqwargames.com\/wp-content\/uploads\/2021\/01\/Box_Ejercito_Popular.png 1314w\" sizes=\"(max-width: 1024px) 100vw, 1024px\" \/>\t\t\t\t\t\t\t\t\t\t\t\t\t\t<\/div>\n\t\t\t\t\t\t<\/div>\n\t\t\t\t<\/div>\n\t\t\t\t\t\t<\/div>\n\t\t\t\t\t<\/div>\n\t\t<\/div>\n\t\t\t\t\t\t\t\t<\/div>\n\t\t\t\t\t<\/div>\n\t\t<\/section>\n\t\t\t\t<div class=\"elementor-element elementor-element-45fe561 elementor-widget elementor-widget-image\" data-id=\"45fe561\" data-element_type=\"widget\" data-widget_type=\"image.default\">\n\t\t\t\t<div class=\"elementor-widget-container\">\n\t\t\t\t\t\t\t\t<div class=\"elementor-image\">\n\t\t\t\t\t\t\t\t\t\t\t\t<img width=\"768\" height=\"879\" src=\"https:\/\/www.hqwargames.com\/wp-content\/uploads\/2021\/11\/Tablero_Ejercito_Popular_tablero_V2-768x879.jpg\" class=\"attachment-medium_large size-medium_large\" alt=\"\" loading=\"lazy\" srcset=\"https:\/\/www.hqwargames.com\/wp-content\/uploads\/2021\/11\/Tablero_Ejercito_Popular_tablero_V2-768x879.jpg 768w, https:\/\/www.hqwargames.com\/wp-content\/uploads\/2021\/11\/Tablero_Ejercito_Popular_tablero_V2-262x300.jpg 262w, https:\/\/www.hqwargames.com\/wp-content\/uploads\/2021\/11\/Tablero_Ejercito_Popular_tablero_V2-895x1024.jpg 895w\" sizes=\"(max-width: 768px) 100vw, 768px\" \/>\t\t\t\t\t\t\t\t\t\t\t\t\t\t<\/div>\n\t\t\t\t\t\t<\/div>\n\t\t\t\t<\/div>\n\t\t\t\t<div class=\"elementor-element elementor-element-accae6d elementor-widget elementor-widget-image\" data-id=\"accae6d\" data-element_type=\"widget\" data-widget_type=\"image.default\">\n\t\t\t\t<div class=\"elementor-widget-container\">\n\t\t\t\t\t\t\t\t<div class=\"elementor-image\">\n\t\t\t\t\t\t\t\t\t\t\t\t<img width=\"1024\" height=\"577\" src=\"https:\/\/www.hqwargames.com\/wp-content\/uploads\/2021\/10\/Promo-Cartas_Sepewe-1024x577.png\" class=\"attachment-large size-large\" alt=\"\" loading=\"lazy\" srcset=\"https:\/\/www.hqwargames.com\/wp-content\/uploads\/2021\/10\/Promo-Cartas_Sepewe-1024x577.png 1024w, https:\/\/www.hqwargames.com\/wp-content\/uploads\/2021\/10\/Promo-Cartas_Sepewe-300x169.png 300w, https:\/\/www.hqwargames.com\/wp-content\/uploads\/2021\/10\/Promo-Cartas_Sepewe-768x433.png 768w\" sizes=\"(max-width: 1024px) 100vw, 1024px\" \/>\t\t\t\t\t\t\t\t\t\t\t\t\t\t<\/div>\n\t\t\t\t\t\t<\/div>\n\t\t\t\t<\/div>\n\t\t\t\t<div class=\"elementor-element elementor-element-c162127 elementor-widget elementor-widget-image\" data-id=\"c162127\" data-element_type=\"widget\" data-widget_type=\"image.default\">\n\t\t\t\t<div class=\"elementor-widget-container\">\n\t\t\t\t\t\t\t\t<div class=\"elementor-image\">\n\t\t\t\t\t\t\t\t\t\t\t\t<img width=\"1024\" height=\"577\" src=\"https:\/\/www.hqwargames.com\/wp-content\/uploads\/2021\/09\/Promo-Cartas_Ayuda-1024x577.png\" class=\"attachment-large size-large\" alt=\"\" loading=\"lazy\" srcset=\"https:\/\/www.hqwargames.com\/wp-content\/uploads\/2021\/09\/Promo-Cartas_Ayuda-1024x577.png 1024w, https:\/\/www.hqwargames.com\/wp-content\/uploads\/2021\/09\/Promo-Cartas_Ayuda-300x169.png 300w, https:\/\/www.hqwargames.com\/wp-content\/uploads\/2021\/09\/Promo-Cartas_Ayuda-768x433.png 768w\" sizes=\"(max-width: 1024px) 100vw, 1024px\" \/>\t\t\t\t\t\t\t\t\t\t\t\t\t\t<\/div>\n\t\t\t\t\t\t<\/div>\n\t\t\t\t<\/div>\n\t\t\t\t<div class=\"elementor-element elementor-element-311bbfd elementor-widget elementor-widget-image\" data-id=\"311bbfd\" data-element_type=\"widget\" data-widget_type=\"image.default\">\n\t\t\t\t<div class=\"elementor-widget-container\">\n\t\t\t\t\t\t\t\t<div class=\"elementor-image\">\n\t\t\t\t\t\t\t\t\t\t\t\t<img width=\"1024\" height=\"549\" src=\"https:\/\/www.hqwargames.com\/wp-content\/uploads\/2021\/09\/Fichas-Batallones-1024x549.png\" class=\"attachment-large size-large\" alt=\"\" loading=\"lazy\" srcset=\"https:\/\/www.hqwargames.com\/wp-content\/uploads\/2021\/09\/Fichas-Batallones-1024x549.png 1024w, https:\/\/www.hqwargames.com\/wp-content\/uploads\/2021\/09\/Fichas-Batallones-300x161.png 300w, https:\/\/www.hqwargames.com\/wp-content\/uploads\/2021\/09\/Fichas-Batallones-768x411.png 768w, https:\/\/www.hqwargames.com\/wp-content\/uploads\/2021\/09\/Fichas-Batallones.png 1523w\" sizes=\"(max-width: 1024px) 100vw, 1024px\" \/>\t\t\t\t\t\t\t\t\t\t\t\t\t\t<\/div>\n\t\t\t\t\t\t<\/div>\n\t\t\t\t<\/div>\n\t\t\t\t<div class=\"elementor-element elementor-element-8543610 elementor-widget elementor-widget-image\" data-id=\"8543610\" data-element_type=\"widget\" data-widget_type=\"image.default\">\n\t\t\t\t<div class=\"elementor-widget-container\">\n\t\t\t\t\t\t\t\t<div class=\"elementor-image\">\n\t\t\t\t\t\t\t\t\t\t\t\t<img width=\"768\" height=\"591\" src=\"https:\/\/www.hqwargames.com\/wp-content\/uploads\/2021\/09\/Promo_Fichas_Cuadradas_2mm_Front_vAGR-768x591.png\" class=\"attachment-medium_large size-medium_large\" alt=\"\" loading=\"lazy\" srcset=\"https:\/\/www.hqwargames.com\/wp-content\/uploads\/2021\/09\/Promo_Fichas_Cuadradas_2mm_Front_vAGR-768x591.png 768w, https:\/\/www.hqwargames.com\/wp-content\/uploads\/2021\/09\/Promo_Fichas_Cuadradas_2mm_Front_vAGR-300x231.png 300w, https:\/\/www.hqwargames.com\/wp-content\/uploads\/2021\/09\/Promo_Fichas_Cuadradas_2mm_Front_vAGR-1024x788.png 1024w\" sizes=\"(max-width: 768px) 100vw, 768px\" \/>\t\t\t\t\t\t\t\t\t\t\t\t\t\t<\/div>\n\t\t\t\t\t\t<\/div>\n\t\t\t\t<\/div>\n\t\t\t\t<div class=\"elementor-element elementor-element-79bebb8 elementor-widget elementor-widget-image\" data-id=\"79bebb8\" data-element_type=\"widget\" data-widget_type=\"image.default\">\n\t\t\t\t<div class=\"elementor-widget-container\">\n\t\t\t\t\t\t\t\t<div class=\"elementor-image\">\n\t\t\t\t\t\t\t\t\t<figure class=\"wp-caption\">\n\t\t\t\t\t\t\t\t\t\t<img width=\"666\" height=\"1024\" src=\"https:\/\/www.hqwargames.com\/wp-content\/uploads\/2021\/11\/Countersheet_4_Fichas_Redondeadas_55x48mm_Front_vAGR-666x1024.png\" class=\"attachment-large size-large\" alt=\"Casillas Ejercito Popular\" loading=\"lazy\" srcset=\"https:\/\/www.hqwargames.com\/wp-content\/uploads\/2021\/11\/Countersheet_4_Fichas_Redondeadas_55x48mm_Front_vAGR-666x1024.png 666w, https:\/\/www.hqwargames.com\/wp-content\/uploads\/2021\/11\/Countersheet_4_Fichas_Redondeadas_55x48mm_Front_vAGR-195x300.png 195w, https:\/\/www.hqwargames.com\/wp-content\/uploads\/2021\/11\/Countersheet_4_Fichas_Redondeadas_55x48mm_Front_vAGR-768x1181.png 768w\" sizes=\"(max-width: 666px) 100vw, 666px\" \/>\t\t\t\t\t\t\t\t\t\t\t<figcaption class=\"widget-image-caption wp-caption-text\">Casillas de Acci\u00f3n del Tablero<\/figcaption>\n\t\t\t\t\t\t\t\t\t\t<\/figure>\n\t\t\t\t\t\t\t\t<\/div>\n\t\t\t\t\t\t<\/div>\n\t\t\t\t<\/div>\n\t\t\t\t<div class=\"elementor-element elementor-element-3c6d7fb elementor-widget elementor-widget-image\" data-id=\"3c6d7fb\" data-element_type=\"widget\" data-widget_type=\"image.default\">\n\t\t\t\t<div class=\"elementor-widget-container\">\n\t\t\t\t\t\t\t\t<div class=\"elementor-image\">\n\t\t\t\t\t\t\t\t\t\t\t\t<img width=\"1024\" height=\"717\" src=\"https:\/\/www.hqwargames.com\/wp-content\/uploads\/2021\/10\/Convoys_Web_EjPop-1024x717.png\" class=\"attachment-large size-large\" alt=\"\" loading=\"lazy\" srcset=\"https:\/\/www.hqwargames.com\/wp-content\/uploads\/2021\/10\/Convoys_Web_EjPop-1024x717.png 1024w, https:\/\/www.hqwargames.com\/wp-content\/uploads\/2021\/10\/Convoys_Web_EjPop-300x210.png 300w, https:\/\/www.hqwargames.com\/wp-content\/uploads\/2021\/10\/Convoys_Web_EjPop-768x538.png 768w\" sizes=\"(max-width: 1024px) 100vw, 1024px\" \/>\t\t\t\t\t\t\t\t\t\t\t\t\t\t<\/div>\n\t\t\t\t\t\t<\/div>\n\t\t\t\t<\/div>\n\t\t\t\t\t\t<\/div>\n\t\t\t\t\t<\/div>\n\t\t<\/div>\n\t\t\t\t\t\t\t\t<\/div>\n\t\t\t\t\t<\/div>\n\t\t<\/section>\n\t\t\t\t<section class=\"elementor-section elementor-top-section elementor-element elementor-element-fb1ff1c elementor-section-boxed elementor-section-height-default elementor-section-height-default\" data-id=\"fb1ff1c\" data-element_type=\"section\">\n\t\t\t\t\t\t<div class=\"elementor-container elementor-column-gap-default\">\n\t\t\t\t\t\t\t<div class=\"elementor-row\">\n\t\t\t\t\t<div class=\"elementor-column elementor-col-100 elementor-top-column elementor-element elementor-element-1d02e6e\" data-id=\"1d02e6e\" data-element_type=\"column\">\n\t\t\t<div class=\"elementor-column-wrap elementor-element-populated\">\n\t\t\t\t\t\t\t<div class=\"elementor-widget-wrap\">\n\t\t\t\t\t\t<div class=\"elementor-element elementor-element-7f68ed3 elementor-widget elementor-widget-heading\" data-id=\"7f68ed3\" data-element_type=\"widget\" data-widget_type=\"heading.default\">\n\t\t\t\t<div class=\"elementor-widget-container\">\n\t\t\t<h1 class=\"elementor-heading-title elementor-size-default\">Descripci\u00f3n<\/h1>\t\t<\/div>\n\t\t\t\t<\/div>\n\t\t\t\t<div class=\"elementor-element elementor-element-8055724 elementor-widget elementor-widget-text-editor\" data-id=\"8055724\" data-element_type=\"widget\" data-widget_type=\"text-editor.default\">\n\t\t\t\t<div class=\"elementor-widget-container\">\n\t\t\t\t\t\t\t\t<div class=\"elementor-text-editor elementor-clearfix\">\n\t\t\t\t<p>Ej\u00e9rcito Popular es un juego de 2 a 4 jugadores. En \u00e9l jugamos el rol de un agente que tratar\u00e1 de conseguir armas para el Ej\u00e9rcito Popular durante la terrible guerra Civil. Se trata de un juego competitivo y colaborativo, tratamos de cumplir las demandas del Alto Mando pero a la vez de destacar y hacerlo mejor que los dem\u00e1s. Compraremos armas en el mercado negro donde encontraremos ofertas que nos tratan de sacar precios m\u00e1s caros por menos, buscaremos armas en la propia Industria espa\u00f1ola, reclutas y uniformes para nuestros batallones a los que debemos enviar al frente lo mejor equipados posible, pero todo es una lucha contra el tiempo dado que el enemigo avanza y el Alto Mando no espera.<\/p>\t\t\t\t\t<\/div>\n\t\t\t\t\t\t<\/div>\n\t\t\t\t<\/div>\n\t\t\t\t<div class=\"elementor-element elementor-element-bf797c2 elementor-widget elementor-widget-image\" data-id=\"bf797c2\" data-element_type=\"widget\" data-widget_type=\"image.default\">\n\t\t\t\t<div class=\"elementor-widget-container\">\n\t\t\t\t\t\t\t\t<div class=\"elementor-image\">\n\t\t\t\t\t\t\t\t\t\t\t\t<img width=\"1024\" height=\"787\" src=\"https:\/\/www.hqwargames.com\/wp-content\/uploads\/2021\/11\/Carta-Batalla-Manual_2-1024x787.png\" class=\"attachment-large size-large\" alt=\"\" loading=\"lazy\" srcset=\"https:\/\/www.hqwargames.com\/wp-content\/uploads\/2021\/11\/Carta-Batalla-Manual_2-1024x787.png 1024w, https:\/\/www.hqwargames.com\/wp-content\/uploads\/2021\/11\/Carta-Batalla-Manual_2-300x231.png 300w, https:\/\/www.hqwargames.com\/wp-content\/uploads\/2021\/11\/Carta-Batalla-Manual_2-768x591.png 768w, https:\/\/www.hqwargames.com\/wp-content\/uploads\/2021\/11\/Carta-Batalla-Manual_2.png 1800w\" sizes=\"(max-width: 1024px) 100vw, 1024px\" \/>\t\t\t\t\t\t\t\t\t\t\t\t\t\t<\/div>\n\t\t\t\t\t\t<\/div>\n\t\t\t\t<\/div>\n\t\t\t\t<div class=\"elementor-element elementor-element-295d955 elementor-widget elementor-widget-heading\" data-id=\"295d955\" data-element_type=\"widget\" data-widget_type=\"heading.default\">\n\t\t\t\t<div class=\"elementor-widget-container\">\n\t\t\t<h1 class=\"elementor-heading-title elementor-size-default\">Noticias<\/h1>\t\t<\/div>\n\t\t\t\t<\/div>\n\t\t\t\t<div class=\"elementor-element elementor-element-db5fdee elementor-widget elementor-widget-image\" data-id=\"db5fdee\" data-element_type=\"widget\" data-widget_type=\"image.default\">\n\t\t\t\t<div class=\"elementor-widget-container\">\n\t\t\t\t\t\t\t\t<div class=\"elementor-image\">\n\t\t\t\t\t\t\t\t\t<figure class=\"wp-caption\">\n\t\t\t\t\t\t\t\t\t\t<img width=\"768\" height=\"1024\" src=\"https:\/\/www.hqwargames.com\/wp-content\/uploads\/2021\/11\/1637514041049-768x1024.jpg\" class=\"attachment-large size-large\" alt=\"\" loading=\"lazy\" srcset=\"https:\/\/www.hqwargames.com\/wp-content\/uploads\/2021\/11\/1637514041049-768x1024.jpg 768w, https:\/\/www.hqwargames.com\/wp-content\/uploads\/2021\/11\/1637514041049-225x300.jpg 225w\" sizes=\"(max-width: 768px) 100vw, 768px\" \/>\t\t\t\t\t\t\t\t\t\t\t<figcaption class=\"widget-image-caption wp-caption-text\">El prototipo en una sesi\u00f3n de testeo<\/figcaption>\n\t\t\t\t\t\t\t\t\t\t<\/figure>\n\t\t\t\t\t\t\t\t<\/div>\n\t\t\t\t\t\t<\/div>\n\t\t\t\t<\/div>\n\t\t\t\t<div class=\"elementor-element elementor-element-726ce5a elementor-widget elementor-widget-heading\" data-id=\"726ce5a\" data-element_type=\"widget\" data-widget_type=\"heading.default\">\n\t\t\t\t<div class=\"elementor-widget-container\">\n\t\t\t<h3 class=\"elementor-heading-title elementor-size-default\"><a href=\"https:\/\/www.facebook.com\/EjercitoPopular\">Enlace a la P\u00e1gina de Facebook<\/a><\/h3>\t\t<\/div>\n\t\t\t\t<\/div>\n\t\t\t\t<div class=\"elementor-element elementor-element-22b4838 elementor-widget elementor-widget-heading\" data-id=\"22b4838\" data-element_type=\"widget\" data-widget_type=\"heading.default\">\n\t\t\t\t<div class=\"elementor-widget-container\">\n\t\t\t<h3 class=\"elementor-heading-title elementor-size-default\"><a href=\"https:\/\/www.verkami.com\/projects\/31648-ejercito-popular\">Enlace a la Campa\u00f1a de Verkami<\/a><\/h3>\t\t<\/div>\n\t\t\t\t<\/div>\n\t\t\t\t\t\t<\/div>\n\t\t\t\t\t<\/div>\n\t\t<\/div>\n\t\t\t\t\t\t\t\t<\/div>\n\t\t\t\t\t<\/div>\n\t\t<\/section>\n\t\t\t\t<section class=\"elementor-section elementor-top-section elementor-element elementor-element-8704824 elementor-section-boxed elementor-section-height-default elementor-section-height-default\" data-id=\"8704824\" data-element_type=\"section\">\n\t\t\t\t\t\t<div class=\"elementor-container elementor-column-gap-default\">\n\t\t\t\t\t\t\t<div class=\"elementor-row\">\n\t\t\t\t\t<div class=\"elementor-column elementor-col-100 elementor-top-column elementor-element elementor-element-9025210\" data-id=\"9025210\" data-element_type=\"column\">\n\t\t\t<div class=\"elementor-column-wrap elementor-element-populated\">\n\t\t\t\t\t\t\t<div class=\"elementor-widget-wrap\">\n\t\t\t\t\t\t<div class=\"elementor-element elementor-element-8497b32 elementor-aspect-ratio-169 elementor-widget elementor-widget-video\" data-id=\"8497b32\" data-element_type=\"widget\" data-settings=\"{&quot;youtube_url&quot;:&quot;https:\\\/\\\/youtu.be\\\/hgQE-42JP9c&quot;,&quot;video_type&quot;:&quot;youtube&quot;,&quot;controls&quot;:&quot;yes&quot;,&quot;aspect_ratio&quot;:&quot;169&quot;}\" data-widget_type=\"video.default\">\n\t\t\t\t<div class=\"elementor-widget-container\">\n\t\t\t\t\t<div class=\"elementor-wrapper elementor-fit-aspect-ratio elementor-open-inline\">\n\t\t\t<div class=\"elementor-video\"><\/div>\t\t<\/div>\n\t\t\t\t<\/div>\n\t\t\t\t<\/div>\n\t\t\t\t<div class=\"elementor-element elementor-element-49f66c1 elementor-aspect-ratio-169 elementor-widget elementor-widget-video\" data-id=\"49f66c1\" data-element_type=\"widget\" data-settings=\"{&quot;youtube_url&quot;:&quot;https:\\\/\\\/youtu.be\\\/eNWR7YC90PM&quot;,&quot;video_type&quot;:&quot;youtube&quot;,&quot;controls&quot;:&quot;yes&quot;,&quot;aspect_ratio&quot;:&quot;169&quot;}\" data-widget_type=\"video.default\">\n\t\t\t\t<div class=\"elementor-widget-container\">\n\t\t\t\t\t<div class=\"elementor-wrapper elementor-fit-aspect-ratio elementor-open-inline\">\n\t\t\t<div class=\"elementor-video\"><\/div>\t\t<\/div>\n\t\t\t\t<\/div>\n\t\t\t\t<\/div>\n\t\t\t\t\t\t<\/div>\n\t\t\t\t\t<\/div>\n\t\t<\/div>\n\t\t\t\t\t\t\t\t<\/div>\n\t\t\t\t\t<\/div>\n\t\t<\/section>\n\t\t\t\t<section class=\"elementor-section elementor-top-section elementor-element elementor-element-85605c1 elementor-section-boxed elementor-section-height-default elementor-section-height-default\" data-id=\"85605c1\" data-element_type=\"section\">\n\t\t\t\t\t\t<div class=\"elementor-container elementor-column-gap-default\">\n\t\t\t\t\t\t\t<div class=\"elementor-row\">\n\t\t\t\t\t<div class=\"elementor-column elementor-col-100 elementor-top-column elementor-element elementor-element-d2e92be\" data-id=\"d2e92be\" data-element_type=\"column\">\n\t\t\t<div class=\"elementor-column-wrap\">\n\t\t\t\t\t\t\t<div class=\"elementor-widget-wrap\">\n\t\t\t\t\t\t\t\t<\/div>\n\t\t\t\t\t<\/div>\n\t\t<\/div>\n\t\t\t\t\t\t\t\t<\/div>\n\t\t\t\t\t<\/div>\n\t\t<\/section>\n\t\t\t\t<section class=\"elementor-section elementor-top-section elementor-element elementor-element-536c66f elementor-section-boxed elementor-section-height-default elementor-section-height-default\" data-id=\"536c66f\" data-element_type=\"section\">\n\t\t\t\t\t\t<div class=\"elementor-container elementor-column-gap-default\">\n\t\t\t\t\t\t\t<div class=\"elementor-row\">\n\t\t\t\t\t<div class=\"elementor-column elementor-col-100 elementor-top-column elementor-element elementor-element-9506881\" data-id=\"9506881\" data-element_type=\"column\">\n\t\t\t<div class=\"elementor-column-wrap\">\n\t\t\t\t\t\t\t<div class=\"elementor-widget-wrap\">\n\t\t\t\t\t\t\t\t<\/div>\n\t\t\t\t\t<\/div>\n\t\t<\/div>\n\t\t\t\t\t\t\t\t<\/div>\n\t\t\t\t\t<\/div>\n\t\t<\/section>\n\t\t\t\t\t\t\t\t\t<\/div>\n\t\t\t<\/div>\n\t\t\t\t\t<\/div>\n\t\t","protected":false},"excerpt":{"rendered":"<p>EJ\u00c9RCITO POPULAR Estado: Dise\u00f1o avanzado y en fase de testeo. Situaci\u00f3n:\u00a0Dise\u00f1o avanzado y fase inicial de testeo. Periodo:\u00a0Guerra Civil Espa\u00f1ola Complejidad:\u00a0Baja Juego en solitario:\u00a0Alta Dise\u00f1ador:\u00a0Miguel Santacruz Componentes: &#8211; Mapa montado &#8211; 5 Barajas con un total de\u00a0 mas de 100 cartas &#8211; Manual del juego &#8211; Dos dados de seis caras &#8211; 2 Hojas de [&hellip;]<\/p>\n","protected":false},"author":1,"featured_media":0,"parent":0,"menu_order":0,"comment_status":"closed","ping_status":"closed","template":"","meta":[],"_links":{"self":[{"href":"https:\/\/www.hqwargames.com\/index.php\/wp-json\/wp\/v2\/pages\/1932"}],"collection":[{"href":"https:\/\/www.hqwargames.com\/index.php\/wp-json\/wp\/v2\/pages"}],"about":[{"href":"https:\/\/www.hqwargames.com\/index.php\/wp-json\/wp\/v2\/types\/page"}],"author":[{"embeddable":true,"href":"https:\/\/www.hqwargames.com\/index.php\/wp-json\/wp\/v2\/users\/1"}],"replies":[{"embeddable":true,"href":"https:\/\/www.hqwargames.com\/index.php\/wp-json\/wp\/v2\/comments?post=1932"}],"version-history":[{"count":40,"href":"https:\/\/www.hqwargames.com\/index.php\/wp-json\/wp\/v2\/pages\/1932\/revisions"}],"predecessor-version":[{"id":2907,"href":"https:\/\/www.hqwargames.com\/index.php\/wp-json\/wp\/v2\/pages\/1932\/revisions\/2907"}],"wp:attachment":[{"href":"https:\/\/www.hqwargames.com\/index.php\/wp-json\/wp\/v2\/media?parent=1932"}],"curies":[{"name":"wp","href":"https:\/\/api.w.org\/{rel}","templated":true}]}}