{"id":1321,"date":"2020-09-12T01:06:10","date_gmt":"2020-09-11T23:06:10","guid":{"rendered":"https:\/\/www.hqwargames.com\/?page_id=1321"},"modified":"2024-10-06T17:16:56","modified_gmt":"2024-10-06T15:16:56","slug":"la-mision-inicios-de-la-cristiandad-desde-la-crucifixion-a-las-cruzadas","status":"publish","type":"page","link":"https:\/\/www.hqwargames.com\/index.php\/la-mision-inicios-de-la-cristiandad-desde-la-crucifixion-a-las-cruzadas\/","title":{"rendered":"La Misi\u00f3n: Inicios de la Cristiandad desde la Crucifixi\u00f3n a las Cruzadas"},"content":{"rendered":"\t\t<div data-elementor-type=\"wp-page\" data-elementor-id=\"1321\" class=\"elementor elementor-1321\">\n\t\t\t\t\t\t<div class=\"elementor-inner\">\n\t\t\t\t<div class=\"elementor-section-wrap\">\n\t\t\t\t\t\t\t\t\t<section class=\"elementor-section elementor-top-section elementor-element elementor-element-ebdd517 elementor-section-boxed elementor-section-height-default elementor-section-height-default\" data-id=\"ebdd517\" data-element_type=\"section\">\n\t\t\t\t\t\t<div class=\"elementor-container elementor-column-gap-default\">\n\t\t\t\t\t\t\t<div class=\"elementor-row\">\n\t\t\t\t\t<div class=\"elementor-column elementor-col-100 elementor-top-column elementor-element elementor-element-7943526b\" data-id=\"7943526b\" data-element_type=\"column\">\n\t\t\t<div class=\"elementor-column-wrap elementor-element-populated\">\n\t\t\t\t\t\t\t<div class=\"elementor-widget-wrap\">\n\t\t\t\t\t\t<div class=\"elementor-element elementor-element-5560fe30 elementor-widget elementor-widget-text-editor\" data-id=\"5560fe30\" data-element_type=\"widget\" data-widget_type=\"text-editor.default\">\n\t\t\t\t<div class=\"elementor-widget-container\">\n\t\t\t\t\t\t\t\t<div class=\"elementor-text-editor elementor-clearfix\">\n\t\t\t\t<p><!-- wp:heading --><\/p>\n<h2>La Misi\u00f3n: Inicios de la Cristiandad desde la Crucifixi\u00f3n a las Cruzadas<\/h2>\n<p><!-- \/wp:heading --><!-- wp:image {\"id\":1298,\"align\":\"right\",\"width\":230,\"height\":303} --><\/p>\n<div class=\"wp-block-image\"><img loading=\"lazy\" class=\"size-medium wp-image-1576 alignright\" src=\"https:\/\/www.hqwargames.com\/wp-content\/uploads\/2020\/09\/La-Mision-231x300.png\" alt=\"\" width=\"231\" height=\"300\" srcset=\"https:\/\/www.hqwargames.com\/wp-content\/uploads\/2020\/09\/La-Mision-231x300.png 231w, https:\/\/www.hqwargames.com\/wp-content\/uploads\/2020\/09\/La-Mision.png 400w\" sizes=\"(max-width: 231px) 100vw, 231px\" \/><\/div>\n<p><!-- \/wp:image --><!-- wp:paragraph --><\/p>\n<p>La Misi\u00f3n es un juego en solitario de &#8220;gran estrategia&#8221; de Ben Madison (dise\u00f1ador de Gorbachev, N: The Napoleonic Wars, The White Tribe, The First Jihad y m\u00e1s) que cubre casi 1.300 a\u00f1os de la historia de la Cristiandad. Mientras el mundo secular de imperios y pol\u00edtica se desarrolla a tu alrededor, tus ap\u00f3stoles y misionarios difunden la f\u00e9, traduciendo la Biblia y convirtiendo \u00e1reas del mapa a la Cristiandad. Cada turno representa varias d\u00e9cadas.\u00a0<\/p>\n<p>A lo largo de la partida experimentamos la expansi\u00f3n y las batallas doctrinales de la Cristiandad temprana mientras construimos instituciones como universidades, hospitales y monasterios para educar, curar, e inspirar a las sociedades que corresponda.<\/p>\n<p><!-- \/wp:paragraph --><!-- wp:paragraph --><\/p>\n<p>Internamente, herej\u00edas y cismas en la Iglesia intentar\u00e1n frustrar tus planes mientras fuerzas externas te amenazan. Ejerciendo presi\u00f3n sobre t\u00ed est\u00e1n las hordas b\u00e1rbaras, algunas de las cuales puedes convertir. Y cuando llegan los ej\u00e9rcitos del Isl\u00e1m, el juego cambia de uno de alcance misionero a otro de supervivencia, mientras las comunidades cristianas se refugian bajo asedio durante la larga Edad Media \u00a1Tal vez surgir\u00e1s de nuevo en un resplandor de gloria cuando la Cristiandad finalmente se defienda, utilizando las Cruzadas y la Reconquista Espa\u00f1ola para recuperar las provincias perdidas!<\/p>\n<p><!-- \/wp:paragraph --><!-- wp:image {\"id\":1284,\"align\":\"center\"} --><\/p>\n<div class=\"wp-block-image\">\n<figure class=\"aligncenter\"><img loading=\"lazy\" width=\"543\" height=\"357\" class=\"wp-image-1284\" src=\"https:\/\/www.hqwargames.com\/wp-content\/uploads\/2020\/09\/Mission-Map-Reduced.png\" alt=\"\" srcset=\"https:\/\/www.hqwargames.com\/wp-content\/uploads\/2020\/09\/Mission-Map-Reduced.png 543w, https:\/\/www.hqwargames.com\/wp-content\/uploads\/2020\/09\/Mission-Map-Reduced-300x197.png 300w\" sizes=\"(max-width: 543px) 100vw, 543px\" \/><\/figure>\n<\/div>\n<p><!-- \/wp:image --><!-- wp:paragraph --><\/p>\n<p>Tanto principiantes como jugadores experimentados encontrar\u00e1n este juego intrigante y un tipo de juego muy distinto a otros. Mientras que ciertamente es una guerra de ideas, es a\u00fan en parte un juego de guerra, donde la victoria depende de gestionar escasos recursos (\u00a1incluidas las Reliquias Sagradas!) y tomar decisiones estrat\u00e9gicas dif\u00edciles para beneficio de la Iglesia. La Misi\u00f3n es una visi\u00f3n de los poderes y pol\u00edticas de la Iglesia Temprana desde sus inicios hasta las Cruzadas, pero una que nunca pierde de vista la importancia de la construci\u00f3n de la Iglesia y el Ministerio Pastoral.<\/p>\n<p><!-- \/wp:paragraph --><!-- wp:heading {\"level\":4} --><\/p>\n<h4>Componentes del juego:<\/h4>\n<p><!-- \/wp:heading --><!-- wp:list --><\/p>\n<ul>\n<li>Mapa montado de 44cm x 28cm<\/li>\n<li>176 Fichas y marcadores a doble cara de 16mm<\/li>\n<li>1 Reglamento a todo color (20-p\u00e1ginas)<\/li>\n<li>1 Hoja contenedora de fichas<\/li>\n<li>1 Hoja de Hechos<\/li>\n<li>1 Hoja de referencia de la Secuencia de Juego<\/li>\n<li>1 Hoja de despliegue a doble cara<\/li>\n<li>2 Dados<\/li>\n<\/ul>\n<p><!-- \/wp:list --><!-- wp:image {\"id\":1303} --><\/p>\n<figure class=\"wp-block-image\"><\/figure>\n<p><!-- \/wp:image --><!-- wp:paragraph --><\/p>\n<p>La Misi\u00f3n se public\u00f3 como juego en caja, en versi\u00f3n en Castellano. Esta es una fiel traducci\u00f3n de la versi\u00f3n original publicada por White Dog Games. No se cambiaron los componentes originales salvo para mejorar el acabado de aquellos susceptibles de hacerlo o bien para corregir erratas detectadas en la producci\u00f3n del juego original de WDG.<br \/>Los componentes de la versi\u00f3n que publicamos fueron mejorados con respecto a la versi\u00f3n original, incluyendo tablero montado, caja r\u00edgida, troquel de fichas con esquinas redondeadas, libreto de reglas completamente en color y calidad &#8220;glossy&#8221;, as\u00ed como hojas de ayuda en color y alta calidad.<\/p>\n<p>Actualmente el juego se encuentra agotado pero podr\u00edamos reeditarlo si encontramos inter\u00e9s en <strong>nuestra lista de preorder<\/strong>.<\/p>\n<p><!-- \/wp:paragraph --><!-- wp:paragraph --><\/p>\n<p><!-- \/wp:button --><\/p>\t\t\t\t\t<\/div>\n\t\t\t\t\t\t<\/div>\n\t\t\t\t<\/div>\n\t\t\t\t<div class=\"elementor-element elementor-element-c69afa9 elementor-widget elementor-widget-heading\" data-id=\"c69afa9\" data-element_type=\"widget\" data-widget_type=\"heading.default\">\n\t\t\t\t<div class=\"elementor-widget-container\">\n\t\t\t<h1 class=\"elementor-heading-title elementor-size-default\"><a href=\"https:\/\/www.hqwargames.com\/index.php\/es\/missionpreorder\/\">>> LISTA DE PREORDER <<<\/a><\/h1>\t\t<\/div>\n\t\t\t\t<\/div>\n\t\t\t\t<div class=\"elementor-element elementor-element-014cabe elementor-widget elementor-widget-text-editor\" data-id=\"014cabe\" data-element_type=\"widget\" data-widget_type=\"text-editor.default\">\n\t\t\t\t<div class=\"elementor-widget-container\">\n\t\t\t\t\t\t\t\t<div class=\"elementor-text-editor elementor-clearfix\">\n\t\t\t\t\t\t\t\t\t<\/div>\n\t\t\t\t\t\t<\/div>\n\t\t\t\t<\/div>\n\t\t\t\t\t\t<\/div>\n\t\t\t\t\t<\/div>\n\t\t<\/div>\n\t\t\t\t\t\t\t\t<\/div>\n\t\t\t\t\t<\/div>\n\t\t<\/section>\n\t\t\t\t<section class=\"elementor-section elementor-top-section elementor-element elementor-element-d5b880f elementor-section-boxed elementor-section-height-default elementor-section-height-default\" data-id=\"d5b880f\" data-element_type=\"section\">\n\t\t\t\t\t\t<div class=\"elementor-container elementor-column-gap-default\">\n\t\t\t\t\t\t\t<div class=\"elementor-row\">\n\t\t\t\t\t<div class=\"elementor-column elementor-col-100 elementor-top-column elementor-element elementor-element-1bac66e\" data-id=\"1bac66e\" data-element_type=\"column\">\n\t\t\t<div class=\"elementor-column-wrap elementor-element-populated\">\n\t\t\t\t\t\t\t<div class=\"elementor-widget-wrap\">\n\t\t\t\t\t\t<div class=\"elementor-element elementor-element-255a55d elementor-align-center elementor-widget elementor-widget-button\" data-id=\"255a55d\" data-element_type=\"widget\" data-widget_type=\"button.default\">\n\t\t\t\t<div class=\"elementor-widget-container\">\n\t\t\t\t\t<div class=\"elementor-button-wrapper\">\n\t\t\t<a href=\"https:\/\/ecommerce.hqwargames.com\/index.php?id_product=20&#038;rewrite=la-mision-inicios-de-la-cristiandad-desde-la-crucifixion-a-las-cruzadas&#038;controller=product&#038;id_lang=2\" class=\"elementor-button-link elementor-button elementor-size-md\" role=\"button\">\n\t\t\t\t\t\t<span class=\"elementor-button-content-wrapper\">\n\t\t\t\t\t\t<span class=\"elementor-button-text\">Comprar<\/span>\n\t\t<\/span>\n\t\t\t\t\t<\/a>\n\t\t<\/div>\n\t\t\t\t<\/div>\n\t\t\t\t<\/div>\n\t\t\t\t\t\t<\/div>\n\t\t\t\t\t<\/div>\n\t\t<\/div>\n\t\t\t\t\t\t\t\t<\/div>\n\t\t\t\t\t<\/div>\n\t\t<\/section>\n\t\t\t\t<section class=\"elementor-section elementor-top-section elementor-element elementor-element-106e784 elementor-section-boxed elementor-section-height-default elementor-section-height-default\" data-id=\"106e784\" data-element_type=\"section\">\n\t\t\t\t\t\t<div class=\"elementor-container elementor-column-gap-default\">\n\t\t\t\t\t\t\t<div class=\"elementor-row\">\n\t\t\t\t\t<div class=\"elementor-column elementor-col-100 elementor-top-column elementor-element elementor-element-32fee31\" data-id=\"32fee31\" data-element_type=\"column\">\n\t\t\t<div class=\"elementor-column-wrap elementor-element-populated\">\n\t\t\t\t\t\t\t<div class=\"elementor-widget-wrap\">\n\t\t\t\t\t\t<div class=\"elementor-element elementor-element-6b56cbf elementor-widget elementor-widget-image\" data-id=\"6b56cbf\" data-element_type=\"widget\" data-widget_type=\"image.default\">\n\t\t\t\t<div class=\"elementor-widget-container\">\n\t\t\t\t\t\t\t\t<div class=\"elementor-image\">\n\t\t\t\t\t\t\t\t\t<figure class=\"wp-caption\">\n\t\t\t\t\t\t\t\t\t\t<img width=\"1024\" height=\"576\" src=\"https:\/\/www.hqwargames.com\/wp-content\/uploads\/2022\/02\/Mision-Vista-Final-1024x576.jpg\" class=\"attachment-large size-large\" alt=\"\" loading=\"lazy\" srcset=\"https:\/\/www.hqwargames.com\/wp-content\/uploads\/2022\/02\/Mision-Vista-Final-1024x576.jpg 1024w, https:\/\/www.hqwargames.com\/wp-content\/uploads\/2022\/02\/Mision-Vista-Final-300x169.jpg 300w, https:\/\/www.hqwargames.com\/wp-content\/uploads\/2022\/02\/Mision-Vista-Final-768x432.jpg 768w, https:\/\/www.hqwargames.com\/wp-content\/uploads\/2022\/02\/Mision-Vista-Final.jpg 1280w\" sizes=\"(max-width: 1024px) 100vw, 1024px\" \/>\t\t\t\t\t\t\t\t\t\t\t<figcaption class=\"widget-image-caption wp-caption-text\">Imagen digital de los componentes<\/figcaption>\n\t\t\t\t\t\t\t\t\t\t<\/figure>\n\t\t\t\t\t\t\t\t<\/div>\n\t\t\t\t\t\t<\/div>\n\t\t\t\t<\/div>\n\t\t\t\t<div class=\"elementor-element elementor-element-f2fd548 elementor-widget elementor-widget-image\" data-id=\"f2fd548\" data-element_type=\"widget\" data-widget_type=\"image.default\">\n\t\t\t\t<div class=\"elementor-widget-container\">\n\t\t\t\t\t\t\t\t<div class=\"elementor-image\">\n\t\t\t\t\t\t\t\t\t<figure class=\"wp-caption\">\n\t\t\t\t\t\t\t\t\t\t<img width=\"1024\" height=\"768\" src=\"https:\/\/www.hqwargames.com\/wp-content\/uploads\/2022\/03\/La-Mision_1-1024x768.jpg\" class=\"attachment-large size-large\" alt=\"\" loading=\"lazy\" srcset=\"https:\/\/www.hqwargames.com\/wp-content\/uploads\/2022\/03\/La-Mision_1-1024x768.jpg 1024w, https:\/\/www.hqwargames.com\/wp-content\/uploads\/2022\/03\/La-Mision_1-300x225.jpg 300w, https:\/\/www.hqwargames.com\/wp-content\/uploads\/2022\/03\/La-Mision_1-768x576.jpg 768w\" sizes=\"(max-width: 1024px) 100vw, 1024px\" \/>\t\t\t\t\t\t\t\t\t\t\t<figcaption class=\"widget-image-caption wp-caption-text\">Planchas de fichas<\/figcaption>\n\t\t\t\t\t\t\t\t\t\t<\/figure>\n\t\t\t\t\t\t\t\t<\/div>\n\t\t\t\t\t\t<\/div>\n\t\t\t\t<\/div>\n\t\t\t\t<div class=\"elementor-element elementor-element-81abdb4 elementor-arrows-position-outside elementor-pagination-position-outside elementor-widget elementor-widget-image-carousel\" data-id=\"81abdb4\" data-element_type=\"widget\" data-settings=\"{&quot;slides_to_show&quot;:&quot;1&quot;,&quot;navigation&quot;:&quot;both&quot;,&quot;autoplay&quot;:&quot;yes&quot;,&quot;pause_on_hover&quot;:&quot;yes&quot;,&quot;pause_on_interaction&quot;:&quot;yes&quot;,&quot;autoplay_speed&quot;:5000,&quot;infinite&quot;:&quot;yes&quot;,&quot;effect&quot;:&quot;slide&quot;,&quot;speed&quot;:500}\" data-widget_type=\"image-carousel.default\">\n\t\t\t\t<div class=\"elementor-widget-container\">\n\t\t\t\t\t<div class=\"elementor-image-carousel-wrapper swiper-container\" dir=\"ltr\">\n\t\t\t<div class=\"elementor-image-carousel swiper-wrapper\">\n\t\t\t\t\t\t\t\t<div class=\"swiper-slide\"><figure class=\"swiper-slide-inner\"><img class=\"swiper-slide-image\" src=\"https:\/\/www.hqwargames.com\/wp-content\/uploads\/2021\/04\/caja-HQ-768x841.png\" alt=\"Versi\u00f3n HQ\" \/><\/figure><\/div><div class=\"swiper-slide\"><figure class=\"swiper-slide-inner\"><img class=\"swiper-slide-image\" src=\"https:\/\/www.hqwargames.com\/wp-content\/uploads\/2022\/04\/La-Mision_2-768x576.jpg\" alt=\"La Mision_2\" \/><\/figure><\/div><div class=\"swiper-slide\"><figure class=\"swiper-slide-inner\"><img class=\"swiper-slide-image\" src=\"https:\/\/www.hqwargames.com\/wp-content\/uploads\/2022\/03\/La-Mision_1-768x576.jpg\" alt=\"La Mision_1\" \/><\/figure><\/div><div class=\"swiper-slide\"><figure class=\"swiper-slide-inner\"><img class=\"swiper-slide-image\" src=\"https:\/\/www.hqwargames.com\/wp-content\/uploads\/2021\/10\/Mision-Bandeja-de-Fichas-web-768x988.png\" alt=\"Bandeja de Fichas\" \/><\/figure><\/div><div class=\"swiper-slide\"><figure class=\"swiper-slide-inner\"><img class=\"swiper-slide-image\" src=\"https:\/\/www.hqwargames.com\/wp-content\/uploads\/2021\/04\/Mapa_para_web-768x594.png\" alt=\"Versi\u00f3n HQ\" \/><\/figure><\/div><div class=\"swiper-slide\"><figure class=\"swiper-slide-inner\"><img class=\"swiper-slide-image\" src=\"https:\/\/www.hqwargames.com\/wp-content\/uploads\/2022\/09\/3d-caja-Mision-768x550.png\" alt=\"3d-caja-Mision\" \/><\/figure><\/div><div class=\"swiper-slide\"><figure class=\"swiper-slide-inner\"><img class=\"swiper-slide-image\" src=\"https:\/\/www.hqwargames.com\/wp-content\/uploads\/2022\/09\/despliegue-inicial-768x576.webp\" alt=\"La Mision\" \/><\/figure><\/div>\t\t\t<\/div>\n\t\t\t\t\t\t\t\t\t\t\t\t<div class=\"swiper-pagination\"><\/div>\n\t\t\t\t\t\t\t\t\t\t\t\t\t<div class=\"elementor-swiper-button elementor-swiper-button-prev\">\n\t\t\t\t\t\t<i aria-hidden=\"true\" class=\"eicon-chevron-left\"><\/i>\t\t\t\t\t\t<span class=\"elementor-screen-only\">Previous<\/span>\n\t\t\t\t\t<\/div>\n\t\t\t\t\t<div class=\"elementor-swiper-button elementor-swiper-button-next\">\n\t\t\t\t\t\t<i aria-hidden=\"true\" class=\"eicon-chevron-right\"><\/i>\t\t\t\t\t\t<span class=\"elementor-screen-only\">Next<\/span>\n\t\t\t\t\t<\/div>\n\t\t\t\t\t\t\t\t\t<\/div>\n\t\t\t\t<\/div>\n\t\t\t\t<\/div>\n\t\t\t\t<div class=\"elementor-element elementor-element-d40d11f elementor-widget elementor-widget-image\" data-id=\"d40d11f\" data-element_type=\"widget\" data-widget_type=\"image.default\">\n\t\t\t\t<div class=\"elementor-widget-container\">\n\t\t\t\t\t\t\t\t<div class=\"elementor-image\">\n\t\t\t\t\t\t\t\t\t<figure class=\"wp-caption\">\n\t\t\t\t\t\t\t\t\t\t<img width=\"1024\" height=\"733\" src=\"https:\/\/www.hqwargames.com\/wp-content\/uploads\/2021\/05\/Ejemplo-Despliegue-Inicial-1024x733.png\" class=\"attachment-large size-large\" alt=\"\" loading=\"lazy\" srcset=\"https:\/\/www.hqwargames.com\/wp-content\/uploads\/2021\/05\/Ejemplo-Despliegue-Inicial-1024x733.png 1024w, https:\/\/www.hqwargames.com\/wp-content\/uploads\/2021\/05\/Ejemplo-Despliegue-Inicial-300x215.png 300w, https:\/\/www.hqwargames.com\/wp-content\/uploads\/2021\/05\/Ejemplo-Despliegue-Inicial-768x550.png 768w, https:\/\/www.hqwargames.com\/wp-content\/uploads\/2021\/05\/Ejemplo-Despliegue-Inicial.png 1302w\" sizes=\"(max-width: 1024px) 100vw, 1024px\" \/>\t\t\t\t\t\t\t\t\t\t\t<figcaption class=\"widget-image-caption wp-caption-text\">Partida durante los tests<\/figcaption>\n\t\t\t\t\t\t\t\t\t\t<\/figure>\n\t\t\t\t\t\t\t\t<\/div>\n\t\t\t\t\t\t<\/div>\n\t\t\t\t<\/div>\n\t\t\t\t<div class=\"elementor-element elementor-element-f99d9f9 elementor-widget elementor-widget-heading\" data-id=\"f99d9f9\" data-element_type=\"widget\" data-widget_type=\"heading.default\">\n\t\t\t\t<div class=\"elementor-widget-container\">\n\t\t\t<h2 class=\"elementor-heading-title elementor-size-default\">VIDEOS DEL JUEGO<\/h2>\t\t<\/div>\n\t\t\t\t<\/div>\n\t\t\t\t<div class=\"elementor-element elementor-element-4417e27 elementor-widget elementor-widget-heading\" data-id=\"4417e27\" data-element_type=\"widget\" data-widget_type=\"heading.default\">\n\t\t\t\t<div class=\"elementor-widget-container\">\n\t\t\t<h4 class=\"elementor-heading-title elementor-size-default\"><a href=\"https:\/\/youtu.be\/5JB-rNzori0\">Video de 'abriendo la caja'<\/a><\/h4>\t\t<\/div>\n\t\t\t\t<\/div>\n\t\t\t\t<div class=\"elementor-element elementor-element-b0c25eb elementor-widget elementor-widget-heading\" data-id=\"b0c25eb\" data-element_type=\"widget\" data-widget_type=\"heading.default\">\n\t\t\t\t<div class=\"elementor-widget-container\">\n\t\t\t<h4 class=\"elementor-heading-title elementor-size-default\"><a href=\"https:\/\/www.youtube.com\/watch?v=ZP3m8TZMUDc\">Video de 'Jugando con los Abuelos'<\/a><\/h4>\t\t<\/div>\n\t\t\t\t<\/div>\n\t\t\t\t<div class=\"elementor-element elementor-element-1c8c72c elementor-widget elementor-widget-heading\" data-id=\"1c8c72c\" data-element_type=\"widget\" data-widget_type=\"heading.default\">\n\t\t\t\t<div class=\"elementor-widget-container\">\n\t\t\t<h2 class=\"elementor-heading-title elementor-size-default\"><a href=\"https:\/\/www.hqwargames.com\/wp-content\/uploads\/2022\/08\/Reglas-La-Mision_V8_Ag2022.pdf\">MANUAL CORREGIDO (Agosto 2022)<\/a><\/h2>\t\t<\/div>\n\t\t\t\t<\/div>\n\t\t\t\t\t\t<\/div>\n\t\t\t\t\t<\/div>\n\t\t<\/div>\n\t\t\t\t\t\t\t\t<\/div>\n\t\t\t\t\t<\/div>\n\t\t<\/section>\n\t\t\t\t\t\t\t\t\t<\/div>\n\t\t\t<\/div>\n\t\t\t\t\t<\/div>\n\t\t","protected":false},"excerpt":{"rendered":"<p>La Misi\u00f3n: Inicios de la Cristiandad desde la Crucifixi\u00f3n a las Cruzadas La Misi\u00f3n es un juego en solitario de &#8220;gran estrategia&#8221; de Ben Madison (dise\u00f1ador de Gorbachev, N: The Napoleonic Wars, The White Tribe, The First Jihad y m\u00e1s) que cubre casi 1.300 a\u00f1os de la historia de la Cristiandad. Mientras el mundo secular [&hellip;]<\/p>\n","protected":false},"author":1,"featured_media":0,"parent":0,"menu_order":0,"comment_status":"closed","ping_status":"closed","template":"","meta":[],"_links":{"self":[{"href":"https:\/\/www.hqwargames.com\/index.php\/wp-json\/wp\/v2\/pages\/1321"}],"collection":[{"href":"https:\/\/www.hqwargames.com\/index.php\/wp-json\/wp\/v2\/pages"}],"about":[{"href":"https:\/\/www.hqwargames.com\/index.php\/wp-json\/wp\/v2\/types\/page"}],"author":[{"embeddable":true,"href":"https:\/\/www.hqwargames.com\/index.php\/wp-json\/wp\/v2\/users\/1"}],"replies":[{"embeddable":true,"href":"https:\/\/www.hqwargames.com\/index.php\/wp-json\/wp\/v2\/comments?post=1321"}],"version-history":[{"count":188,"href":"https:\/\/www.hqwargames.com\/index.php\/wp-json\/wp\/v2\/pages\/1321\/revisions"}],"predecessor-version":[{"id":4184,"href":"https:\/\/www.hqwargames.com\/index.php\/wp-json\/wp\/v2\/pages\/1321\/revisions\/4184"}],"wp:attachment":[{"href":"https:\/\/www.hqwargames.com\/index.php\/wp-json\/wp\/v2\/media?parent=1321"}],"curies":[{"name":"wp","href":"https:\/\/api.w.org\/{rel}","templated":true}]}}