{"id":1281,"date":"2020-09-11T23:59:53","date_gmt":"2020-09-11T21:59:53","guid":{"rendered":"https:\/\/www.hqwargames.com\/?page_id=1281"},"modified":"2021-04-15T20:54:41","modified_gmt":"2021-04-15T18:54:41","slug":"white-dog-games-y-headquarter-publicaran-en-espana","status":"publish","type":"page","link":"https:\/\/www.hqwargames.com\/index.php\/white-dog-games-y-headquarter-publicaran-en-espana\/","title":{"rendered":"White Dog Games y Headquarter publicar\u00e1n en Espa\u00f1a"},"content":{"rendered":"\n<h2><strong>White Dog Games y Headquarter publicar\u00e1n en Espa\u00f1a<\/strong><\/h2>\n\n\n\n<p class=\"has-text-color has-very-dark-gray-color\">Gracias a la buena relaci\u00f3n entre White Dog Games y Headquarter, trabajaremos juntos produciendo juegos de WDG en Espa\u00f1a desde Septiembre del 2020.<\/p>\n\n\n\n<p class=\"has-text-color has-very-dark-gray-color\">El objetivo es producir los mismos juegos que WDG ya produce en USA en ingl\u00e9s pero esta vez traducidos al espa\u00f1ol.<\/p>\n\n\n\n<p class=\"has-text-color has-very-dark-gray-color\">Todos los componentes ser\u00e1n impresos en Espa\u00f1a con un alto nivel de calidad, significando de alguna manera que estas versiones ser\u00e1n &#8220;deluxe&#8221;.<\/p>\n\n\n\n<p class=\"has-text-color has-very-dark-gray-color\">Todos los juegos de WDG publicados en Espa\u00f1a por Headquarter tendr\u00e1n las siguientes caracter\u00edsticas en sus componentes:<\/p>\n\n\n\n<ul><li>Juegos en caja de cart\u00f3n duro<\/li><li>Tablero montado de cart\u00f3n<\/li><li>Fichas de cart\u00f3n con esquinas redondeadas<\/li><li>Manuales en papel acabado glossy<\/li><li>Ayudas de juego en cartulina acabado glossy<\/li><li>Dados necesarios<\/li><\/ul>\n\n\n\n<p class=\"has-text-color has-very-dark-gray-color\">Adem\u00e1s de todo esto los juegos tendr\u00e1n un acabado gr\u00e1fico revisado en todos sus componentes siempre que parezca apropiado actualizarlos o mejorarlos.<\/p>\n\n\n\n<p class=\"has-text-color has-very-dark-gray-color\">Estas nuevas versiones corregir\u00e1n todas las erratas ya encontradas en los juegos originales.<\/p>\n\n\n\n<p class=\"has-text-color has-very-dark-gray-color\">La forma en que estos juegos ser\u00e1n producidos es con un programa de preorder PXXX. Las &#8220;XXX&#8221; podr\u00e1n variar en funci\u00f3n de los proyectos, esperamos una buena acogida por el p\u00fablico.<\/p>\n\n\n\n<p class=\"has-text-color has-very-dark-gray-color\">Cada juego estar\u00e1 en el programa de preorder hasta que alcance el n\u00famero definido, entonces comenzar\u00e1 el proceso de producci\u00f3n y de impresi\u00f3n. Mientras tanto, cualquier nuevo cliente ser\u00e1 bienvenido para unirse al programa de preorder a\u00fan a precio de descuento.<\/p>\n\n\n\n<p style=\"background-color:#f0ebde\" class=\"has-text-color has-background has-very-dark-gray-color\"><strong>Nota<\/strong>: no se cobrar\u00e1 ning\u00fan importe en la reserva. El importe de los juegos se podr\u00e1 pagar una vez que se alcance el objetivo de n\u00famero de reservas indicado en cada juego.<\/p>\n\n\n\n<p class=\"has-text-color has-very-dark-gray-color\">Una vez impreso, el env\u00edo a los compradores de preorden ser\u00e1 procesado en primer lugar. Entonces ofreceremos los juegos al precio normal y tambi\u00e9n estar\u00e1n disponibles en tiendas.<\/p>\n\n\n\n<p class=\"has-text-color has-very-dark-gray-color\">El programa de preorder comenzar\u00e1 con dos de los m\u00e1s famosos t\u00edtulos de White Dog Games:<\/p>\n\n\n\n<ul><li><em><strong><a href=\"https:\/\/www.hqwargames.com\/index.php\/es\/la-mision-inicios-de-la-cristiandad-desde-la-crucifixion-a-las-cruzadas\/\">L<\/a><\/strong><a href=\"https:\/\/www.hqwargames.com\/index.php\/es\/la-mision-inicios-de-la-cristiandad-desde-la-crucifixion-a-las-cruzadas\/\"><strong>a<\/strong><\/a><strong><a href=\"https:\/\/www.hqwargames.com\/index.php\/es\/la-mision-inicios-de-la-cristiandad-desde-la-crucifixion-a-las-cruzadas\/\"> Misi<\/a><\/strong><a href=\"https:\/\/www.hqwargames.com\/index.php\/es\/la-mision-inicios-de-la-cristiandad-desde-la-crucifixion-a-las-cruzadas\/\"><strong>\u00f3<\/strong><\/a><strong><a href=\"https:\/\/www.hqwargames.com\/index.php\/es\/la-mision-inicios-de-la-cristiandad-desde-la-crucifixion-a-las-cruzadas\/\">n: Inicios de la Cristiandad desde la Crucifixi\u00f3n hasta las Cruzada<\/a><\/strong><a href=\"https:\/\/www.hqwargames.com\/index.php\/es\/la-mision-inicios-de-la-cristiandad-desde-la-crucifixion-a-las-cruzadas\/\"><strong>s<\/strong><\/a><\/em><\/li><li><strong><em><a href=\"https:\/\/www.hqwargames.com\/index.php\/es\/napoleonicwars\/\">N: Las Guerras Napole\u00f3nicas<\/a><\/em><\/strong><\/li><\/ul>\n\n\n\n<p class=\"has-text-color has-very-dark-gray-color\">Obt\u00e9n uno de estos t\u00edtulos esta vez en <strong>P150<\/strong>!<\/p>\n\n\n\n<p class=\"has-text-color has-very-dark-gray-color\">\u00a1Accede al preorder a trav\u00e9s de la p\u00e1gina de cada juego para reservar tu copia a precio reducido haciendo<strong> clic <\/strong>en la imagen!<\/p>\n\n\n\n<table class=\"wp-block-table aligncenter is-style-stripes\"><tbody><tr><td><a href=\"https:\/\/www.hqwargames.com\/index.php\/es\/la-mision-inicios-de-la-cristiandad-desde-la-crucifixion-a-las-cruzadas\/\"><img loading=\"lazy\" width=\"470\" height=\"600\" class=\"wp-image-1269\" style=\"width: 230px;\" src=\"https:\/\/www.hqwargames.com\/wp-content\/uploads\/2020\/09\/TheMission-1.png\" alt=\"\" srcset=\"https:\/\/www.hqwargames.com\/wp-content\/uploads\/2020\/09\/TheMission-1.png 470w, https:\/\/www.hqwargames.com\/wp-content\/uploads\/2020\/09\/TheMission-1-235x300.png 235w\" sizes=\"(max-width: 470px) 100vw, 470px\" \/><\/a><\/td><td>   <\/td><td><a href=\"https:\/\/www.hqwargames.com\/index.php\/es\/napoleonicwars\/\"><img loading=\"lazy\" width=\"470\" height=\"600\" class=\"wp-image-1279\" style=\"width: 230px;\" src=\"https:\/\/www.hqwargames.com\/wp-content\/uploads\/2020\/09\/NapoleonicWars.png\" alt=\"\" srcset=\"https:\/\/www.hqwargames.com\/wp-content\/uploads\/2020\/09\/NapoleonicWars.png 470w, https:\/\/www.hqwargames.com\/wp-content\/uploads\/2020\/09\/NapoleonicWars-235x300.png 235w\" sizes=\"(max-width: 470px) 100vw, 470px\" \/><\/a><\/td><\/tr><\/tbody><\/table>\n\n\n\n<p class=\"has-text-color has-very-dark-gray-color\">S\u00edguenos en este programa ya que tras estos dos magn\u00edficos t\u00edtulos iremos produciendo otros interesantes y conocidos juegos de White Dog Games. \u00a1Estate atento!<\/p>\n","protected":false},"excerpt":{"rendered":"<p>White Dog Games y Headquarter publicar\u00e1n en Espa\u00f1a Gracias a la buena relaci\u00f3n entre White Dog Games y Headquarter, trabajaremos juntos produciendo juegos de WDG en Espa\u00f1a desde Septiembre del 2020. El objetivo es producir los mismos juegos que WDG ya produce en USA en ingl\u00e9s pero esta vez traducidos al espa\u00f1ol. Todos los componentes [&hellip;]<\/p>\n","protected":false},"author":1,"featured_media":0,"parent":0,"menu_order":0,"comment_status":"closed","ping_status":"closed","template":"","meta":[],"_links":{"self":[{"href":"https:\/\/www.hqwargames.com\/index.php\/wp-json\/wp\/v2\/pages\/1281"}],"collection":[{"href":"https:\/\/www.hqwargames.com\/index.php\/wp-json\/wp\/v2\/pages"}],"about":[{"href":"https:\/\/www.hqwargames.com\/index.php\/wp-json\/wp\/v2\/types\/page"}],"author":[{"embeddable":true,"href":"https:\/\/www.hqwargames.com\/index.php\/wp-json\/wp\/v2\/users\/1"}],"replies":[{"embeddable":true,"href":"https:\/\/www.hqwargames.com\/index.php\/wp-json\/wp\/v2\/comments?post=1281"}],"version-history":[{"count":13,"href":"https:\/\/www.hqwargames.com\/index.php\/wp-json\/wp\/v2\/pages\/1281\/revisions"}],"predecessor-version":[{"id":2040,"href":"https:\/\/www.hqwargames.com\/index.php\/wp-json\/wp\/v2\/pages\/1281\/revisions\/2040"}],"wp:attachment":[{"href":"https:\/\/www.hqwargames.com\/index.php\/wp-json\/wp\/v2\/media?parent=1281"}],"curies":[{"name":"wp","href":"https:\/\/api.w.org\/{rel}","templated":true}]}}