{"id":1266,"date":"2020-09-11T21:52:09","date_gmt":"2020-09-11T19:52:09","guid":{"rendered":"https:\/\/www.hqwargames.com\/?page_id=1266"},"modified":"2024-10-09T19:22:03","modified_gmt":"2024-10-09T17:22:03","slug":"missionpreorder","status":"publish","type":"page","link":"https:\/\/www.hqwargames.com\/index.php\/missionpreorder\/","title":{"rendered":"MissionPreOrder ESP"},"content":{"rendered":"\t\t<div data-elementor-type=\"wp-page\" data-elementor-id=\"1266\" class=\"elementor elementor-1266\">\n\t\t\t\t\t\t<div class=\"elementor-inner\">\n\t\t\t\t<div class=\"elementor-section-wrap\">\n\t\t\t\t\t\t\t\t\t<section class=\"elementor-section elementor-top-section elementor-element elementor-element-468f563f elementor-section-boxed elementor-section-height-default elementor-section-height-default\" data-id=\"468f563f\" data-element_type=\"section\">\n\t\t\t\t\t\t<div class=\"elementor-container elementor-column-gap-default\">\n\t\t\t\t\t\t\t<div class=\"elementor-row\">\n\t\t\t\t\t<div class=\"elementor-column elementor-col-100 elementor-top-column elementor-element elementor-element-334f6886\" data-id=\"334f6886\" data-element_type=\"column\">\n\t\t\t<div class=\"elementor-column-wrap elementor-element-populated\">\n\t\t\t\t\t\t\t<div class=\"elementor-widget-wrap\">\n\t\t\t\t\t\t<div class=\"elementor-element elementor-element-6f46616 elementor-widget elementor-widget-image\" data-id=\"6f46616\" data-element_type=\"widget\" data-widget_type=\"image.default\">\n\t\t\t\t<div class=\"elementor-widget-container\">\n\t\t\t\t\t\t\t\t<div class=\"elementor-image\">\n\t\t\t\t\t\t\t\t\t\t\t\t<img width=\"768\" height=\"841\" src=\"https:\/\/www.hqwargames.com\/wp-content\/uploads\/2021\/04\/caja-HQ-768x841.png\" class=\"attachment-medium_large size-medium_large\" alt=\"\" loading=\"lazy\" srcset=\"https:\/\/www.hqwargames.com\/wp-content\/uploads\/2021\/04\/caja-HQ-768x841.png 768w, https:\/\/www.hqwargames.com\/wp-content\/uploads\/2021\/04\/caja-HQ-274x300.png 274w, https:\/\/www.hqwargames.com\/wp-content\/uploads\/2021\/04\/caja-HQ-936x1024.png 936w, https:\/\/www.hqwargames.com\/wp-content\/uploads\/2021\/04\/caja-HQ.png 1079w\" sizes=\"(max-width: 768px) 100vw, 768px\" \/>\t\t\t\t\t\t\t\t\t\t\t\t\t\t<\/div>\n\t\t\t\t\t\t<\/div>\n\t\t\t\t<\/div>\n\t\t\t\t<div class=\"elementor-element elementor-element-d3aa9eb elementor-widget elementor-widget-heading\" data-id=\"d3aa9eb\" data-element_type=\"widget\" data-widget_type=\"heading.default\">\n\t\t\t\t<div class=\"elementor-widget-container\">\n\t\t\t<h2 class=\"elementor-heading-title elementor-size-default\">\u00bfTe gustar\u00eda que reedit\u00e1semos una nueva versi\u00f3n actualizada del juego \"<i>La Misi\u00f3n - La Cristiandad desde la crucifixi\u00f3n a las cruzadas<\/i>\"?\nH\u00e1znoslo saber mediante este formulario informativo.<br><br>Queremos hacer una segunda edici\u00f3n <b style=\"\">con algunas mejoras<\/b>, corrigiendo errores de la primera edici\u00f3n, con cambios tales como: una caja m\u00e1s ajustada a los componentes, si es posible unos nuevos dados personalizados mas \"de \u00e9poca\", un tablero montado mejorado, nuevo manual con dise\u00f1o mejorado y todas las erratas previamente detectadas corregidas... y algunas cosas m\u00e1s que tendr\u00edan cabida en la actualizaci\u00f3n.<\/h2>\t\t<\/div>\n\t\t\t\t<\/div>\n\t\t\t\t<div class=\"elementor-element elementor-element-6e229b7e elementor-widget elementor-widget-text-editor\" data-id=\"6e229b7e\" data-element_type=\"widget\" data-widget_type=\"text-editor.default\">\n\t\t\t\t<div class=\"elementor-widget-container\">\n\t\t\t\t\t\t\t\t<div class=\"elementor-text-editor elementor-clearfix\">\n\t\t\t\t<p><!-- wp:shortcode --><br \/><div class=\"wpforms-container wpforms-container-full wpforms-render-modern\" id=\"wpforms-4196\"><form id=\"wpforms-form-4196\" class=\"wpforms-validate wpforms-form wpforms-ajax-form\" data-formid=\"4196\" method=\"post\" enctype=\"multipart\/form-data\" action=\"\/index.php\/wp-json\/wp\/v2\/pages\/1266\" data-token=\"2f111547c251e0bb303e920a34aaa512\" data-token-time=\"1776349534\"><noscript class=\"wpforms-error-noscript\">Please enable JavaScript in your browser to complete this form.<\/noscript><div id=\"wpforms-error-noscript\" style=\"display: none;\">Please enable JavaScript in your browser to complete this form.<\/div><div class=\"wpforms-field-container\"><div id=\"wpforms-4196-field_1-container\" class=\"wpforms-field wpforms-field-name\" data-field-id=\"1\"><label class=\"wpforms-field-label\" for=\"wpforms-4196-field_1\">Nombre y apellidos <span class=\"wpforms-required-label\" aria-hidden=\"true\">*<\/span><\/label><input type=\"text\" id=\"wpforms-4196-field_1\" class=\"wpforms-field-medium wpforms-field-required\" name=\"wpforms[fields][1]\" aria-errormessage=\"wpforms-4196-field_1-error\" required><\/div><div id=\"wpforms-4196-field_2-container\" class=\"wpforms-field wpforms-field-email\" data-field-id=\"2\"><label class=\"wpforms-field-label\" for=\"wpforms-4196-field_2\">Email <span class=\"wpforms-required-label\" aria-hidden=\"true\">*<\/span><\/label><input type=\"email\" id=\"wpforms-4196-field_2\" class=\"wpforms-field-medium wpforms-field-required\" name=\"wpforms[fields][2]\" spellcheck=\"false\" aria-errormessage=\"wpforms-4196-field_2-error\" required><\/div>\t\t<div id=\"wpforms-4196-field_4-container\"\n\t\t\tclass=\"wpforms-field wpforms-field-text\"\n\t\t\tdata-field-type=\"text\"\n\t\t\tdata-field-id=\"4\"\n\t\t\t>\n\t\t\t<label class=\"wpforms-field-label\" for=\"wpforms-4196-field_4\" >\u00bfComentarios Email inter\u00e9s<\/label>\n\t\t\t<input type=\"text\" id=\"wpforms-4196-field_4\" class=\"wpforms-field-medium\" name=\"wpforms[fields][4]\" >\n\t\t<\/div>\n\t\t<div id=\"wpforms-4196-field_3-container\" class=\"wpforms-field wpforms-field-textarea\" data-field-id=\"3\"><label class=\"wpforms-field-label\" for=\"wpforms-4196-field_3\">\u00bfComentarios u inter\u00e9s por otros t\u00edtulos?<\/label><textarea id=\"wpforms-4196-field_3\" class=\"wpforms-field-medium\" name=\"wpforms[fields][3]\" aria-errormessage=\"wpforms-4196-field_3-error\" ><\/textarea><\/div><script>\n\t\t\t\t( function() {\n\t\t\t\t\tconst style = document.createElement( 'style' );\n\t\t\t\t\tstyle.appendChild( document.createTextNode( '#wpforms-4196-field_4-container { position: absolute !important; overflow: hidden !important; display: inline !important; height: 1px !important; width: 1px !important; z-index: -1000 !important; padding: 0 !important; } #wpforms-4196-field_4-container input { visibility: hidden; } #wpforms-conversational-form-page #wpforms-4196-field_4-container label { counter-increment: none; }' ) );\n\t\t\t\t\tdocument.head.appendChild( style );\n\t\t\t\t\tdocument.currentScript?.remove();\n\t\t\t\t} )();\n\t\t\t<\/script><\/div><!-- .wpforms-field-container --><div class=\"wpforms-submit-container\" ><input type=\"hidden\" name=\"wpforms[id]\" value=\"4196\"><input type=\"hidden\" name=\"page_title\" value=\"\"><input type=\"hidden\" name=\"page_url\" value=\"https:\/\/www.hqwargames.com\/index.php\/wp-json\/wp\/v2\/pages\/1266\"><input type=\"hidden\" name=\"url_referer\" value=\"\"><button type=\"submit\" name=\"wpforms[submit]\" id=\"wpforms-submit-4196\" class=\"wpforms-submit\" data-alt-text=\"Enviando...\" data-submit-text=\"Enviar\" aria-live=\"assertive\" value=\"wpforms-submit\">Enviar<\/button><img loading=\"lazy\" src=\"https:\/\/www.hqwargames.com\/wp-content\/plugins\/wpforms-lite\/assets\/images\/submit-spin.svg\" class=\"wpforms-submit-spinner\" style=\"display: none;\" width=\"26\" height=\"26\" alt=\"Loading\"><\/div><\/form><\/div>  <!-- .wpforms-container --><br \/><!-- \/wp:shortcode --><\/p>\t\t\t\t\t<\/div>\n\t\t\t\t\t\t<\/div>\n\t\t\t\t<\/div>\n\t\t\t\t\t\t<\/div>\n\t\t\t\t\t<\/div>\n\t\t<\/div>\n\t\t\t\t\t\t\t\t<\/div>\n\t\t\t\t\t<\/div>\n\t\t<\/section>\n\t\t\t\t\t\t\t\t\t<\/div>\n\t\t\t<\/div>\n\t\t\t\t\t<\/div>\n\t\t","protected":false},"excerpt":{"rendered":"<p>\u00bfTe gustar\u00eda que reedit\u00e1semos una nueva versi\u00f3n actualizada del juego &#8220;La Misi\u00f3n &#8211; La Cristiandad desde la crucifixi\u00f3n a las cruzadas&#8220;? H\u00e1znoslo saber mediante este formulario informativo. Queremos hacer una segunda edici\u00f3n con algunas mejoras, corrigiendo errores de la primera edici\u00f3n, con cambios tales como: una caja m\u00e1s ajustada a los componentes, si es posible [&hellip;]<\/p>\n","protected":false},"author":1,"featured_media":1269,"parent":0,"menu_order":0,"comment_status":"closed","ping_status":"closed","template":"","meta":[],"_links":{"self":[{"href":"https:\/\/www.hqwargames.com\/index.php\/wp-json\/wp\/v2\/pages\/1266"}],"collection":[{"href":"https:\/\/www.hqwargames.com\/index.php\/wp-json\/wp\/v2\/pages"}],"about":[{"href":"https:\/\/www.hqwargames.com\/index.php\/wp-json\/wp\/v2\/types\/page"}],"author":[{"embeddable":true,"href":"https:\/\/www.hqwargames.com\/index.php\/wp-json\/wp\/v2\/users\/1"}],"replies":[{"embeddable":true,"href":"https:\/\/www.hqwargames.com\/index.php\/wp-json\/wp\/v2\/comments?post=1266"}],"version-history":[{"count":37,"href":"https:\/\/www.hqwargames.com\/index.php\/wp-json\/wp\/v2\/pages\/1266\/revisions"}],"predecessor-version":[{"id":4232,"href":"https:\/\/www.hqwargames.com\/index.php\/wp-json\/wp\/v2\/pages\/1266\/revisions\/4232"}],"wp:featuredmedia":[{"embeddable":true,"href":"https:\/\/www.hqwargames.com\/index.php\/wp-json\/wp\/v2\/media\/1269"}],"wp:attachment":[{"href":"https:\/\/www.hqwargames.com\/index.php\/wp-json\/wp\/v2\/media?parent=1266"}],"curies":[{"name":"wp","href":"https:\/\/api.w.org\/{rel}","templated":true}]}}