{"id":1260,"date":"2020-09-11T21:35:53","date_gmt":"2020-09-11T19:35:53","guid":{"rendered":"https:\/\/www.hqwargames.com\/?page_id=1260"},"modified":"2023-09-19T08:16:46","modified_gmt":"2023-09-19T06:16:46","slug":"napoleonicwars","status":"publish","type":"page","link":"https:\/\/www.hqwargames.com\/index.php\/napoleonicwars\/","title":{"rendered":"N: Las Guerras Napole\u00f3nicas"},"content":{"rendered":"\t\t<div data-elementor-type=\"wp-page\" data-elementor-id=\"1260\" class=\"elementor elementor-1260\">\n\t\t\t\t\t\t<div class=\"elementor-inner\">\n\t\t\t\t<div class=\"elementor-section-wrap\">\n\t\t\t\t\t\t\t\t\t<section class=\"elementor-section elementor-top-section elementor-element elementor-element-257d0c10 elementor-section-boxed elementor-section-height-default elementor-section-height-default\" data-id=\"257d0c10\" data-element_type=\"section\">\n\t\t\t\t\t\t<div class=\"elementor-container elementor-column-gap-default\">\n\t\t\t\t\t\t\t<div class=\"elementor-row\">\n\t\t\t\t\t<div class=\"elementor-column elementor-col-100 elementor-top-column elementor-element elementor-element-3d90699a\" data-id=\"3d90699a\" data-element_type=\"column\">\n\t\t\t<div class=\"elementor-column-wrap elementor-element-populated\">\n\t\t\t\t\t\t\t<div class=\"elementor-widget-wrap\">\n\t\t\t\t\t\t<div class=\"elementor-element elementor-element-574eacb6 elementor-drop-cap-yes elementor-drop-cap-view-default elementor-widget elementor-widget-text-editor\" data-id=\"574eacb6\" data-element_type=\"widget\" data-settings=\"{&quot;drop_cap&quot;:&quot;yes&quot;}\" data-widget_type=\"text-editor.default\">\n\t\t\t\t<div class=\"elementor-widget-container\">\n\t\t\t\t\t\t\t\t<div class=\"elementor-text-editor elementor-clearfix\">\n\t\t\t\t<p><!-- wp:heading --><\/p>\n<h2>N: Las Guerras Napole\u00f3nicas<\/h2>\n<p><!-- \/wp:heading --><\/p>\n<p><!-- wp:image {\"id\":1487,\"align\":\"right\"} --><\/p>\n<div>\n<figure><img loading=\"lazy\" src=\"https:\/\/www.hqwargames.com\/wp-content\/uploads\/2022\/09\/caja-NN_sola-190x300.png\" alt=\"\" width=\"190\" height=\"300\"><\/figure>\n<\/div>\n<p><!-- \/wp:image --><\/p>\n<p><!-- wp:paragraph {\"textColor\":\"very-dark-gray\"} --><\/p>\n<p>N: Las Guerras Napole\u00f3nicas es un juego solitario de gran estrategia a alto nivel. El juego representa las d\u00e9cadas turbulentas desde 1792 a 1815, cuando Europa estaba convulsa por la Revoluci\u00f3n Francesa y las guerras del Emperador Franc\u00e9s Napole\u00f3n I.<\/p>\n<p><!-- \/wp:paragraph --><\/p>\n<p><!-- wp:paragraph {\"textColor\":\"very-dark-gray\"} --><\/p>\n<p>Tu juegas las coaliciones &#8220;mon\u00e1rquicas&#8221; de Europa &#8211; lideradas por Gran Breta\u00f1a &#8211; luchando por deponer al &#8216;Ogro Corso&#8217; y restaurar la paz, el orden y una pizca del Divino Derecho de los Reyes sobre el Continente.<\/p>\n<p><!-- \/wp:paragraph --><\/p>\n<p><!-- wp:paragraph {\"textColor\":\"very-dark-gray\"} --><\/p>\n<p>N no es una detallada y t\u00e1ctica simulaci\u00f3n hist\u00f3rica, pero est\u00e1 dise\u00f1ado como un divertido, desafiante juego ilustrando el curso general de las guerras y sus temas hist\u00f3ricos.<\/p>\n<p><!-- \/wp:paragraph --><\/p>\n<p><!-- wp:image {\"id\":2601,\"align\":\"center\"} --><\/p>\n<div>\n<figure><img src=\"https:\/\/www.hqwargames.com\/wp-content\/uploads\/2021\/11\/UltimoMapa-1024x745.png\" alt=\"\"><\/figure>\n<\/div>\n<p><!-- \/wp:image --><\/p>\n<p><!-- wp:paragraph {\"textColor\":\"very-dark-gray\"} --><\/p>\n<p>N es el segundo t\u00edtulo en la Trilog\u00eda de Guerras Brit\u00e1nicas, y est\u00e1 basado en el juego &#8220;Don&#8217;t tread on Me&#8221;, el juego de la Guerra de Independencia Americana (White Dog Games 2014\/15). Si has jugado DTOM muchas de las mec\u00e1nicas de &#8220;N&#8221; te ser\u00e1n familiares.<\/p>\n<p><!-- \/wp:paragraph --><\/p>\n<p><!-- wp:paragraph {\"textColor\":\"very-dark-gray\"} --><\/p>\n<p>Cada uno de los 16 turnos lleva unos 10 minutos de juego (algo m\u00e1s para principiantes). Hay dos escenarios cortos si no quieres jugar la gran campa\u00f1a de tres d\u00e9cadas.<\/p>\n<p><!-- \/wp:paragraph --><\/p>\n<p><!-- wp:list --><\/p>\n<ul>\n<li>R. Ben Madison, del reglamento de N<\/li>\n<\/ul>\n<p><!-- \/wp:list --><\/p>\n<p><!-- wp:heading {\"level\":4} --><\/p>\n<h4>Componentes del juego:<\/h4>\n<p><!-- \/wp:heading --><\/p>\n<p><!-- wp:paragraph --><\/p>\n<p>Mapa de Juego 44cm x 28cm<br>176 Fichas y marcadores a doble cara de 16mm<br>1 Reglamento a todo color (14-p\u00e1ginas)<br>1 Libro de escenarios y eventos (8 p\u00e1ginas)<br>1 Hoja de ayuda (doble cara)<br>1 Carta de registro del turno<br>1 Carta de despliegue de unidades<br>3 Dados<\/p>\n<p><!-- \/wp:paragraph --><\/p>\n<p><!-- wp:image {\"id\":1324,\"align\":\"center\"} --><\/p>\n<div>\n<figure><img loading=\"lazy\" src=\"https:\/\/www.hqwargames.com\/wp-content\/uploads\/2022\/03\/Fichas_Promo.png\" alt=\"\" width=\"566\" height=\"142\"><\/figure>\n<\/div>\n<p><!-- \/wp:image --><\/p>\n<p><!-- wp:paragraph {\"textColor\":\"very-dark-gray\"} --><\/p>\n<p>N: Las Guerras Napole\u00f3nicas est\u00e1 disponible como juego en caja, en versi\u00f3n en Castellano. Esta es una fiel traducci\u00f3n de la versi\u00f3n original publicada por White Dog Games. No se cambian los componentes originales salvo para mejorar el acabado de aquellos susceptibles de hacerlo o bien para corregir erratas detectadas en la producci\u00f3n del juego original de WDG.<\/p>\n<p><!-- \/wp:paragraph --><\/p>\n<p><!-- wp:paragraph {\"textColor\":\"very-dark-gray\"} --><\/p>\n<p>Los componentes de la versi\u00f3n que publicamos han sido mejorados con respecto a la versi\u00f3n original no solo en dise\u00f1o gr\u00e1fico sino tambi\u00e9n incluyendo tablero montado, caja r\u00edgida, troquel de fichas con esquinas redondeadas, libreto de reglas completamente en color y calidad &#8220;glossy&#8221;, as\u00ed como hojas de ayuda en color y alta calidad.<\/p>\n<p><b><u>Descargas<\/u><\/b>:<\/p>\n<p><a href=\"https:\/\/www.hqwargames.com\/wp-content\/uploads\/2023\/01\/Reglas_v1.3.pdf\" target=\"_blank\" rel=\"noopener\">Reglamento del juego<\/a><\/p>\n<p><a href=\"https:\/\/www.hqwargames.com\/wp-content\/uploads\/2023\/01\/Escenarios_v1.3.pdf\" target=\"_blank\" rel=\"noopener\">Libro de escenarios<\/a><\/p>\n<p><\/p>\n<p><!-- \/wp:paragraph --><\/p>\n<p><!-- wp:paragraph {\"textColor\":\"very-dark-gray\"} --><\/p>\n<p><span style=\"color: #7a7a7a; font-family: Roboto; font-size: 14px; font-style: normal; font-variant-ligatures: normal; font-variant-caps: normal; font-weight: bold;\">&nbsp;<\/span><\/p>\n<p><span style=\"color: #7a7a7a; font-family: Roboto; font-size: 14px; font-style: normal; font-variant-ligatures: normal; font-variant-caps: normal; font-weight: bold;\">HEADQUARTER S\u00d3LO VENDER\u00c1 EL JUEGO EN EUROPA dado el acuerdo firmado con White Dog Games.<\/span><\/p>\n<p><!-- \/wp:image --><\/p>\n<p><!-- wp:heading {\"align\":\"center\"} --><\/p>\n<h2 style=\"text-align: center;\">Disponible en nuestra tienda online.<\/h2>\n<p><!-- \/wp:button --><\/p>\t\t\t\t\t<\/div>\n\t\t\t\t\t\t<\/div>\n\t\t\t\t<\/div>\n\t\t\t\t<div class=\"elementor-element elementor-element-eaa1f54 elementor-align-center elementor-widget elementor-widget-button\" data-id=\"eaa1f54\" data-element_type=\"widget\" data-widget_type=\"button.default\">\n\t\t\t\t<div class=\"elementor-widget-container\">\n\t\t\t\t\t<div class=\"elementor-button-wrapper\">\n\t\t\t<a href=\"https:\/\/ecommerce.hqwargames.com\/index.php\" class=\"elementor-button-link elementor-button elementor-size-sm\" role=\"button\">\n\t\t\t\t\t\t<span class=\"elementor-button-content-wrapper\">\n\t\t\t\t\t\t<span class=\"elementor-button-text\">Ir a la tienda<\/span>\n\t\t<\/span>\n\t\t\t\t\t<\/a>\n\t\t<\/div>\n\t\t\t\t<\/div>\n\t\t\t\t<\/div>\n\t\t\t\t<div class=\"elementor-element elementor-element-ce31648 elementor-arrows-position-inside elementor-pagination-position-outside elementor-widget elementor-widget-image-carousel\" data-id=\"ce31648\" data-element_type=\"widget\" data-settings=\"{&quot;navigation&quot;:&quot;both&quot;,&quot;autoplay&quot;:&quot;yes&quot;,&quot;pause_on_hover&quot;:&quot;yes&quot;,&quot;pause_on_interaction&quot;:&quot;yes&quot;,&quot;autoplay_speed&quot;:5000,&quot;infinite&quot;:&quot;yes&quot;,&quot;speed&quot;:500}\" data-widget_type=\"image-carousel.default\">\n\t\t\t\t<div class=\"elementor-widget-container\">\n\t\t\t\t\t<div class=\"elementor-image-carousel-wrapper swiper-container\" dir=\"ltr\">\n\t\t\t<div class=\"elementor-image-carousel swiper-wrapper\">\n\t\t\t\t\t\t\t\t<div class=\"swiper-slide\"><figure class=\"swiper-slide-inner\"><img class=\"swiper-slide-image\" src=\"https:\/\/www.hqwargames.com\/wp-content\/uploads\/2020\/09\/BGG_Partida2-150x150.jpg\" alt=\"version WDG\" \/><\/figure><\/div><div class=\"swiper-slide\"><figure class=\"swiper-slide-inner\"><img class=\"swiper-slide-image\" src=\"https:\/\/www.hqwargames.com\/wp-content\/uploads\/2022\/03\/Hoja-de-Turnos-01-150x150.png\" alt=\"Version HQ\" \/><\/figure><\/div><div class=\"swiper-slide\"><figure class=\"swiper-slide-inner\"><img class=\"swiper-slide-image\" src=\"https:\/\/www.hqwargames.com\/wp-content\/uploads\/2022\/12\/IMG_20221215_090422-150x150.jpg\" alt=\"IMG_20221215_090422\" \/><\/figure><\/div>\t\t\t<\/div>\n\t\t\t\t\t\t\t\t\t\t\t\t<div class=\"swiper-pagination\"><\/div>\n\t\t\t\t\t\t\t\t\t\t\t\t\t<div class=\"elementor-swiper-button elementor-swiper-button-prev\">\n\t\t\t\t\t\t<i aria-hidden=\"true\" class=\"eicon-chevron-left\"><\/i>\t\t\t\t\t\t<span class=\"elementor-screen-only\">Previous<\/span>\n\t\t\t\t\t<\/div>\n\t\t\t\t\t<div class=\"elementor-swiper-button elementor-swiper-button-next\">\n\t\t\t\t\t\t<i aria-hidden=\"true\" class=\"eicon-chevron-right\"><\/i>\t\t\t\t\t\t<span class=\"elementor-screen-only\">Next<\/span>\n\t\t\t\t\t<\/div>\n\t\t\t\t\t\t\t\t\t<\/div>\n\t\t\t\t<\/div>\n\t\t\t\t<\/div>\n\t\t\t\t\t\t<\/div>\n\t\t\t\t\t<\/div>\n\t\t<\/div>\n\t\t\t\t\t\t\t\t<\/div>\n\t\t\t\t\t<\/div>\n\t\t<\/section>\n\t\t\t\t<section class=\"elementor-section elementor-top-section elementor-element elementor-element-f201452 elementor-section-boxed elementor-section-height-default elementor-section-height-default\" data-id=\"f201452\" data-element_type=\"section\">\n\t\t\t\t\t\t<div class=\"elementor-container elementor-column-gap-default\">\n\t\t\t\t\t\t\t<div class=\"elementor-row\">\n\t\t\t\t\t<div class=\"elementor-column elementor-col-100 elementor-top-column elementor-element elementor-element-8e4823e\" data-id=\"8e4823e\" data-element_type=\"column\">\n\t\t\t<div class=\"elementor-column-wrap elementor-element-populated\">\n\t\t\t\t\t\t\t<div class=\"elementor-widget-wrap\">\n\t\t\t\t\t\t<div class=\"elementor-element elementor-element-0ef632e elementor-widget elementor-widget-image\" data-id=\"0ef632e\" data-element_type=\"widget\" data-widget_type=\"image.default\">\n\t\t\t\t<div class=\"elementor-widget-container\">\n\t\t\t\t\t\t\t\t<div class=\"elementor-image\">\n\t\t\t\t\t\t\t\t\t<figure class=\"wp-caption\">\n\t\t\t\t\t\t\t\t\t\t<img width=\"768\" height=\"510\" src=\"https:\/\/www.hqwargames.com\/wp-content\/uploads\/2023\/09\/N_01-768x510.jpg\" class=\"attachment-medium_large size-medium_large\" alt=\"\" loading=\"lazy\" srcset=\"https:\/\/www.hqwargames.com\/wp-content\/uploads\/2023\/09\/N_01-768x510.jpg 768w, https:\/\/www.hqwargames.com\/wp-content\/uploads\/2023\/09\/N_01-300x199.jpg 300w, https:\/\/www.hqwargames.com\/wp-content\/uploads\/2023\/09\/N_01-1024x680.jpg 1024w, https:\/\/www.hqwargames.com\/wp-content\/uploads\/2023\/09\/N_01.jpg 1210w\" sizes=\"(max-width: 768px) 100vw, 768px\" \/>\t\t\t\t\t\t\t\t\t\t\t<figcaption class=\"widget-image-caption wp-caption-text\"><\/figcaption>\n\t\t\t\t\t\t\t\t\t\t<\/figure>\n\t\t\t\t\t\t\t\t<\/div>\n\t\t\t\t\t\t<\/div>\n\t\t\t\t<\/div>\n\t\t\t\t<div class=\"elementor-element elementor-element-40c103e elementor-widget elementor-widget-image\" data-id=\"40c103e\" data-element_type=\"widget\" data-widget_type=\"image.default\">\n\t\t\t\t<div class=\"elementor-widget-container\">\n\t\t\t\t\t\t\t\t<div class=\"elementor-image\">\n\t\t\t\t\t\t\t\t\t<figure class=\"wp-caption\">\n\t\t\t\t\t\t\t\t\t\t<img width=\"768\" height=\"432\" src=\"https:\/\/www.hqwargames.com\/wp-content\/uploads\/2022\/02\/N_Vista-Final-768x432.png\" class=\"attachment-medium_large size-medium_large\" alt=\"\" loading=\"lazy\" srcset=\"https:\/\/www.hqwargames.com\/wp-content\/uploads\/2022\/02\/N_Vista-Final-768x432.png 768w, https:\/\/www.hqwargames.com\/wp-content\/uploads\/2022\/02\/N_Vista-Final-300x169.png 300w, https:\/\/www.hqwargames.com\/wp-content\/uploads\/2022\/02\/N_Vista-Final-1024x576.png 1024w, https:\/\/www.hqwargames.com\/wp-content\/uploads\/2022\/02\/N_Vista-Final.png 1280w\" sizes=\"(max-width: 768px) 100vw, 768px\" \/>\t\t\t\t\t\t\t\t\t\t\t<figcaption class=\"widget-image-caption wp-caption-text\">Imagen Digital<\/figcaption>\n\t\t\t\t\t\t\t\t\t\t<\/figure>\n\t\t\t\t\t\t\t\t<\/div>\n\t\t\t\t\t\t<\/div>\n\t\t\t\t<\/div>\n\t\t\t\t<div class=\"elementor-element elementor-element-4fa9fc2 elementor-widget elementor-widget-image\" data-id=\"4fa9fc2\" data-element_type=\"widget\" data-widget_type=\"image.default\">\n\t\t\t\t<div class=\"elementor-widget-container\">\n\t\t\t\t\t\t\t\t<div class=\"elementor-image\">\n\t\t\t\t\t\t\t\t\t<figure class=\"wp-caption\">\n\t\t\t\t\t\t\t\t\t\t<img width=\"768\" height=\"559\" src=\"https:\/\/www.hqwargames.com\/wp-content\/uploads\/2022\/03\/Mapa_N-768x559.png\" class=\"attachment-medium_large size-medium_large\" alt=\"\" loading=\"lazy\" srcset=\"https:\/\/www.hqwargames.com\/wp-content\/uploads\/2022\/03\/Mapa_N-768x559.png 768w, https:\/\/www.hqwargames.com\/wp-content\/uploads\/2022\/03\/Mapa_N-300x218.png 300w, https:\/\/www.hqwargames.com\/wp-content\/uploads\/2022\/03\/Mapa_N-1024x746.png 1024w\" sizes=\"(max-width: 768px) 100vw, 768px\" \/>\t\t\t\t\t\t\t\t\t\t\t<figcaption class=\"widget-image-caption wp-caption-text\">Imagen Digital<\/figcaption>\n\t\t\t\t\t\t\t\t\t\t<\/figure>\n\t\t\t\t\t\t\t\t<\/div>\n\t\t\t\t\t\t<\/div>\n\t\t\t\t<\/div>\n\t\t\t\t\t\t<\/div>\n\t\t\t\t\t<\/div>\n\t\t<\/div>\n\t\t\t\t\t\t\t\t<\/div>\n\t\t\t\t\t<\/div>\n\t\t<\/section>\n\t\t\t\t<section class=\"elementor-section elementor-top-section elementor-element elementor-element-34b3161 elementor-section-boxed elementor-section-height-default elementor-section-height-default\" data-id=\"34b3161\" data-element_type=\"section\">\n\t\t\t\t\t\t<div class=\"elementor-container elementor-column-gap-default\">\n\t\t\t\t\t\t\t<div class=\"elementor-row\">\n\t\t\t\t\t<div class=\"elementor-column elementor-col-100 elementor-top-column elementor-element elementor-element-1c006c8\" data-id=\"1c006c8\" data-element_type=\"column\">\n\t\t\t<div class=\"elementor-column-wrap elementor-element-populated\">\n\t\t\t\t\t\t\t<div class=\"elementor-widget-wrap\">\n\t\t\t\t\t\t<div class=\"elementor-element elementor-element-ec60ec8 elementor-aspect-ratio-169 elementor-widget elementor-widget-video\" data-id=\"ec60ec8\" data-element_type=\"widget\" data-settings=\"{&quot;youtube_url&quot;:&quot;https:\\\/\\\/www.youtube.com\\\/watch?v=NRf6y4jybp4&quot;,&quot;video_type&quot;:&quot;youtube&quot;,&quot;controls&quot;:&quot;yes&quot;,&quot;aspect_ratio&quot;:&quot;169&quot;}\" data-widget_type=\"video.default\">\n\t\t\t\t<div class=\"elementor-widget-container\">\n\t\t\t\t\t<div class=\"elementor-wrapper elementor-fit-aspect-ratio elementor-open-inline\">\n\t\t\t<div class=\"elementor-video\"><\/div>\t\t<\/div>\n\t\t\t\t<\/div>\n\t\t\t\t<\/div>\n\t\t\t\t<div class=\"elementor-element elementor-element-100cf29 elementor-aspect-ratio-169 elementor-widget elementor-widget-video\" data-id=\"100cf29\" data-element_type=\"widget\" data-settings=\"{&quot;youtube_url&quot;:&quot;https:\\\/\\\/www.youtube.com\\\/watch?v=-FptrqbuXpA&amp;list=PLo8km4GdYfXtzRbSVdQTdgJgpiEMQQ74G&quot;,&quot;video_type&quot;:&quot;youtube&quot;,&quot;controls&quot;:&quot;yes&quot;,&quot;aspect_ratio&quot;:&quot;169&quot;}\" data-widget_type=\"video.default\">\n\t\t\t\t<div class=\"elementor-widget-container\">\n\t\t\t\t\t<div class=\"elementor-wrapper elementor-fit-aspect-ratio elementor-open-inline\">\n\t\t\t<div class=\"elementor-video\"><\/div>\t\t<\/div>\n\t\t\t\t<\/div>\n\t\t\t\t<\/div>\n\t\t\t\t\t\t<\/div>\n\t\t\t\t\t<\/div>\n\t\t<\/div>\n\t\t\t\t\t\t\t\t<\/div>\n\t\t\t\t\t<\/div>\n\t\t<\/section>\n\t\t\t\t\t\t\t\t\t<\/div>\n\t\t\t<\/div>\n\t\t\t\t\t<\/div>\n\t\t","protected":false},"excerpt":{"rendered":"<p>N: Las Guerras Napole\u00f3nicas N: Las Guerras Napole\u00f3nicas es un juego solitario de gran estrategia a alto nivel. El juego representa las d\u00e9cadas turbulentas desde 1792 a 1815, cuando Europa estaba convulsa por la Revoluci\u00f3n Francesa y las guerras del Emperador Franc\u00e9s Napole\u00f3n I. Tu juegas las coaliciones &#8220;mon\u00e1rquicas&#8221; de Europa &#8211; lideradas por Gran [&hellip;]<\/p>\n","protected":false},"author":1,"featured_media":0,"parent":0,"menu_order":0,"comment_status":"closed","ping_status":"closed","template":"","meta":[],"_links":{"self":[{"href":"https:\/\/www.hqwargames.com\/index.php\/wp-json\/wp\/v2\/pages\/1260"}],"collection":[{"href":"https:\/\/www.hqwargames.com\/index.php\/wp-json\/wp\/v2\/pages"}],"about":[{"href":"https:\/\/www.hqwargames.com\/index.php\/wp-json\/wp\/v2\/types\/page"}],"author":[{"embeddable":true,"href":"https:\/\/www.hqwargames.com\/index.php\/wp-json\/wp\/v2\/users\/1"}],"replies":[{"embeddable":true,"href":"https:\/\/www.hqwargames.com\/index.php\/wp-json\/wp\/v2\/comments?post=1260"}],"version-history":[{"count":170,"href":"https:\/\/www.hqwargames.com\/index.php\/wp-json\/wp\/v2\/pages\/1260\/revisions"}],"predecessor-version":[{"id":4046,"href":"https:\/\/www.hqwargames.com\/index.php\/wp-json\/wp\/v2\/pages\/1260\/revisions\/4046"}],"wp:attachment":[{"href":"https:\/\/www.hqwargames.com\/index.php\/wp-json\/wp\/v2\/media?parent=1260"}],"curies":[{"name":"wp","href":"https:\/\/api.w.org\/{rel}","templated":true}]}}